{"id":90,"date":"2019-01-18T19:20:23","date_gmt":"2019-01-18T18:20:23","guid":{"rendered":"https:\/\/recourir.com\/?page_id=90"},"modified":"2026-03-13T18:26:44","modified_gmt":"2026-03-13T17:26:44","slug":"contact","status":"publish","type":"page","link":"https:\/\/yoann-conte.com\/es\/contact\/","title":{"rendered":"Contacto"},"content":{"rendered":"<div class=\"wpb-content-wrapper\"><div class=\"vc_row wpb_row vc_row-fluid vc_custom_1760964996681 mpc-row\"><div class=\"wpb_column vc_column_container vc_col-sm-6 mpc-column\" data-column-id=\"mpc_column-8469d28a6466679\"><div class=\"vc_column-inner\"><div class=\"wpb_wrapper\"><\/div><\/div><\/div><div class=\"wpb_column vc_column_container vc_col-sm-6 mpc-column\" data-column-id=\"mpc_column-5569d28a64667c4\"><div class=\"vc_column-inner\"><div class=\"wpb_wrapper\"><\/div><\/div><\/div><div class=\"wpb_column vc_column_container vc_col-sm-12 mpc-column\" data-column-id=\"mpc_column-2469d28a6466b65\"><div class=\"vc_column-inner\"><div class=\"wpb_wrapper\"><div class=\"vc_empty_space\" style=\"height: 32px\"><span class=\"vc_empty_space_inner\"><\/span><\/div><div class=\"vc_empty_space\" style=\"height: 32px\"><span class=\"vc_empty_space_inner\"><\/span><\/div>\n\t<div class=\"wpb_text_column wpb_content_element\">\n\t\t<div class=\"wpb_wrapper\">\n\t\t\t<p style=\"text-align: center;\"><span style=\"font-family: bon-vivant-serif; font-size: 36pt;\">BONJOUR<\/span><\/p>\n<p style=\"text-align: center;\"><span style=\"font-family: bon-vivant-serif; font-size: 36pt;\">&nbsp;<\/span><\/p>\n<p style=\"text-align: center;\"><span class=\"OYPEnA text-decoration-none text-strikethrough-none\" style=\"font-size: 14pt; font-family: josefin-sans;\">Nous sommes &agrave; votre enti&egrave;re disposition pour r&eacute;pondre &agrave; toutes vos questions et vous offrir un service personnalis&eacute; d&rsquo;exception.<br>\nN&rsquo;h&eacute;sitez pas &agrave; nous solliciter pour toute demande particuli&egrave;re ou renseignement.<\/span><\/p>\n\n\t\t<\/div>\n\t<\/div>\n<\/div><\/div><\/div><\/div><div class=\"vc_row wpb_row vc_row-fluid vc_custom_1709654174341 vc_row-o-equal-height vc_row-flex mpc-row\" data-row-id=\"mpc_row-4369d28a646dcba\"><div class=\"mpc-overlay mpc-overlay--first\" data-speed=\"25\"><\/div><div class=\"wpb_column vc_column_container vc_col-sm-12 mpc-column\" data-column-id=\"mpc_column-2769d28a646db0d\"><div class=\"vc_column-inner vc_custom_1709136907925\"><div class=\"wpb_wrapper\"><div class=\"vc_row wpb_row vc_inner vc_row-fluid vc_column-gap-30 vc_row-o-equal-height vc_row-o-content-middle vc_row-flex mpc-row\"><div class=\"wpb_column vc_column_container vc_col-sm-6 vc_col-has-fill mpc-column\" data-column-id=\"mpc_column-7269d28a6467fff\"><div class=\"vc_column-inner vc_custom_1712212572575\"><div class=\"wpb_wrapper\">\n\t<div class=\"wpb_single_image wpb_content_element vc_align_center wpb_content_element\">\n\t\t\n\t\t<figure class=\"wpb_wrapper vc_figure\">\n\t\t\t<div class=\"vc_single_image-wrapper   vc_box_border_grey\"><img loading=\"lazy\" decoding=\"async\" width=\"1707\" height=\"2560\" src=\"https:\/\/yoann-conte.com\/wp-content\/uploads\/2024\/03\/conte-portrait-foudimages-045-scaled.jpg\" class=\"vc_single_image-img attachment-full\" alt=\"\" title=\"conte-portrait-foudimages-045\" srcset=\"https:\/\/yoann-conte.com\/wp-content\/uploads\/2024\/03\/conte-portrait-foudimages-045-scaled.jpg 1707w, https:\/\/yoann-conte.com\/wp-content\/uploads\/2024\/03\/conte-portrait-foudimages-045-1280x1920.jpg 1280w, https:\/\/yoann-conte.com\/wp-content\/uploads\/2024\/03\/conte-portrait-foudimages-045-980x1470.jpg 980w, https:\/\/yoann-conte.com\/wp-content\/uploads\/2024\/03\/conte-portrait-foudimages-045-480x720.jpg 480w\" sizes=\"(min-width: 0px) and (max-width: 480px) 480px, (min-width: 481px) and (max-width: 980px) 980px, (min-width: 981px) and (max-width: 1280px) 1280px, (min-width: 1281px) 1707px, 100vw\"><\/div>\n\t\t<\/figure>\n\t<\/div>\n<\/div><\/div><\/div><div class=\"wpb_column vc_column_container vc_col-sm-6 mpc-column\" data-column-id=\"mpc_column-8669d28a646d678\"><div class=\"vc_column-inner\"><div class=\"wpb_wrapper\">\n\t<div class=\"wpb_text_column wpb_content_element vc_custom_1712212980100\">\n\t\t<div class=\"wpb_wrapper\">\n\t\t\t<p style=\"text-align: center;\"><\/p><div class=\"fluentform ff-default fluentform_wrapper_1 ffs_default_wrap\"><form data-form_id=\"1\" id=\"fluentform_1\" class=\"frm-fluent-form fluent_form_1 ff-el-form-top ff_form_instance_1_1 ff-form-loading ff_has_v3_recptcha ffs_default\" data-form_instance=\"ff_form_instance_1_1\" method=\"POST\" data-recptcha_key=\"6LeyEoApAAAAAN9o1smJB20ixqjnpmRAy36trR4j\"><fieldset style=\"border: none!important;margin: 0!important;padding: 0!important;background-color: transparent!important;box-shadow: none!important;outline: none!important; min-inline-size: 100%;\">\n                    <legend class=\"ff_screen_reader_title\" style=\"display: block; margin: 0!important;padding: 0!important;height: 0!important;text-indent: -999999px;width: 0!important;overflow:hidden;\">Formulaire de contact<\/legend>        <div style=\"display: none!important; position: absolute!important; transform: translateX(1000%)!important;\" class=\"ff-el-group ff-hpsf-container\">\n            <div class=\"ff-el-input--label asterisk-right\">\n                <label for=\"ff_1_item_sf\" aria-label=\"Newsletter\">\n                    Newsletter                <\/label>\n            <\/div>\n            <div class=\"ff-el-input--content\">\n                <input type=\"text\" name=\"item_1__fluent_sf\" class=\"ff-el-form-control\" id=\"ff_1_item_sf\">\n            <\/div>\n        <\/div>\n        <input type=\"hidden\" name=\"__fluent_form_embded_post_id\" value=\"90\"><input type=\"hidden\" id=\"_fluentform_1_fluentformnonce\" name=\"_fluentform_1_fluentformnonce\" value=\"c6108b14a4\"><input type=\"hidden\" name=\"_wp_http_referer\" value=\"\/es\/wp-json\/wp\/v2\/pages\/90\"><div class=\"ff-el-group\"><div class=\"ff-el-input--label asterisk-right\"><label for=\"ff_1_dropdown\" id=\"label_ff_1_dropdown\" aria-label=\"Qui voulez-vous contacter ?\">Qui voulez-vous contacter ?<\/label><\/div><div class=\"ff-el-input--content\"><select name=\"dropdown\" id=\"ff_1_dropdown\" class=\"ff-el-form-control\" data-name=\"dropdown\" data-calc_value=\"0\" tabindex=\"1\" aria-invalid=\"false\" aria-required=\"false\" aria-labelledby=\"label_ff_1_dropdown\"><option value=\"Restaurant La Table de Yoann\">Restaurant La Table de Yoann<\/option><option value=\"Restaurant Le ROC\">Restaurant Le ROC<\/option><option value=\"R&eacute;servations\">R&eacute;servations<\/option><option value=\"H&ocirc;tel\">H&ocirc;tel<\/option><option value=\"Conciergerie\">Conciergerie<\/option><option value=\"Autre\">Autre<\/option><\/select><\/div><\/div><div class=\"ff-el-group  ff-custom_html\" tabindex=\"-1\" data-name=\"custom_html-1_1\"><\/div><div data-type=\"name-element\" data-name=\"names\" class=\" ff-field_container ff-name-field-wrapper\"><div class=\"ff-t-container\"><div class=\"ff-t-cell \"><div class=\"ff-el-group\"><div class=\"ff-el-input--label ff-el-is-required asterisk-right\"><label for=\"ff_1_names_first_name_\" id=\"label_ff_1_names_first_name_\">Nom<\/label><\/div><div class=\"ff-el-input--content\"><input type=\"text\" name=\"names[first_name]\" id=\"ff_1_names_first_name_\" class=\"ff-el-form-control\" tabindex=\"2\" aria-invalid=\"false\" aria-required=\"true\"><\/div><\/div><\/div><div class=\"ff-t-cell \"><div class=\"ff-el-group\"><div class=\"ff-el-input--label ff-el-is-required asterisk-right\"><label for=\"ff_1_names_last_name_\" id=\"label_ff_1_names_last_name_\">Pr&eacute;nom<\/label><\/div><div class=\"ff-el-input--content\"><input type=\"text\" name=\"names[last_name]\" id=\"ff_1_names_last_name_\" class=\"ff-el-form-control\" tabindex=\"3\" aria-invalid=\"false\" aria-required=\"true\"><\/div><\/div><\/div><\/div><\/div><div class=\"ff-el-group  ff-custom_html\" tabindex=\"-1\" data-name=\"custom_html-1_2\"><\/div><div data-name=\"ff_cn_id_1\" class=\"ff-t-container ff-column-container ff_columns_total_2 \"><div class=\"ff-t-cell ff-t-column-1\" style=\"flex-basis: 50%;\"><div class=\"ff-el-group\"><div class=\"ff-el-input--label ff-el-is-required asterisk-right\"><label for=\"ff_1_phone\" id=\"label_ff_1_phone\" aria-label=\"T&eacute;l&eacute;phone\">T&eacute;l&eacute;phone<\/label><\/div><div class=\"ff-el-input--content\"><input name=\"phone\" class=\"ff-el-form-control ff-el-phone\" type=\"tel\" data-name=\"phone\" id=\"ff_1_phone\" tabindex=\"4\" inputmode=\"tel\" aria-invalid=\"false\" aria-required=\"true\"><\/div><\/div><\/div><div class=\"ff-t-cell ff-t-column-2\" style=\"flex-basis: 50%;\"><div class=\"ff-el-group\"><div class=\"ff-el-input--label ff-el-is-required asterisk-right\"><label for=\"ff_1_email\" id=\"label_ff_1_email\" aria-label=\"E-mail\">E-mail<\/label><\/div><div class=\"ff-el-input--content\"><input type=\"email\" name=\"email\" id=\"ff_1_email\" class=\"ff-el-form-control\" data-name=\"email\" tabindex=\"5\" aria-invalid=\"false\" aria-required=\"true\"><\/div><\/div><\/div><\/div><div class=\"ff-el-group  ff-custom_html\" tabindex=\"-1\" data-name=\"custom_html-1_3\"><\/div><div class=\"ff-el-group\"><div class=\"ff-el-input--label asterisk-right\"><label for=\"ff_1_message\" id=\"label_ff_1_message\" aria-label=\"Votre message\">Votre message<\/label><\/div><div class=\"ff-el-input--content\"><textarea aria-required=\"false\" aria-labelledby=\"label_ff_1_message\" name=\"message\" id=\"ff_1_message\" class=\"ff-el-form-control\" rows=\"4\" cols=\"2\" data-name=\"message\" tabindex=\"6\"><\/textarea><\/div><\/div><div class=\"ff-el-group ff-text-center ff_submit_btn_wrapper\"><button type=\"submit\" class=\"ff-btn ff-btn-submit ff-btn-lg ff_btn_style wpf_has_custom_css\" tabindex=\"7\" aria-label=\"Envoyer\">Envoyer<\/button><\/div><\/fieldset><\/form><div id=\"fluentform_1_errors\" class=\"ff-errors-in-stack ff_form_instance_1_1 ff-form-loading_errors ff_form_instance_1_1_errors\"><\/div><\/div>            <script type=\"text\/javascript\">\n                window.fluent_form_ff_form_instance_1_1 = {\"id\":\"1\",\"settings\":{\"layout\":{\"labelPlacement\":\"top\",\"helpMessagePlacement\":\"with_label\",\"errorMessagePlacement\":\"inline\",\"cssClassName\":\"\",\"asteriskPlacement\":\"asterisk-right\"},\"restrictions\":{\"denyEmptySubmission\":{\"enabled\":false}}},\"form_instance\":\"ff_form_instance_1_1\",\"form_id_selector\":\"fluentform_1\",\"rules\":{\"dropdown\":{\"required\":{\"value\":false,\"message\":\"Ce champ est obligatoire\",\"global_message\":\"Ce champ est obligatoire\",\"global\":true}},\"names[first_name]\":{\"required\":{\"value\":true,\"message\":\"This field is required\",\"global\":false,\"global_message\":\"Ce champ est obligatoire\"}},\"names[middle_name]\":{\"required\":{\"value\":false,\"message\":\"This field is required\",\"global\":false,\"global_message\":\"Ce champ est obligatoire\"}},\"names[last_name]\":{\"required\":{\"value\":true,\"message\":\"This field is required\",\"global\":false,\"global_message\":\"Ce champ est obligatoire\"}},\"phone\":{\"required\":{\"value\":true,\"message\":\"Ce champ est requis\",\"global\":false,\"global_message\":\"Ce champ est obligatoire\"},\"valid_phone_number\":{\"value\":false,\"message\":\"Le num\\u00e9ro de t\\u00e9l\\u00e9phone n'est pas valide\",\"global\":false,\"global_message\":\"Le num\\u00e9ro de t\\u00e9l\\u00e9phone n'est pas valide\"}},\"email\":{\"required\":{\"value\":true,\"message\":\"Ce champ est obligatoire\",\"global_message\":\"Ce champ est obligatoire\",\"global\":true},\"email\":{\"value\":true,\"message\":\"Ce champ doit contenir un e-mail valide\",\"global_message\":\"Ce champ doit contenir un e-mail valide\",\"global\":true}},\"message\":{\"required\":{\"value\":false,\"message\":\"This field is required\",\"global\":false,\"global_message\":\"Ce champ est obligatoire\"}}},\"debounce_time\":300};\n                            <\/script>\n            \n\n\t\t<\/div>\n\t<\/div>\n<\/div><\/div><\/div><\/div><\/div><\/div><\/div><\/div><div class=\"vc_row wpb_row vc_row-fluid mpc-row\"><div class=\"wpb_column vc_column_container vc_col-sm-3 mpc-column\" data-column-id=\"mpc_column-9369d28a646e125\"><div class=\"vc_column-inner\"><div class=\"wpb_wrapper\">\n\t<div class=\"wpb_text_column wpb_content_element\">\n\t\t<div class=\"wpb_wrapper\">\n\t\t\t\n\t\t<\/div>\n\t<\/div>\n<\/div><\/div><\/div><div class=\"wpb_column vc_column_container vc_col-sm-6 mpc-column\" data-column-id=\"mpc_column-169d28a646e416\"><div class=\"vc_column-inner\"><div class=\"wpb_wrapper\"><div class=\"vc_empty_space\" style=\"height: 100px\"><span class=\"vc_empty_space_inner\"><\/span><\/div>\n\t<div class=\"wpb_text_column wpb_content_element\">\n\t\t<div class=\"wpb_wrapper\">\n\t\t\t<p style=\"text-align: center;\"><span style=\"font-family: bon-vivant-serif;\"><span style=\"font-size: 36pt;\">NOUS LOCALISER&nbsp;<\/span><\/span><\/p>\n\n\t\t<\/div>\n\t<\/div>\n<div class=\"vc_empty_space\" style=\"height: 50px\"><span class=\"vc_empty_space_inner\"><\/span><\/div><\/div><\/div><\/div><div class=\"wpb_column vc_column_container vc_col-sm-3 mpc-column\" data-column-id=\"mpc_column-169d28a646e536\"><div class=\"vc_column-inner\"><div class=\"wpb_wrapper\"><\/div><\/div><\/div><\/div><div class=\"vc_row wpb_row vc_row-fluid vc_column-gap-30 vc_row-o-equal-height vc_row-flex mpc-row\"><div class=\"wpb_column vc_column_container vc_col-sm-6 mpc-column\" data-column-id=\"mpc_column-3369d28a646e9bc\"><div class=\"vc_column-inner\"><div class=\"wpb_wrapper\">\n\t<div class=\"wpb_text_column wpb_content_element vc_custom_1773422788580\">\n\t\t<div class=\"wpb_wrapper\">\n\t\t\t<p><span style=\"font-family: josefin-sans; font-size: 14pt;\"><strong>Adresse :<\/strong> 13, vieille route des Pensi&egrave;res 74290 Veyrier-du-lac<\/span><\/p>\n<p><span style=\"font-family: josefin-sans; font-size: 14pt;\"><strong>Mail :<\/strong> <span style=\"color: #333333;\"><a style=\"color: #333333;\" href=\"mailto:contact@yoann-conte.com\">contact@yoann-conte.com<\/a><\/span><\/span><\/p>\n<p><span style=\"font-family: josefin-sans; font-size: 14pt;\"><strong>T&eacute;l&eacute;phone :<\/strong> <span style=\"color: #333333;\"><a style=\"color: #333333;\" href=\"tel:%20+33%20(0)4%2050%2009%2097%2049\">+33 (0)4 50 09 97 49<\/a><br>\n<strong>Ou :<\/strong>&nbsp; <a href=\"tel:%20+33%20(0)6%2038%2028%2005%2034\"><span style=\"font-size: 14pt;\">+33 (0)6 38 28 05 34<\/span><\/a><\/span><\/span><\/p>\n<p><span style=\"font-family: josefin-sans;\"><strong><span style=\"font-size: 14pt;\">En train :<\/span><\/strong><\/span><\/p>\n<p><span style=\"font-family: josefin-sans; font-size: 14pt;\">Gare d&rsquo;Annecy &agrave; 6 km.<\/span><\/p>\n<p><span style=\"font-family: josefin-sans;\"><strong><span style=\"font-size: 14pt;\">En avion :<\/span><\/strong><\/span><\/p>\n<p><span style=\"font-family: josefin-sans; font-size: 14pt;\">A&eacute;roport International de Gen&egrave;ve-Cointrin : &agrave; 47 km (environ 45 min en voiture).<\/span><\/p>\n<p><span style=\"font-family: josefin-sans; font-size: 14pt;\">A&eacute;roport de Lyon St. Exup&eacute;ry : &agrave; 129 km (1 h 30 en passant par l&rsquo;A43)<\/span><\/p>\n\n\t\t<\/div>\n\t<\/div>\n<\/div><\/div><\/div><div class=\"wpb_column vc_column_container vc_col-sm-6 mpc-column\" data-column-id=\"mpc_column-3469d28a646eccb\"><div class=\"vc_column-inner\"><div class=\"wpb_wrapper\"><div class=\"wpb_gmaps_widget wpb_content_element\"><div class=\"wpb_wrapper\"><div class=\"wpb_map_wraper\"><iframe src=\"https:\/\/www.google.com\/maps\/embed?pb=!1m14!1m8!1m3!1d11108.479405980988!2d6.1720261!3d45.888916!3m2!1i1024!2i768!4f13.1!3m3!1m2!1s0x478b91d7e92124bd%3A0xf35177f025064522!2sH%C3%B4tel%20et%20restaurant%20La%20Maison%20Bleue%20par%20Yoann%20Conte!5e0!3m2!1sfr!2sfr!4v1708939435910!5m2!1sfr!2sfr\" width=\"1400\" height=\"450\" style=\"border:0;\" allowfullscreen=\"\" loading=\"lazy\" referrerpolicy=\"no-referrer-when-downgrade\"><\/iframe><\/div><\/div><\/div><\/div><\/div><\/div><\/div><div class=\"vc_row wpb_row vc_row-fluid mpc-row\"><div class=\"wpb_column vc_column_container vc_col-sm-3 mpc-column\" data-column-id=\"mpc_column-2069d28a646f272\"><div class=\"vc_column-inner\"><div class=\"wpb_wrapper\">\n\t<div class=\"wpb_text_column wpb_content_element\">\n\t\t<div class=\"wpb_wrapper\">\n\t\t\t\n\t\t<\/div>\n\t<\/div>\n<\/div><\/div><\/div><div class=\"wpb_column vc_column_container vc_col-sm-6 mpc-column\" data-column-id=\"mpc_column-8969d28a646f579\"><div class=\"vc_column-inner\"><div class=\"wpb_wrapper\"><div class=\"vc_empty_space\" style=\"height: 100px\"><span class=\"vc_empty_space_inner\"><\/span><\/div>\n\t<div class=\"wpb_text_column wpb_content_element\">\n\t\t<div class=\"wpb_wrapper\">\n\t\t\t<p style=\"text-align: center;\"><span style=\"font-family: bon-vivant-serif;\"><span style=\"font-size: 36pt;\">TRANSPORTS &Agrave; PROXIMIT&Eacute;<\/span><\/span><\/p>\n\n\t\t<\/div>\n\t<\/div>\n<\/div><\/div><\/div><div class=\"wpb_column vc_column_container vc_col-sm-3 mpc-column\" data-column-id=\"mpc_column-6369d28a646f6d3\"><div class=\"vc_column-inner\"><div class=\"wpb_wrapper\"><\/div><\/div><\/div><\/div><div class=\"vc_row wpb_row vc_row-fluid mpc-row\"><div class=\"wpb_column vc_column_container vc_col-sm-3 mpc-column\" data-column-id=\"mpc_column-6869d28a646fa4f\"><div class=\"vc_column-inner\"><div class=\"wpb_wrapper\"><\/div><\/div><\/div><div class=\"wpb_column vc_column_container vc_col-sm-6 mpc-column\" data-column-id=\"mpc_column-7369d28a646fd5a\"><div class=\"vc_column-inner\"><div class=\"wpb_wrapper\">\n\t<div class=\"wpb_text_column wpb_content_element\">\n\t\t<div class=\"wpb_wrapper\">\n\t\t\t<p><span style=\"font-family: josefin-sans; font-size: 14pt;\"><strong>Les V&eacute;lonecy :<\/strong> situ&eacute;s &agrave; seulement 5 minutes de marche de notre &eacute;tablissement, vous aurez acc&egrave;s aux bornes V&eacute;lonecy proposant des v&eacute;los urbains &eacute;lectriques ou classiques.<\/span><\/p>\n<p><span style=\"font-family: josefin-sans; font-size: 14pt;\"><strong>Bus de ville :<\/strong> nous b&eacute;n&eacute;ficions d&rsquo;un arr&ecirc;t de bus &agrave; quelques minutes de notre &eacute;tablissement, avec un service toutes les 40 minutes, permettant de rejoindre Annecy en 15 minutes depuis l&rsquo;arr&ecirc;t du t&eacute;l&eacute;ph&eacute;rique, ligne 60 en direction d&rsquo;Annecy. Les transports en bus sont gratuits du 1er juillet au 31 ao&ucirc;t.<\/span><\/p>\n\n\t\t<\/div>\n\t<\/div>\n<div class=\"vc_empty_space\" style=\"height: 100px\"><span class=\"vc_empty_space_inner\"><\/span><\/div><\/div><\/div><\/div><div class=\"wpb_column vc_column_container vc_col-sm-3 mpc-column\" data-column-id=\"mpc_column-4569d28a646feb9\"><div class=\"vc_column-inner\"><div class=\"wpb_wrapper\"><\/div><\/div><\/div><\/div>\n<\/div>","protected":false},"excerpt":{"rendered":"BONJOUR &nbsp; Nous sommes &agrave; votre enti&egrave;re disposition pour r&eacute;pondre &agrave; toutes vos questions et vous offrir un service personnalis&eacute; d'exception. N'h&eacute;sitez pas &agrave; nous solliciter pour toute demande particuli&egrave;re ou renseignement. Formulaire de contact Notify Qui voulez-vous contacter ?Restaurant La Table de YoannRestaurant Le ROCR&eacute;servationsH&ocirc;telConciergerieAutreNomPr&eacute;nomT&eacute;l&eacute;phoneE-mailVotre messageEnvoyer NOUS LOCALISER&nbsp; Adresse : 13, vieille route des","protected":false},"author":1,"featured_media":0,"parent":0,"menu_order":0,"comment_status":"closed","ping_status":"closed","template":"","meta":{"_et_pb_use_builder":"","_et_pb_old_content":"","_et_gb_content_width":"","inline_featured_image":false,"footnotes":""},"class_list":["post-90","page","type-page","status-publish","hentry"],"yoast_head":"<!-- This site is optimized with the Yoast SEO plugin v27.3 - https:\/\/yoast.com\/product\/yoast-seo-wordpress\/ -->\n<title>Contact - Yoann Conte, un lieu embl\u00e9matique \u00e0 Veyrier-du-lac, o\u00f9 se rencontrent l&#039;\u00e9l\u00e9gance de notre h\u00f4tel 5 \u00e9toiles et la cr\u00e9ativit\u00e9 d\u2019une cuisine gastronomique 2 \u00e9toiles, au c\u0153ur d\u2019un cadre naturel exceptionnel.<\/title>\n<meta name=\"robots\" content=\"index, follow, max-snippet:-1, max-image-preview:large, max-video-preview:-1\" \/>\n<link rel=\"canonical\" href=\"https:\/\/yoann-conte.com\/es\/contact\/\" \/>\n<meta property=\"og:locale\" content=\"es_ES\" \/>\n<meta property=\"og:type\" content=\"article\" \/>\n<meta property=\"og:title\" content=\"Contact - Yoann Conte, un lieu embl\u00e9matique \u00e0 Veyrier-du-lac, o\u00f9 se rencontrent l&#039;\u00e9l\u00e9gance de notre h\u00f4tel 5 \u00e9toiles et la cr\u00e9ativit\u00e9 d\u2019une cuisine gastronomique 2 \u00e9toiles, au c\u0153ur d\u2019un cadre naturel exceptionnel.\" \/>\n<meta property=\"og:url\" content=\"https:\/\/yoann-conte.com\/es\/contact\/\" \/>\n<meta property=\"og:site_name\" content=\"Yoann Conte, un lieu embl\u00e9matique \u00e0 Veyrier-du-lac, o\u00f9 se rencontrent l&#039;\u00e9l\u00e9gance de notre h\u00f4tel 5 \u00e9toiles et la cr\u00e9ativit\u00e9 d\u2019une cuisine gastronomique 2 \u00e9toiles, au c\u0153ur d\u2019un cadre naturel exceptionnel.\" \/>\n<meta property=\"article:modified_time\" content=\"2026-03-13T17:26:44+00:00\" \/>\n<meta name=\"twitter:card\" content=\"summary_large_image\" \/>\n<meta name=\"twitter:label1\" content=\"Tiempo de lectura\" \/>\n\t<meta name=\"twitter:data1\" content=\"2 minutos\" \/>\n<script type=\"application\/ld+json\" class=\"yoast-schema-graph\">{\"@context\":\"https:\\\/\\\/schema.org\",\"@graph\":[{\"@type\":\"WebPage\",\"@id\":\"https:\\\/\\\/yoann-conte.com\\\/contact\\\/\",\"url\":\"https:\\\/\\\/yoann-conte.com\\\/contact\\\/\",\"name\":\"Contact - Yoann Conte, un lieu embl\u00e9matique \u00e0 Veyrier-du-lac, o\u00f9 se rencontrent l&#039;\u00e9l\u00e9gance de notre h\u00f4tel 5 \u00e9toiles et la cr\u00e9ativit\u00e9 d\u2019une cuisine gastronomique 2 \u00e9toiles, au c\u0153ur d\u2019un cadre naturel exceptionnel.\",\"isPartOf\":{\"@id\":\"https:\\\/\\\/yoann-conte.com\\\/#website\"},\"datePublished\":\"2019-01-18T18:20:23+00:00\",\"dateModified\":\"2026-03-13T17:26:44+00:00\",\"breadcrumb\":{\"@id\":\"https:\\\/\\\/yoann-conte.com\\\/contact\\\/#breadcrumb\"},\"inLanguage\":\"es\",\"potentialAction\":[{\"@type\":\"ReadAction\",\"target\":[\"https:\\\/\\\/yoann-conte.com\\\/contact\\\/\"]}]},{\"@type\":\"BreadcrumbList\",\"@id\":\"https:\\\/\\\/yoann-conte.com\\\/contact\\\/#breadcrumb\",\"itemListElement\":[{\"@type\":\"ListItem\",\"position\":1,\"name\":\"Accueil\",\"item\":\"https:\\\/\\\/yoann-conte.com\\\/\"},{\"@type\":\"ListItem\",\"position\":2,\"name\":\"Contact\"}]},{\"@type\":\"WebSite\",\"@id\":\"https:\\\/\\\/yoann-conte.com\\\/#website\",\"url\":\"https:\\\/\\\/yoann-conte.com\\\/\",\"name\":\"Yoann Conte, un lieu embl\u00e9matique \u00e0 Veyrier-du-lac, o\u00f9 se rencontrent l&#039;\u00e9l\u00e9gance de notre h\u00f4tel 5 \u00e9toiles et la cr\u00e9ativit\u00e9 d\u2019une cuisine gastronomique 2 \u00e9toiles, au c\u0153ur d\u2019un cadre naturel exceptionnel.\",\"description\":\"Restaurant gastronomique \u00e0 Annecy, Yoann Conte\",\"potentialAction\":[{\"@type\":\"SearchAction\",\"target\":{\"@type\":\"EntryPoint\",\"urlTemplate\":\"https:\\\/\\\/yoann-conte.com\\\/?s={search_term_string}\"},\"query-input\":{\"@type\":\"PropertyValueSpecification\",\"valueRequired\":true,\"valueName\":\"search_term_string\"}}],\"inLanguage\":\"es\"}]}<\/script>\n<!-- \/ Yoast SEO plugin. -->","yoast_head_json":{"title":"Contact - Yoann Conte, un lieu embl\u00e9matique \u00e0 Veyrier-du-lac, o\u00f9 se rencontrent l&#039;\u00e9l\u00e9gance de notre h\u00f4tel 5 \u00e9toiles et la cr\u00e9ativit\u00e9 d\u2019une cuisine gastronomique 2 \u00e9toiles, au c\u0153ur d\u2019un cadre naturel exceptionnel.","robots":{"index":"index","follow":"follow","max-snippet":"max-snippet:-1","max-image-preview":"max-image-preview:large","max-video-preview":"max-video-preview:-1"},"canonical":"https:\/\/yoann-conte.com\/es\/contact\/","og_locale":"es_ES","og_type":"article","og_title":"Contact - Yoann Conte, un lieu embl\u00e9matique \u00e0 Veyrier-du-lac, o\u00f9 se rencontrent l&#039;\u00e9l\u00e9gance de notre h\u00f4tel 5 \u00e9toiles et la cr\u00e9ativit\u00e9 d\u2019une cuisine gastronomique 2 \u00e9toiles, au c\u0153ur d\u2019un cadre naturel exceptionnel.","og_url":"https:\/\/yoann-conte.com\/es\/contact\/","og_site_name":"Yoann Conte, un lieu embl\u00e9matique \u00e0 Veyrier-du-lac, o\u00f9 se rencontrent l&#039;\u00e9l\u00e9gance de notre h\u00f4tel 5 \u00e9toiles et la cr\u00e9ativit\u00e9 d\u2019une cuisine gastronomique 2 \u00e9toiles, au c\u0153ur d\u2019un cadre naturel exceptionnel.","article_modified_time":"2026-03-13T17:26:44+00:00","twitter_card":"summary_large_image","twitter_misc":{"Tiempo de lectura":"2 minutos"},"schema":{"@context":"https:\/\/schema.org","@graph":[{"@type":"WebPage","@id":"https:\/\/yoann-conte.com\/contact\/","url":"https:\/\/yoann-conte.com\/contact\/","name":"Contact - Yoann Conte, un lieu embl\u00e9matique \u00e0 Veyrier-du-lac, o\u00f9 se rencontrent l&#039;\u00e9l\u00e9gance de notre h\u00f4tel 5 \u00e9toiles et la cr\u00e9ativit\u00e9 d\u2019une cuisine gastronomique 2 \u00e9toiles, au c\u0153ur d\u2019un cadre naturel exceptionnel.","isPartOf":{"@id":"https:\/\/yoann-conte.com\/#website"},"datePublished":"2019-01-18T18:20:23+00:00","dateModified":"2026-03-13T17:26:44+00:00","breadcrumb":{"@id":"https:\/\/yoann-conte.com\/contact\/#breadcrumb"},"inLanguage":"es","potentialAction":[{"@type":"ReadAction","target":["https:\/\/yoann-conte.com\/contact\/"]}]},{"@type":"BreadcrumbList","@id":"https:\/\/yoann-conte.com\/contact\/#breadcrumb","itemListElement":[{"@type":"ListItem","position":1,"name":"Accueil","item":"https:\/\/yoann-conte.com\/"},{"@type":"ListItem","position":2,"name":"Contact"}]},{"@type":"WebSite","@id":"https:\/\/yoann-conte.com\/#website","url":"https:\/\/yoann-conte.com\/","name":"Yoann Conte, un lieu embl\u00e9matique \u00e0 Veyrier-du-lac, o\u00f9 se rencontrent l&#039;\u00e9l\u00e9gance de notre h\u00f4tel 5 \u00e9toiles et la cr\u00e9ativit\u00e9 d\u2019une cuisine gastronomique 2 \u00e9toiles, au c\u0153ur d\u2019un cadre naturel exceptionnel.","description":"Restaurante gastron\u00f3mico en Annecy, Yoann Conte","potentialAction":[{"@type":"SearchAction","target":{"@type":"EntryPoint","urlTemplate":"https:\/\/yoann-conte.com\/?s={search_term_string}"},"query-input":{"@type":"PropertyValueSpecification","valueRequired":true,"valueName":"search_term_string"}}],"inLanguage":"es"}]}},"_links":{"self":[{"href":"https:\/\/yoann-conte.com\/es\/wp-json\/wp\/v2\/pages\/90","targetHints":{"allow":["GET"]}}],"collection":[{"href":"https:\/\/yoann-conte.com\/es\/wp-json\/wp\/v2\/pages"}],"about":[{"href":"https:\/\/yoann-conte.com\/es\/wp-json\/wp\/v2\/types\/page"}],"author":[{"embeddable":true,"href":"https:\/\/yoann-conte.com\/es\/wp-json\/wp\/v2\/users\/1"}],"replies":[{"embeddable":true,"href":"https:\/\/yoann-conte.com\/es\/wp-json\/wp\/v2\/comments?post=90"}],"version-history":[{"count":2,"href":"https:\/\/yoann-conte.com\/es\/wp-json\/wp\/v2\/pages\/90\/revisions"}],"predecessor-version":[{"id":35375,"href":"https:\/\/yoann-conte.com\/es\/wp-json\/wp\/v2\/pages\/90\/revisions\/35375"}],"wp:attachment":[{"href":"https:\/\/yoann-conte.com\/es\/wp-json\/wp\/v2\/media?parent=90"}],"curies":[{"name":"wp","href":"https:\/\/api.w.org\/{rel}","templated":true}]}}