{"id":33491,"date":"2025-02-13T09:35:07","date_gmt":"2025-02-13T08:35:07","guid":{"rendered":"https:\/\/yoann-conte.com\/?page_id=33491"},"modified":"2026-02-02T15:00:32","modified_gmt":"2026-02-02T14:00:32","slug":"horaires-le-roc","status":"publish","type":"page","link":"https:\/\/yoann-conte.com\/es\/horaires-le-roc\/","title":{"rendered":"HORARIO LE ROC"},"content":{"rendered":"<div class=\"wpb-content-wrapper\"><div data-vc-full-width=\"true\" data-vc-full-width-init=\"false\" data-vc-stretch-content=\"true\" class=\"vc_row wpb_row vc_row-fluid vc_custom_1739435203893 vc_row-no-padding vc_row-o-equal-height vc_row-flex mpc-row\" data-row-id=\"mpc_row-969e228ea8439c\"><div class=\"mpc-parallax-wrap\"><div class=\"mpc-parallax mpc-parallax-style--fixed\"><\/div><\/div><div class=\"mpc-overlay mpc-overlay--first\" data-speed=\"25\"><\/div><div class=\"wpb_column vc_column_container vc_col-sm-12 mpc-column\" data-column-id=\"mpc_column-1769e228ea842e4\"><div class=\"vc_column-inner\"><div class=\"wpb_wrapper\"><div class=\"vc_empty_space\" style=\"height: 150px\"><span class=\"vc_empty_space_inner\"><\/span><\/div><div class=\"vc_row wpb_row vc_inner vc_row-fluid vc_column-gap-10 vc_row-o-equal-height vc_row-flex mpc-row\"><div class=\"wpb_column vc_column_container vc_col-sm-2 mpc-column\" data-column-id=\"mpc_column-4669e228ea83db9\"><div class=\"vc_column-inner\"><div class=\"wpb_wrapper\"><\/div><\/div><\/div><div class=\"wpb_column vc_column_container vc_col-sm-8 mpc-column\" data-column-id=\"mpc_column-2969e228ea8406e\"><div class=\"vc_column-inner\"><div class=\"wpb_wrapper\">\n\t<div class=\"wpb_text_column wpb_content_element\">\n\t\t<div class=\"wpb_wrapper\">\n\t\t\t<h1 style=\"text-align: center;\"><span style=\"font-family: brandon-regular; font-size: 36pt; color: #ffffff;\">HORARIOS : <\/span><\/h1>\n<h1 style=\"text-align: center;\"><span style=\"font-size: 36pt; font-family: brandon-regular; color: #ffffff;\">LE ROC DE YOANN CONTE<\/span><\/h1>\n\n\t\t<\/div>\n\t<\/div>\n<\/div><\/div><\/div><div class=\"wpb_column vc_column_container vc_col-sm-2 mpc-column\" data-column-id=\"mpc_column-169e228ea84149\"><div class=\"vc_column-inner\"><div class=\"wpb_wrapper\"><\/div><\/div><\/div><\/div><div class=\"vc_empty_space\" style=\"height: 100px\"><span class=\"vc_empty_space_inner\"><\/span><\/div><\/div><\/div><\/div><\/div><div class=\"vc_row-full-width vc_clearfix\"><\/div><div data-vc-full-width=\"true\" data-vc-full-width-init=\"false\" data-vc-stretch-content=\"true\" class=\"vc_row wpb_row vc_row-fluid vc_row-no-padding vc_row-o-equal-height vc_row-flex mpc-row\" data-row-id=\"mpc_row-8269e228ea85c2c\"><div class=\"mpc-overlay mpc-overlay--first\" data-speed=\"25\"><\/div><div class=\"wpb_column vc_column_container vc_col-sm-12 mpc-column\" data-column-id=\"mpc_column-7069e228ea85bbf\"><div class=\"vc_column-inner\"><div class=\"wpb_wrapper\"><div class=\"vc_empty_space\" style=\"height: 100px\"><span class=\"vc_empty_space_inner\"><\/span><\/div><div class=\"vc_row wpb_row vc_inner vc_row-fluid vc_row-o-equal-height vc_row-flex mpc-row\"><div class=\"wpb_column vc_column_container vc_col-sm-3 mpc-column\" data-column-id=\"mpc_column-7469e228ea857bd\"><div class=\"vc_column-inner\"><div class=\"wpb_wrapper\"><\/div><\/div><\/div><div class=\"wpb_column vc_column_container vc_col-sm-6 mpc-column\" data-column-id=\"mpc_column-6669e228ea85acf\"><div class=\"vc_column-inner vc_custom_1707908460840\"><div class=\"wpb_wrapper\">\n\t<div class=\"wpb_text_column wpb_content_element\">\n\t\t<div class=\"wpb_wrapper\">\n\t\t\t<p style=\"text-align: center;\"><span style=\"font-family: brandon-light; font-size: 14pt;\">Nuestro restaurante est\u00e1 abierto los siguientes d\u00edas :<\/span><\/p>\n\n\t\t<\/div>\n\t<\/div>\n<\/div><\/div><\/div><\/div><\/div><\/div><\/div><\/div><div class=\"vc_row-full-width vc_clearfix\"><\/div><div data-vc-full-width=\"true\" data-vc-full-width-init=\"false\" data-vc-stretch-content=\"true\" class=\"vc_row wpb_row vc_row-fluid vc_row-no-padding vc_row-o-equal-height vc_row-flex mpc-row\" data-row-id=\"mpc_row-9069e228ea88eee\"><div class=\"mpc-overlay mpc-overlay--first\" data-speed=\"25\"><\/div><div class=\"wpb_column vc_column_container vc_col-sm-12 mpc-column\" data-column-id=\"mpc_column-5869e228ea88bc1\"><div class=\"vc_column-inner\"><div class=\"wpb_wrapper\"><div class=\"vc_empty_space\" style=\"height: 32px\"><span class=\"vc_empty_space_inner\"><\/span><\/div><div class=\"vc_row wpb_row vc_inner vc_row-fluid vc_row-o-equal-height vc_row-flex mpc-row\"><div class=\"wpb_column vc_column_container vc_col-sm-2 mpc-column\" data-column-id=\"mpc_column-2469e228ea86253\"><div class=\"vc_column-inner\"><div class=\"wpb_wrapper\"><\/div><\/div><\/div><div class=\"wpb_column vc_column_container vc_col-sm-8 mpc-column\" data-column-id=\"mpc_column-669e228ea864e5\"><div class=\"vc_column-inner vc_custom_1707908460840\"><div class=\"wpb_wrapper\">\n\t<div class=\"wpb_text_column wpb_content_element\">\n\t\t<div class=\"wpb_wrapper\">\n\t\t\t<p style=\"text-align: center;\"><span style=\"font-family: brandon-light; font-size: 14pt;\">Del 15 de septiembre al 31 de mayo:<\/span><\/p>\n\n\t\t<\/div>\n\t<\/div>\n<\/div><\/div><\/div><div class=\"wpb_column vc_column_container vc_col-sm-2 mpc-column\" data-column-id=\"mpc_column-5869e228ea865be\"><div class=\"vc_column-inner\"><div class=\"wpb_wrapper\"><\/div><\/div><\/div><\/div><div class=\"vc_row wpb_row vc_inner vc_row-fluid vc_row-o-equal-height vc_row-flex mpc-row\"><div class=\"wpb_column vc_column_container vc_col-sm-3 mpc-column\" data-column-id=\"mpc_column-769e228ea8680c\"><div class=\"vc_column-inner\"><div class=\"wpb_wrapper\"><\/div><\/div><\/div><div class=\"wpb_column vc_column_container vc_col-sm-3 mpc-column\" data-column-id=\"mpc_column-1269e228ea869f4\"><div class=\"vc_column-inner vc_custom_1707908460840\"><div class=\"wpb_wrapper\">\n\t<div class=\"wpb_text_column wpb_content_element\">\n\t\t<div class=\"wpb_wrapper\">\n\t\t\t<p style=\"text-align: right;\"><strong><span style=\"font-family: brandon-light; font-size: 14pt;\">Lunes :&nbsp;<\/span><\/strong><br>\n<strong><span style=\"font-family: brandon-light; font-size: 14pt;\">Martes :<\/span><\/strong><br>\n<strong><span style=\"font-family: brandon-light; font-size: 14pt;\">Mi\u00e9rcoles :<\/span><\/strong><br>\n<strong><span style=\"font-family: brandon-light; font-size: 14pt;\">Jueves :<\/span><\/strong><br>\n<strong><span style=\"font-family: brandon-light; font-size: 14pt;\">Viernes :<\/span><\/strong><br>\n<strong><span style=\"font-family: brandon-light; font-size: 14pt;\">El s\u00e1bado:<\/span><\/strong><br>\n<strong><span style=\"font-family: brandon-light; font-size: 14pt;\">El domingo:<\/span><\/strong><\/p>\n\n\t\t<\/div>\n\t<\/div>\n<\/div><\/div><\/div><div class=\"wpb_column vc_column_container vc_col-sm-3 mpc-column\" data-column-id=\"mpc_column-2669e228ea86c85\"><div class=\"vc_column-inner\"><div class=\"wpb_wrapper\">\n\t<div class=\"wpb_text_column wpb_content_element\">\n\t\t<div class=\"wpb_wrapper\">\n\t\t\t<p style=\"text-align: left;\"><span style=\"font-family: brandon-light; font-size: 14pt;\">12.00-14.00 \/ 19.00-20.30<\/span><br>\n<span style=\"font-family: brandon-light; font-size: 14pt;\">12.00-14.00 \/ 19.00-20.30<\/span><br>\n<span style=\"font-family: brandon-light; font-size: 14pt;\">Cerrado<\/span><br>\n<span style=\"font-family: brandon-light; font-size: 14pt;\">Cerrado<\/span><br>\n<span style=\"font-family: brandon-light; font-size: 14pt;\">12.00-14.00 \/ 19.00-20.30<\/span><br>\n<span style=\"font-family: brandon-light; font-size: 14pt;\">12.00-14.00 \/ 19.00-20.30<\/span><br>\n<span style=\"font-family: brandon-light; font-size: 14pt;\">12.00-14.00 \/ 19.00-20.30<\/span><\/p>\n\n\t\t<\/div>\n\t<\/div>\n<\/div><\/div><\/div><div class=\"wpb_column vc_column_container vc_col-sm-3 mpc-column\" data-column-id=\"mpc_column-2569e228ea86da4\"><div class=\"vc_column-inner\"><div class=\"wpb_wrapper\"><\/div><\/div><\/div><\/div><div class=\"vc_row wpb_row vc_inner vc_row-fluid vc_row-o-equal-height vc_row-flex mpc-row\"><div class=\"wpb_column vc_column_container vc_col-sm-2 mpc-column\" data-column-id=\"mpc_column-7269e228ea8719c\"><div class=\"vc_column-inner\"><div class=\"wpb_wrapper\"><\/div><\/div><\/div><div class=\"wpb_column vc_column_container vc_col-sm-8 mpc-column\" data-column-id=\"mpc_column-10069e228ea873af\"><div class=\"vc_column-inner vc_custom_1707908460840\"><div class=\"wpb_wrapper\">\n\t<div class=\"wpb_text_column wpb_content_element\">\n\t\t<div class=\"wpb_wrapper\">\n\t\t\t<p style=\"text-align: center;\"><span style=\"font-family: brandon-light; font-size: 14pt;\">Del 1 de junio al 14 de septiembre :<\/span><\/p>\n\n\t\t<\/div>\n\t<\/div>\n<\/div><\/div><\/div><div class=\"wpb_column vc_column_container vc_col-sm-2 mpc-column\" data-column-id=\"mpc_column-8069e228ea8750c\"><div class=\"vc_column-inner\"><div class=\"wpb_wrapper\"><\/div><\/div><\/div><\/div><div class=\"vc_row wpb_row vc_inner vc_row-fluid vc_row-o-equal-height vc_row-flex mpc-row\"><div class=\"wpb_column vc_column_container vc_col-sm-3 mpc-column\" data-column-id=\"mpc_column-4169e228ea87849\"><div class=\"vc_column-inner\"><div class=\"wpb_wrapper\"><\/div><\/div><\/div><div class=\"wpb_column vc_column_container vc_col-sm-3 mpc-column\" data-column-id=\"mpc_column-2069e228ea87b13\"><div class=\"vc_column-inner vc_custom_1707908460840\"><div class=\"wpb_wrapper\">\n\t<div class=\"wpb_text_column wpb_content_element\">\n\t\t<div class=\"wpb_wrapper\">\n\t\t\t<p style=\"text-align: right;\"><strong><span style=\"font-family: brandon-light; font-size: 14pt;\">Lunes :&nbsp;<\/span><\/strong><br>\n<strong><span style=\"font-family: brandon-light; font-size: 14pt;\">Martes :<\/span><\/strong><br>\n<strong><span style=\"font-family: brandon-light; font-size: 14pt;\">Mi\u00e9rcoles :<\/span><\/strong><br>\n<strong><span style=\"font-family: brandon-light; font-size: 14pt;\">Jueves :<\/span><\/strong><br>\n<strong><span style=\"font-family: brandon-light; font-size: 14pt;\">Viernes :<\/span><\/strong><br>\n<strong><span style=\"font-family: brandon-light; font-size: 14pt;\">El s\u00e1bado:<\/span><\/strong><br>\n<strong><span style=\"font-family: brandon-light; font-size: 14pt;\">El domingo:<\/span><\/strong><\/p>\n\n\t\t<\/div>\n\t<\/div>\n<\/div><\/div><\/div><div class=\"wpb_column vc_column_container vc_col-sm-3 mpc-column\" data-column-id=\"mpc_column-5369e228ea87ddb\"><div class=\"vc_column-inner\"><div class=\"wpb_wrapper\">\n\t<div class=\"wpb_text_column wpb_content_element\">\n\t\t<div class=\"wpb_wrapper\">\n\t\t\t<p style=\"text-align: left;\"><span style=\"font-family: brandon-light; font-size: 14pt;\">12.00-14.00 \/ 19.00-20.30<\/span><br>\n<span style=\"font-family: brandon-light; font-size: 14pt;\">12.00-14.00 \/ 19.00-20.30<\/span><br>\n<span style=\"font-family: brandon-light; font-size: 14pt;\">12.00-14.00 \/ 19.00-20.30<\/span><br>\n<span style=\"font-family: brandon-light; font-size: 14pt;\">12.00-14.00 \/ 19.00-20.30<\/span><br>\n<span style=\"font-family: brandon-light; font-size: 14pt;\">12.00-14.00 \/ 19.00-20.30<\/span><br>\n<span style=\"font-family: brandon-light; font-size: 14pt;\">12.00-14.00 \/ 19.00-20.30<\/span><br>\n<span style=\"font-family: brandon-light; font-size: 14pt;\">12.00-14.00 \/ 19.00-20.30<\/span><\/p>\n\n\t\t<\/div>\n\t<\/div>\n<\/div><\/div><\/div><div class=\"wpb_column vc_column_container vc_col-sm-3 mpc-column\" data-column-id=\"mpc_column-5169e228ea87ef6\"><div class=\"vc_column-inner\"><div class=\"wpb_wrapper\"><\/div><\/div><\/div><\/div><div class=\"vc_empty_space\" style=\"height: 32px\"><span class=\"vc_empty_space_inner\"><\/span><\/div><div class=\"vc_row wpb_row vc_inner vc_row-fluid mpc-row\"><div class=\"wpb_column vc_column_container vc_col-sm-3 mpc-column\" data-column-id=\"mpc_column-869e228ea8841c\"><div class=\"vc_column-inner\"><div class=\"wpb_wrapper\"><\/div><\/div><\/div><div class=\"wpb_column vc_column_container vc_col-sm-6 mpc-column\" data-column-id=\"mpc_column-2469e228ea88697\"><div class=\"vc_column-inner\"><div class=\"wpb_wrapper\">\n\t<div class=\"wpb_text_column wpb_content_element\">\n\t\t<div class=\"wpb_wrapper\">\n\t\t\t<p style=\"text-align: center;\"><span style=\"font-size: 14pt; font-family: brandon-light;\">Si tiene alguna pregunta, no dude en ponerse en contacto con nuestro departamento de recepci\u00f3n llamando al 04.50.09.97.49<\/span><\/p>\n\n\t\t<\/div>\n\t<\/div>\n<\/div><\/div><\/div><div class=\"wpb_column vc_column_container vc_col-sm-3 mpc-column\" data-column-id=\"mpc_column-6169e228ea887a6\"><div class=\"vc_column-inner\"><div class=\"wpb_wrapper\"><\/div><\/div><\/div><\/div><div class=\"vc_empty_space\" style=\"height: 32px\"><span class=\"vc_empty_space_inner\"><\/span><\/div><\/div><\/div><\/div><\/div><div class=\"vc_row-full-width vc_clearfix\"><\/div>\n<\/div>","protected":false},"excerpt":{"rendered":"HORAIRES : LE ROC DE YOANN CONTE Notre restaurant vous accueille aux jours suivants : Du 15 septembre au 31 mai : Lundi :&nbsp; Mardi : Mercredi : Jeudi : Vendredi : Samedi : Dimanche : 12h00-14h00 \/ 19h00-20h30 12h00-14h00 \/ 19h00-20h30 Ferm&eacute; Ferm&eacute; 12h00-14h00 \/ 19h00-20h30 12h00-14h00 \/ 19h00-20h30 12h00-14h00 \/ 19h00-20h30 Du 1","protected":false},"author":3,"featured_media":0,"parent":0,"menu_order":0,"comment_status":"closed","ping_status":"closed","template":"","meta":{"_et_pb_use_builder":"","_et_pb_old_content":"","_et_gb_content_width":"","inline_featured_image":false,"footnotes":""},"class_list":["post-33491","page","type-page","status-publish","hentry"],"yoast_head":"<!-- This site is optimized with the Yoast SEO plugin v27.4 - https:\/\/yoast.com\/product\/yoast-seo-wordpress\/ -->\n<title>HORAIRES LE ROC - Yoann Conte, un lieu embl\u00e9matique \u00e0 Veyrier-du-lac, o\u00f9 se rencontrent l&#039;\u00e9l\u00e9gance de notre h\u00f4tel 5 \u00e9toiles et la cr\u00e9ativit\u00e9 d\u2019une cuisine gastronomique 2 \u00e9toiles, au c\u0153ur d\u2019un cadre naturel exceptionnel.<\/title>\n<meta name=\"description\" content=\"Restaurant gastronomique au Guide Michelin, \u00e0 Annecy. D\u00e9couvrez les horaires d&#039;ouverture de la Table de Yoann Conte\" \/>\n<meta name=\"robots\" content=\"index, follow, max-snippet:-1, max-image-preview:large, max-video-preview:-1\" \/>\n<link rel=\"canonical\" href=\"https:\/\/yoann-conte.com\/es\/horaires-le-roc\/\" \/>\n<meta property=\"og:locale\" content=\"es_ES\" \/>\n<meta property=\"og:type\" content=\"article\" \/>\n<meta property=\"og:title\" content=\"HORAIRES LE ROC - Yoann Conte, un lieu embl\u00e9matique \u00e0 Veyrier-du-lac, o\u00f9 se rencontrent l&#039;\u00e9l\u00e9gance de notre h\u00f4tel 5 \u00e9toiles et la cr\u00e9ativit\u00e9 d\u2019une cuisine gastronomique 2 \u00e9toiles, au c\u0153ur d\u2019un cadre naturel exceptionnel.\" \/>\n<meta property=\"og:description\" content=\"Restaurant gastronomique au Guide Michelin, \u00e0 Annecy. D\u00e9couvrez les horaires d&#039;ouverture de la Table de Yoann Conte\" \/>\n<meta property=\"og:url\" content=\"https:\/\/yoann-conte.com\/es\/horaires-le-roc\/\" \/>\n<meta property=\"og:site_name\" content=\"Yoann Conte, un lieu embl\u00e9matique \u00e0 Veyrier-du-lac, o\u00f9 se rencontrent l&#039;\u00e9l\u00e9gance de notre h\u00f4tel 5 \u00e9toiles et la cr\u00e9ativit\u00e9 d\u2019une cuisine gastronomique 2 \u00e9toiles, au c\u0153ur d\u2019un cadre naturel exceptionnel.\" \/>\n<meta property=\"article:modified_time\" content=\"2026-02-02T14:00:32+00:00\" \/>\n<meta name=\"twitter:card\" content=\"summary_large_image\" \/>\n<meta name=\"twitter:label1\" content=\"Tiempo de lectura\" \/>\n\t<meta name=\"twitter:data1\" content=\"2 minutos\" \/>\n<script type=\"application\/ld+json\" class=\"yoast-schema-graph\">{\"@context\":\"https:\\\/\\\/schema.org\",\"@graph\":[{\"@type\":\"WebPage\",\"@id\":\"https:\\\/\\\/yoann-conte.com\\\/horaires-le-roc\\\/\",\"url\":\"https:\\\/\\\/yoann-conte.com\\\/horaires-le-roc\\\/\",\"name\":\"HORAIRES LE ROC - Yoann Conte, un lieu embl\u00e9matique \u00e0 Veyrier-du-lac, o\u00f9 se rencontrent l&#039;\u00e9l\u00e9gance de notre h\u00f4tel 5 \u00e9toiles et la cr\u00e9ativit\u00e9 d\u2019une cuisine gastronomique 2 \u00e9toiles, au c\u0153ur d\u2019un cadre naturel exceptionnel.\",\"isPartOf\":{\"@id\":\"https:\\\/\\\/yoann-conte.com\\\/#website\"},\"datePublished\":\"2025-02-13T08:35:07+00:00\",\"dateModified\":\"2026-02-02T14:00:32+00:00\",\"description\":\"Restaurant gastronomique au Guide Michelin, \u00e0 Annecy. D\u00e9couvrez les horaires d'ouverture de la Table de Yoann Conte\",\"breadcrumb\":{\"@id\":\"https:\\\/\\\/yoann-conte.com\\\/horaires-le-roc\\\/#breadcrumb\"},\"inLanguage\":\"es\",\"potentialAction\":[{\"@type\":\"ReadAction\",\"target\":[\"https:\\\/\\\/yoann-conte.com\\\/horaires-le-roc\\\/\"]}]},{\"@type\":\"BreadcrumbList\",\"@id\":\"https:\\\/\\\/yoann-conte.com\\\/horaires-le-roc\\\/#breadcrumb\",\"itemListElement\":[{\"@type\":\"ListItem\",\"position\":1,\"name\":\"Accueil\",\"item\":\"https:\\\/\\\/yoann-conte.com\\\/\"},{\"@type\":\"ListItem\",\"position\":2,\"name\":\"HORAIRES LE ROC\"}]},{\"@type\":\"WebSite\",\"@id\":\"https:\\\/\\\/yoann-conte.com\\\/#website\",\"url\":\"https:\\\/\\\/yoann-conte.com\\\/\",\"name\":\"Yoann Conte, un lieu embl\u00e9matique \u00e0 Veyrier-du-lac, o\u00f9 se rencontrent l&#039;\u00e9l\u00e9gance de notre h\u00f4tel 5 \u00e9toiles et la cr\u00e9ativit\u00e9 d\u2019une cuisine gastronomique 2 \u00e9toiles, au c\u0153ur d\u2019un cadre naturel exceptionnel.\",\"description\":\"Restaurant gastronomique \u00e0 Annecy, Yoann Conte\",\"potentialAction\":[{\"@type\":\"SearchAction\",\"target\":{\"@type\":\"EntryPoint\",\"urlTemplate\":\"https:\\\/\\\/yoann-conte.com\\\/?s={search_term_string}\"},\"query-input\":{\"@type\":\"PropertyValueSpecification\",\"valueRequired\":true,\"valueName\":\"search_term_string\"}}],\"inLanguage\":\"es\"}]}<\/script>\n<!-- \/ Yoast SEO plugin. -->","yoast_head_json":{"title":"HORAIRES LE ROC - Yoann Conte, un lieu embl\u00e9matique \u00e0 Veyrier-du-lac, o\u00f9 se rencontrent l&#039;\u00e9l\u00e9gance de notre h\u00f4tel 5 \u00e9toiles et la cr\u00e9ativit\u00e9 d\u2019une cuisine gastronomique 2 \u00e9toiles, au c\u0153ur d\u2019un cadre naturel exceptionnel.","description":"Restaurant gastronomique au Guide Michelin, \u00e0 Annecy. D\u00e9couvrez les horaires d'ouverture de la Table de Yoann Conte","robots":{"index":"index","follow":"follow","max-snippet":"max-snippet:-1","max-image-preview":"max-image-preview:large","max-video-preview":"max-video-preview:-1"},"canonical":"https:\/\/yoann-conte.com\/es\/horaires-le-roc\/","og_locale":"es_ES","og_type":"article","og_title":"HORAIRES LE ROC - Yoann Conte, un lieu embl\u00e9matique \u00e0 Veyrier-du-lac, o\u00f9 se rencontrent l&#039;\u00e9l\u00e9gance de notre h\u00f4tel 5 \u00e9toiles et la cr\u00e9ativit\u00e9 d\u2019une cuisine gastronomique 2 \u00e9toiles, au c\u0153ur d\u2019un cadre naturel exceptionnel.","og_description":"Restaurant gastronomique au Guide Michelin, \u00e0 Annecy. D\u00e9couvrez les horaires d'ouverture de la Table de Yoann Conte","og_url":"https:\/\/yoann-conte.com\/es\/horaires-le-roc\/","og_site_name":"Yoann Conte, un lieu embl\u00e9matique \u00e0 Veyrier-du-lac, o\u00f9 se rencontrent l&#039;\u00e9l\u00e9gance de notre h\u00f4tel 5 \u00e9toiles et la cr\u00e9ativit\u00e9 d\u2019une cuisine gastronomique 2 \u00e9toiles, au c\u0153ur d\u2019un cadre naturel exceptionnel.","article_modified_time":"2026-02-02T14:00:32+00:00","twitter_card":"summary_large_image","twitter_misc":{"Tiempo de lectura":"2 minutos"},"schema":{"@context":"https:\/\/schema.org","@graph":[{"@type":"WebPage","@id":"https:\/\/yoann-conte.com\/horaires-le-roc\/","url":"https:\/\/yoann-conte.com\/horaires-le-roc\/","name":"HORAIRES LE ROC - Yoann Conte, un lieu embl\u00e9matique \u00e0 Veyrier-du-lac, o\u00f9 se rencontrent l&#039;\u00e9l\u00e9gance de notre h\u00f4tel 5 \u00e9toiles et la cr\u00e9ativit\u00e9 d\u2019une cuisine gastronomique 2 \u00e9toiles, au c\u0153ur d\u2019un cadre naturel exceptionnel.","isPartOf":{"@id":"https:\/\/yoann-conte.com\/#website"},"datePublished":"2025-02-13T08:35:07+00:00","dateModified":"2026-02-02T14:00:32+00:00","description":"Restaurant gastronomique au Guide Michelin, \u00e0 Annecy. D\u00e9couvrez les horaires d'ouverture de la Table de Yoann Conte","breadcrumb":{"@id":"https:\/\/yoann-conte.com\/horaires-le-roc\/#breadcrumb"},"inLanguage":"es","potentialAction":[{"@type":"ReadAction","target":["https:\/\/yoann-conte.com\/horaires-le-roc\/"]}]},{"@type":"BreadcrumbList","@id":"https:\/\/yoann-conte.com\/horaires-le-roc\/#breadcrumb","itemListElement":[{"@type":"ListItem","position":1,"name":"Accueil","item":"https:\/\/yoann-conte.com\/"},{"@type":"ListItem","position":2,"name":"HORAIRES LE ROC"}]},{"@type":"WebSite","@id":"https:\/\/yoann-conte.com\/#website","url":"https:\/\/yoann-conte.com\/","name":"Yoann Conte, un lieu embl\u00e9matique \u00e0 Veyrier-du-lac, o\u00f9 se rencontrent l&#039;\u00e9l\u00e9gance de notre h\u00f4tel 5 \u00e9toiles et la cr\u00e9ativit\u00e9 d\u2019une cuisine gastronomique 2 \u00e9toiles, au c\u0153ur d\u2019un cadre naturel exceptionnel.","description":"Restaurante gastron\u00f3mico en Annecy, Yoann Conte","potentialAction":[{"@type":"SearchAction","target":{"@type":"EntryPoint","urlTemplate":"https:\/\/yoann-conte.com\/?s={search_term_string}"},"query-input":{"@type":"PropertyValueSpecification","valueRequired":true,"valueName":"search_term_string"}}],"inLanguage":"es"}]}},"_links":{"self":[{"href":"https:\/\/yoann-conte.com\/es\/wp-json\/wp\/v2\/pages\/33491","targetHints":{"allow":["GET"]}}],"collection":[{"href":"https:\/\/yoann-conte.com\/es\/wp-json\/wp\/v2\/pages"}],"about":[{"href":"https:\/\/yoann-conte.com\/es\/wp-json\/wp\/v2\/types\/page"}],"author":[{"embeddable":true,"href":"https:\/\/yoann-conte.com\/es\/wp-json\/wp\/v2\/users\/3"}],"replies":[{"embeddable":true,"href":"https:\/\/yoann-conte.com\/es\/wp-json\/wp\/v2\/comments?post=33491"}],"version-history":[{"count":5,"href":"https:\/\/yoann-conte.com\/es\/wp-json\/wp\/v2\/pages\/33491\/revisions"}],"predecessor-version":[{"id":35133,"href":"https:\/\/yoann-conte.com\/es\/wp-json\/wp\/v2\/pages\/33491\/revisions\/35133"}],"wp:attachment":[{"href":"https:\/\/yoann-conte.com\/es\/wp-json\/wp\/v2\/media?parent=33491"}],"curies":[{"name":"wp","href":"https:\/\/api.w.org\/{rel}","templated":true}]}}