{"id":33384,"date":"2025-01-15T15:45:35","date_gmt":"2025-01-15T14:45:35","guid":{"rendered":"https:\/\/yoann-conte.com\/?page_id=33384"},"modified":"2026-03-12T16:41:11","modified_gmt":"2026-03-12T15:41:11","slug":"reserver","status":"publish","type":"page","link":"https:\/\/yoann-conte.com\/es\/reserver\/","title":{"rendered":"Reservar"},"content":{"rendered":"<div class=\"wpb-content-wrapper\"><div data-vc-full-width=\"true\" data-vc-full-width-init=\"false\" data-vc-stretch-content=\"true\" class=\"vc_row wpb_row vc_row-fluid vc_custom_1736844976357 vc_row-no-padding vc_row-o-equal-height vc_row-flex mpc-row\" data-row-id=\"mpc_row-169e8c8bc9521d\"><div class=\"wpb_column vc_column_container vc_col-sm-12 mpc-column\" data-column-id=\"mpc_column-3869e8c8bc9516f\"><div class=\"vc_column-inner\"><div class=\"wpb_wrapper\"><div class=\"vc_empty_space\" style=\"height: 100px\"><span class=\"vc_empty_space_inner\"><\/span><\/div><div class=\"vc_empty_space\" style=\"height: 100px\"><span class=\"vc_empty_space_inner\"><\/span><\/div><div class=\"vc_row wpb_row vc_inner vc_row-fluid vc_custom_1759736438281 mpc-row\" data-row-id=\"mpc_row-4569e8c8bc950bd\"><div class=\"mpc-overlay mpc-overlay--first\" data-speed=\"25\"><\/div><div class=\"wpb_column vc_column_container vc_col-sm-2 mpc-column\" data-column-id=\"mpc_column-1769e8c8bc94ca7\"><div class=\"vc_column-inner\"><div class=\"wpb_wrapper\"><\/div><\/div><\/div><div class=\"wpb_column vc_column_container vc_col-sm-8 mpc-column\" data-column-id=\"mpc_column-2769e8c8bc94f50\"><div class=\"vc_column-inner\"><div class=\"wpb_wrapper\">\n\t<div class=\"wpb_text_column wpb_content_element\">\n\t\t<div class=\"wpb_wrapper\">\n\t\t\t<h1 style=\"text-align: center;\"><span style=\"font-size: 36pt; color: #000000; font-family: 'Book Antiqua', Palatino;\"><strong>Reservar<\/strong><\/span><\/h1>\n\n\t\t<\/div>\n\t<\/div>\n\n\t<div class=\"wpb_text_column wpb_content_element\">\n\t\t<div class=\"wpb_wrapper\">\n\t\t\t<h1 style=\"text-align: center;\"><\/h1>\n<h2 style=\"text-align: center;\"><span style=\"color: #000000; font-size: 14pt; font-family: brandon-light;\">Descubra nuestras tres direcciones excepcionales para una estancia o una experiencia culinaria inolvidables:&nbsp;<\/span><\/h2>\n\n\t\t<\/div>\n\t<\/div>\n<\/div><\/div><\/div><div class=\"wpb_column vc_column_container vc_col-sm-2 mpc-column\" data-column-id=\"mpc_column-669e8c8bc95036\"><div class=\"vc_column-inner\"><div class=\"wpb_wrapper\"><\/div><\/div><\/div><\/div><\/div><\/div><\/div><\/div><div class=\"vc_row-full-width vc_clearfix\"><\/div><div class=\"vc_row wpb_row vc_row-fluid mpc-row\"><div class=\"wpb_column vc_column_container vc_col-sm-6 mpc-column\" data-column-id=\"mpc_column-1469e8c8bc96569\"><div class=\"vc_column-inner\"><div class=\"wpb_wrapper\">\n\t<div class=\"wpb_single_image wpb_content_element vc_align_center wpb_content_element\">\n\t\t\n\t\t<figure class=\"wpb_wrapper vc_figure\">\n\t\t\t<div class=\"vc_single_image-wrapper   vc_box_border_grey\"><img loading=\"lazy\" decoding=\"async\" width=\"2560\" height=\"1707\" src=\"https:\/\/yoann-conte.com\/wp-content\/uploads\/2024\/03\/yoann-conte-les-resto-foudimages-074-scaled.jpg\" class=\"vc_single_image-img attachment-full\" alt=\"\" title=\"yoann-conte-les resto-foudimages-074\" srcset=\"https:\/\/yoann-conte.com\/wp-content\/uploads\/2024\/03\/yoann-conte-les-resto-foudimages-074-scaled.jpg 2560w, https:\/\/yoann-conte.com\/wp-content\/uploads\/2024\/03\/yoann-conte-les-resto-foudimages-074-1280x854.jpg 1280w, https:\/\/yoann-conte.com\/wp-content\/uploads\/2024\/03\/yoann-conte-les-resto-foudimages-074-980x653.jpg 980w, https:\/\/yoann-conte.com\/wp-content\/uploads\/2024\/03\/yoann-conte-les-resto-foudimages-074-480x320.jpg 480w\" sizes=\"(min-width: 0px) and (max-width: 480px) 480px, (min-width: 481px) and (max-width: 980px) 980px, (min-width: 981px) and (max-width: 1280px) 1280px, (min-width: 1281px) 2560px, 100vw\"><\/div>\n\t\t<\/figure>\n\t<\/div>\n\n\t<div class=\"wpb_text_column wpb_content_element\">\n\t\t<div class=\"wpb_wrapper\">\n\t\t\t<div class=\"wpb_text_column wpb_content_element\">\n<div class=\"wpb_wrapper\">\n<p style=\"text-align: center;\"><span style=\"font-family: bon-vivant-serif;\"><strong><span style=\"font-size: 36pt;\">La Maison Bleue<\/span><\/strong><\/span><\/p>\n<p style=\"text-align: center;\"><span style=\"font-size: 14pt; font-family: brandon-light;\">Reg\u00e1lese un momento de lujo y serenidad en nuestro hotel de 5 estrellas Relais&amp;Ch\u00e2teaux de encanto refinado, idealmente situado frente al lago de Annecy.<\/span><\/p>\n<\/div>\n<\/div>\n\n\t\t<\/div>\n\t<\/div>\n<div class=\"vc_btn3-container vc_btn3-center vc_custom_1736939744629 vc_do_btn\"><a class=\"vc_general vc_btn3 vc_btn3-size-md vc_btn3-shape-square vc_btn3-style-classic vc_btn3-color-white\" href=\"https:\/\/app.mews.com\/distributor\/19300359-7079-4db4-83fc-b14700868144\" title=\"\">Reservar<\/a><\/div><\/div><\/div><\/div><div class=\"wpb_column vc_column_container vc_col-sm-6 mpc-column\" data-column-id=\"mpc_column-3669e8c8bc97380\"><div class=\"vc_column-inner\"><div class=\"wpb_wrapper\">\n\t<div class=\"wpb_single_image wpb_content_element vc_align_center wpb_content_element\">\n\t\t\n\t\t<figure class=\"wpb_wrapper vc_figure\">\n\t\t\t<div class=\"vc_single_image-wrapper   vc_box_border_grey\"><img loading=\"lazy\" decoding=\"async\" width=\"2560\" height=\"1707\" src=\"https:\/\/yoann-conte.com\/wp-content\/uploads\/2024\/10\/anthony_cottarel_5140-scaled.jpg\" class=\"vc_single_image-img attachment-full\" alt=\"\" title=\"anthony_cottarel_5140\" srcset=\"https:\/\/yoann-conte.com\/wp-content\/uploads\/2024\/10\/anthony_cottarel_5140-scaled.jpg 2560w, https:\/\/yoann-conte.com\/wp-content\/uploads\/2024\/10\/anthony_cottarel_5140-1280x854.jpg 1280w, https:\/\/yoann-conte.com\/wp-content\/uploads\/2024\/10\/anthony_cottarel_5140-980x653.jpg 980w, https:\/\/yoann-conte.com\/wp-content\/uploads\/2024\/10\/anthony_cottarel_5140-480x320.jpg 480w\" sizes=\"(min-width: 0px) and (max-width: 480px) 480px, (min-width: 481px) and (max-width: 980px) 980px, (min-width: 981px) and (max-width: 1280px) 1280px, (min-width: 1281px) 2560px, 100vw\"><\/div>\n\t\t<\/figure>\n\t<\/div>\n\n\t<div class=\"wpb_text_column wpb_content_element\">\n\t\t<div class=\"wpb_wrapper\">\n\t\t\t<div class=\"wpb_text_column wpb_content_element\">\n<div class=\"wpb_wrapper\">\n<p style=\"text-align: center;\"><strong><span style=\"font-size: 36pt; font-family: bon-vivant-serif;\">\"La Table\" de Yoann Conte<\/span><\/strong><\/p>\n<p style=\"text-align: center;\"><span style=\"font-size: 14pt; font-family: brandon-light;\">Restaurante con 2 estrellas en la Gu\u00eda Michelin y 5 toques en Gault et Millau. Entre en el mundo de nuestro chef bret\u00f3n, saboyano de adopci\u00f3n.<\/span><\/p>\n<\/div>\n<\/div>\n\n\t\t<\/div>\n\t<\/div>\n<div class=\"vc_btn3-container vc_btn3-center vc_custom_1736939775629 vc_do_btn\"><a class=\"vc_general vc_btn3 vc_btn3-size-md vc_btn3-shape-square vc_btn3-style-classic vc_btn3-color-white\" href=\"https:\/\/bookings.zenchef.com\/results?rid=352348&amp;pid=1001\" title=\"\">Reservar<\/a><\/div><\/div><\/div><\/div><\/div><div class=\"vc_row wpb_row vc_row-fluid mpc-row\"><div class=\"wpb_column vc_column_container vc_col-sm-6 mpc-column\" data-column-id=\"mpc_column-2969e8c8bc985f5\"><div class=\"vc_column-inner\"><div class=\"wpb_wrapper\">\n\t<div class=\"wpb_single_image wpb_content_element vc_align_center wpb_content_element\">\n\t\t\n\t\t<figure class=\"wpb_wrapper vc_figure\">\n\t\t\t<div class=\"vc_single_image-wrapper   vc_box_border_grey\"><img loading=\"lazy\" decoding=\"async\" width=\"2560\" height=\"1707\" src=\"https:\/\/yoann-conte.com\/wp-content\/uploads\/2024\/10\/DSC_5107-scaled.jpg\" class=\"vc_single_image-img attachment-full\" alt=\"\" title=\"DSC_5107\" srcset=\"https:\/\/yoann-conte.com\/wp-content\/uploads\/2024\/10\/DSC_5107-scaled.jpg 2560w, https:\/\/yoann-conte.com\/wp-content\/uploads\/2024\/10\/DSC_5107-1280x854.jpg 1280w, https:\/\/yoann-conte.com\/wp-content\/uploads\/2024\/10\/DSC_5107-980x653.jpg 980w, https:\/\/yoann-conte.com\/wp-content\/uploads\/2024\/10\/DSC_5107-480x320.jpg 480w\" sizes=\"(min-width: 0px) and (max-width: 480px) 480px, (min-width: 481px) and (max-width: 980px) 980px, (min-width: 981px) and (max-width: 1280px) 1280px, (min-width: 1281px) 2560px, 100vw\"><\/div>\n\t\t<\/figure>\n\t<\/div>\n\n\t<div class=\"wpb_text_column wpb_content_element\">\n\t\t<div class=\"wpb_wrapper\">\n\t\t\t<div class=\"wpb_text_column wpb_content_element\">\n<div class=\"wpb_wrapper\">\n<p style=\"text-align: center;\"><strong><span style=\"font-size: 36pt; font-family: bon-vivant-serif;\">El ROC<\/span><\/strong><\/p>\n<\/div>\n<\/div>\n\n\t\t<\/div>\n\t<\/div>\n\n\t<div class=\"wpb_text_column wpb_content_element\">\n\t\t<div class=\"wpb_wrapper\">\n\t\t\t<div class=\"wpb_text_column wpb_content_element\">\n<div class=\"wpb_wrapper\">\n<p style=\"text-align: center;\"><span style=\"font-size: 14pt; font-family: bon-vivant-serif;\"><span style=\"font-family: brandon-light;\">Hermano peque\u00f1o de nuestro restaurante, calificado 14\/20 por Gault&amp;Millau, nuestro restaurante, situado tambi\u00e9n en la Maison Bleue, le ofrece una primera toma de contacto con el refinado universo del Chef Yoann Conte.<\/span>&nbsp;<\/span><\/p>\n<\/div>\n<\/div>\n\n\t\t<\/div>\n\t<\/div>\n<div class=\"vc_btn3-container vc_btn3-center vc_custom_1736939802397 vc_do_btn\"><a class=\"vc_general vc_btn3 vc_btn3-size-md vc_btn3-shape-square vc_btn3-style-classic vc_btn3-color-white\" href=\"https:\/\/bookings.zenchef.com\/results?rid=352573&amp;pid=1001\" title=\"\">Reservar<\/a><\/div><\/div><\/div><\/div><div class=\"wpb_column vc_column_container vc_col-sm-6 mpc-column\" data-column-id=\"mpc_column-869e8c8bc9878d\"><div class=\"vc_column-inner\"><div class=\"wpb_wrapper\"><\/div><\/div><\/div><\/div><div class=\"vc_row wpb_row vc_row-fluid mpc-row\"><div class=\"wpb_column vc_column_container vc_col-sm-12 mpc-column\" data-column-id=\"mpc_column-2869e8c8bc98cdc\"><div class=\"vc_column-inner\"><div class=\"wpb_wrapper\"><div class=\"vc_empty_space\" style=\"height: 150px\"><span class=\"vc_empty_space_inner\"><\/span><\/div><\/div><\/div><\/div><\/div><div class=\"vc_row wpb_row vc_row-fluid mpc-row\"><div class=\"wpb_column vc_column_container vc_col-sm-3 mpc-column\" data-column-id=\"mpc_column-2069e8c8bc99178\"><div class=\"vc_column-inner\"><div class=\"wpb_wrapper\"><div class=\"vc_empty_space\" style=\"height: 50px\"><span class=\"vc_empty_space_inner\"><\/span><\/div><\/div><\/div><\/div><div class=\"wpb_column vc_column_container vc_col-sm-6 mpc-column\" data-column-id=\"mpc_column-7669e8c8bc996ba\"><div class=\"vc_column-inner\"><div class=\"wpb_wrapper\">\n\t<div class=\"wpb_text_column wpb_content_element\">\n\t\t<div class=\"wpb_wrapper\">\n\t\t\t<h2 style=\"text-align: center;\"><span style=\"font-family: brandon-regular; font-size: 18pt;\"><strong>\u00bfNecesita ayuda con sus reservas?<\/strong><\/span><\/h2>\n<p style=\"text-align: center;\"><span style=\"font-size: 14pt; font-family: brandon-light;\">Nuestro equipo est\u00e1 a su disposici\u00f3n para responder a todas sus preguntas y ayudarle a organizar su experiencia en uno de nuestros establecimientos.<\/span><\/p>\n\n\t\t<\/div>\n\t<\/div>\n<div class=\"vc_btn3-container vc_btn3-center vc_do_btn\"><a class=\"vc_general vc_btn3 vc_btn3-size-md vc_btn3-shape-square vc_btn3-style-classic vc_btn3-color-white\" href=\"https:\/\/yoann-conte.com\/es\/contact\/\" title=\"Contacto\">CONTACTO<\/a><\/div><div class=\"vc_empty_space\" style=\"height: 150px\"><span class=\"vc_empty_space_inner\"><\/span><\/div><\/div><\/div><\/div><div class=\"wpb_column vc_column_container vc_col-sm-3 mpc-column\" data-column-id=\"mpc_column-4569e8c8bc99837\"><div class=\"vc_column-inner\"><div class=\"wpb_wrapper\"><\/div><\/div><\/div><\/div><div class=\"vc_row wpb_row vc_row-fluid mpc-row\"><div class=\"wpb_column vc_column_container vc_col-sm-12 mpc-column\" data-column-id=\"mpc_column-5969e8c8bc99c58\"><div class=\"vc_column-inner\"><div class=\"wpb_wrapper\"><\/div><\/div><\/div><\/div><div data-vc-full-width=\"true\" data-vc-full-width-init=\"false\" data-vc-stretch-content=\"true\" class=\"vc_row wpb_row vc_row-fluid vc_custom_1711620905692 vc_row-no-padding vc_row-o-equal-height vc_row-flex mpc-row\"><div class=\"wpb_column vc_column_container vc_col-sm-12 mpc-column\" data-column-id=\"mpc_column-5569e8c8bc9abef\"><div class=\"vc_column-inner\"><div class=\"wpb_wrapper\">\n\t<div class=\"wpb_single_image wpb_content_element vc_align_center wpb_content_element\">\n\t\t\n\t\t<figure class=\"wpb_wrapper vc_figure\">\n\t\t\t<div class=\"vc_single_image-wrapper   vc_box_border_grey\"><img loading=\"lazy\" decoding=\"async\" width=\"2000\" height=\"1031\" src=\"https:\/\/yoann-conte.com\/wp-content\/uploads\/2024\/03\/yoann-conte-les-resto-foudimages-074-1.jpg\" class=\"vc_single_image-img attachment-full\" alt=\"\" title=\"yoann-conte-les-resto-foudimages-074\"><\/div>\n\t\t<\/figure>\n\t<\/div>\n<div class=\"vc_empty_space\" style=\"height: 150px\"><span class=\"vc_empty_space_inner\"><\/span><\/div><\/div><\/div><\/div><\/div><div class=\"vc_row-full-width vc_clearfix\"><\/div>\n<\/div>","protected":false},"excerpt":{"rendered":"R&eacute;server D&eacute;couvrez nos trois adresses d'exception pour un s&eacute;jour ou un moment culinaire inoubliable :&nbsp; La Maison Bleue Offrez-vous une parenth&egrave;se &nbsp;de luxe et de s&eacute;r&eacute;nit&eacute; dans notre h&ocirc;tel 5 &eacute;toiles Relais&amp;Ch&acirc;teaux au charme raffin&eacute;, id&eacute;alement situ&eacute; face au lac d'Annecy. R&Eacute;SERVER La Table de Yoann Conte Restaurant 2 &eacute;toiles au Guide Michelin et 5","protected":false},"author":3,"featured_media":0,"parent":0,"menu_order":0,"comment_status":"closed","ping_status":"closed","template":"","meta":{"_et_pb_use_builder":"","_et_pb_old_content":"","_et_gb_content_width":"","inline_featured_image":false,"footnotes":""},"class_list":["post-33384","page","type-page","status-publish","hentry"],"yoast_head":"<!-- This site is optimized with the Yoast SEO plugin v27.4 - https:\/\/yoast.com\/product\/yoast-seo-wordpress\/ -->\n<title>R\u00e9server - Yoann Conte, un lieu embl\u00e9matique \u00e0 Veyrier-du-lac, o\u00f9 se rencontrent l&#039;\u00e9l\u00e9gance de notre h\u00f4tel 5 \u00e9toiles et la cr\u00e9ativit\u00e9 d\u2019une cuisine gastronomique 2 \u00e9toiles, au c\u0153ur d\u2019un cadre naturel exceptionnel.<\/title>\n<meta name=\"robots\" content=\"index, follow, max-snippet:-1, max-image-preview:large, max-video-preview:-1\" \/>\n<link rel=\"canonical\" href=\"https:\/\/yoann-conte.com\/es\/reserver\/\" \/>\n<meta property=\"og:locale\" content=\"es_ES\" \/>\n<meta property=\"og:type\" content=\"article\" \/>\n<meta property=\"og:title\" content=\"R\u00e9server - Yoann Conte, un lieu embl\u00e9matique \u00e0 Veyrier-du-lac, o\u00f9 se rencontrent l&#039;\u00e9l\u00e9gance de notre h\u00f4tel 5 \u00e9toiles et la cr\u00e9ativit\u00e9 d\u2019une cuisine gastronomique 2 \u00e9toiles, au c\u0153ur d\u2019un cadre naturel exceptionnel.\" \/>\n<meta property=\"og:url\" content=\"https:\/\/yoann-conte.com\/es\/reserver\/\" \/>\n<meta property=\"og:site_name\" content=\"Yoann Conte, un lieu embl\u00e9matique \u00e0 Veyrier-du-lac, o\u00f9 se rencontrent l&#039;\u00e9l\u00e9gance de notre h\u00f4tel 5 \u00e9toiles et la cr\u00e9ativit\u00e9 d\u2019une cuisine gastronomique 2 \u00e9toiles, au c\u0153ur d\u2019un cadre naturel exceptionnel.\" \/>\n<meta property=\"article:modified_time\" content=\"2026-03-12T15:41:11+00:00\" \/>\n<meta name=\"twitter:card\" content=\"summary_large_image\" \/>\n<meta name=\"twitter:label1\" content=\"Tiempo de lectura\" \/>\n\t<meta name=\"twitter:data1\" content=\"2 minutos\" \/>\n<script type=\"application\/ld+json\" class=\"yoast-schema-graph\">{\"@context\":\"https:\\\/\\\/schema.org\",\"@graph\":[{\"@type\":\"WebPage\",\"@id\":\"https:\\\/\\\/yoann-conte.com\\\/reserver\\\/\",\"url\":\"https:\\\/\\\/yoann-conte.com\\\/reserver\\\/\",\"name\":\"R\u00e9server - Yoann Conte, un lieu embl\u00e9matique \u00e0 Veyrier-du-lac, o\u00f9 se rencontrent l&#039;\u00e9l\u00e9gance de notre h\u00f4tel 5 \u00e9toiles et la cr\u00e9ativit\u00e9 d\u2019une cuisine gastronomique 2 \u00e9toiles, au c\u0153ur d\u2019un cadre naturel exceptionnel.\",\"isPartOf\":{\"@id\":\"https:\\\/\\\/yoann-conte.com\\\/#website\"},\"datePublished\":\"2025-01-15T14:45:35+00:00\",\"dateModified\":\"2026-03-12T15:41:11+00:00\",\"breadcrumb\":{\"@id\":\"https:\\\/\\\/yoann-conte.com\\\/reserver\\\/#breadcrumb\"},\"inLanguage\":\"es\",\"potentialAction\":[{\"@type\":\"ReadAction\",\"target\":[\"https:\\\/\\\/yoann-conte.com\\\/reserver\\\/\"]}]},{\"@type\":\"BreadcrumbList\",\"@id\":\"https:\\\/\\\/yoann-conte.com\\\/reserver\\\/#breadcrumb\",\"itemListElement\":[{\"@type\":\"ListItem\",\"position\":1,\"name\":\"Accueil\",\"item\":\"https:\\\/\\\/yoann-conte.com\\\/\"},{\"@type\":\"ListItem\",\"position\":2,\"name\":\"R\u00e9server\"}]},{\"@type\":\"WebSite\",\"@id\":\"https:\\\/\\\/yoann-conte.com\\\/#website\",\"url\":\"https:\\\/\\\/yoann-conte.com\\\/\",\"name\":\"Yoann Conte, un lieu embl\u00e9matique \u00e0 Veyrier-du-lac, o\u00f9 se rencontrent l&#039;\u00e9l\u00e9gance de notre h\u00f4tel 5 \u00e9toiles et la cr\u00e9ativit\u00e9 d\u2019une cuisine gastronomique 2 \u00e9toiles, au c\u0153ur d\u2019un cadre naturel exceptionnel.\",\"description\":\"Restaurant gastronomique \u00e0 Annecy, Yoann Conte\",\"potentialAction\":[{\"@type\":\"SearchAction\",\"target\":{\"@type\":\"EntryPoint\",\"urlTemplate\":\"https:\\\/\\\/yoann-conte.com\\\/?s={search_term_string}\"},\"query-input\":{\"@type\":\"PropertyValueSpecification\",\"valueRequired\":true,\"valueName\":\"search_term_string\"}}],\"inLanguage\":\"es\"}]}<\/script>\n<!-- \/ Yoast SEO plugin. -->","yoast_head_json":{"title":"R\u00e9server - Yoann Conte, un lieu embl\u00e9matique \u00e0 Veyrier-du-lac, o\u00f9 se rencontrent l&#039;\u00e9l\u00e9gance de notre h\u00f4tel 5 \u00e9toiles et la cr\u00e9ativit\u00e9 d\u2019une cuisine gastronomique 2 \u00e9toiles, au c\u0153ur d\u2019un cadre naturel exceptionnel.","robots":{"index":"index","follow":"follow","max-snippet":"max-snippet:-1","max-image-preview":"max-image-preview:large","max-video-preview":"max-video-preview:-1"},"canonical":"https:\/\/yoann-conte.com\/es\/reserver\/","og_locale":"es_ES","og_type":"article","og_title":"R\u00e9server - Yoann Conte, un lieu embl\u00e9matique \u00e0 Veyrier-du-lac, o\u00f9 se rencontrent l&#039;\u00e9l\u00e9gance de notre h\u00f4tel 5 \u00e9toiles et la cr\u00e9ativit\u00e9 d\u2019une cuisine gastronomique 2 \u00e9toiles, au c\u0153ur d\u2019un cadre naturel exceptionnel.","og_url":"https:\/\/yoann-conte.com\/es\/reserver\/","og_site_name":"Yoann Conte, un lieu embl\u00e9matique \u00e0 Veyrier-du-lac, o\u00f9 se rencontrent l&#039;\u00e9l\u00e9gance de notre h\u00f4tel 5 \u00e9toiles et la cr\u00e9ativit\u00e9 d\u2019une cuisine gastronomique 2 \u00e9toiles, au c\u0153ur d\u2019un cadre naturel exceptionnel.","article_modified_time":"2026-03-12T15:41:11+00:00","twitter_card":"summary_large_image","twitter_misc":{"Tiempo de lectura":"2 minutos"},"schema":{"@context":"https:\/\/schema.org","@graph":[{"@type":"WebPage","@id":"https:\/\/yoann-conte.com\/reserver\/","url":"https:\/\/yoann-conte.com\/reserver\/","name":"R\u00e9server - Yoann Conte, un lieu embl\u00e9matique \u00e0 Veyrier-du-lac, o\u00f9 se rencontrent l&#039;\u00e9l\u00e9gance de notre h\u00f4tel 5 \u00e9toiles et la cr\u00e9ativit\u00e9 d\u2019une cuisine gastronomique 2 \u00e9toiles, au c\u0153ur d\u2019un cadre naturel exceptionnel.","isPartOf":{"@id":"https:\/\/yoann-conte.com\/#website"},"datePublished":"2025-01-15T14:45:35+00:00","dateModified":"2026-03-12T15:41:11+00:00","breadcrumb":{"@id":"https:\/\/yoann-conte.com\/reserver\/#breadcrumb"},"inLanguage":"es","potentialAction":[{"@type":"ReadAction","target":["https:\/\/yoann-conte.com\/reserver\/"]}]},{"@type":"BreadcrumbList","@id":"https:\/\/yoann-conte.com\/reserver\/#breadcrumb","itemListElement":[{"@type":"ListItem","position":1,"name":"Accueil","item":"https:\/\/yoann-conte.com\/"},{"@type":"ListItem","position":2,"name":"R\u00e9server"}]},{"@type":"WebSite","@id":"https:\/\/yoann-conte.com\/#website","url":"https:\/\/yoann-conte.com\/","name":"Yoann Conte, un lieu embl\u00e9matique \u00e0 Veyrier-du-lac, o\u00f9 se rencontrent l&#039;\u00e9l\u00e9gance de notre h\u00f4tel 5 \u00e9toiles et la cr\u00e9ativit\u00e9 d\u2019une cuisine gastronomique 2 \u00e9toiles, au c\u0153ur d\u2019un cadre naturel exceptionnel.","description":"Restaurante gastron\u00f3mico en Annecy, Yoann Conte","potentialAction":[{"@type":"SearchAction","target":{"@type":"EntryPoint","urlTemplate":"https:\/\/yoann-conte.com\/?s={search_term_string}"},"query-input":{"@type":"PropertyValueSpecification","valueRequired":true,"valueName":"search_term_string"}}],"inLanguage":"es"}]}},"_links":{"self":[{"href":"https:\/\/yoann-conte.com\/es\/wp-json\/wp\/v2\/pages\/33384","targetHints":{"allow":["GET"]}}],"collection":[{"href":"https:\/\/yoann-conte.com\/es\/wp-json\/wp\/v2\/pages"}],"about":[{"href":"https:\/\/yoann-conte.com\/es\/wp-json\/wp\/v2\/types\/page"}],"author":[{"embeddable":true,"href":"https:\/\/yoann-conte.com\/es\/wp-json\/wp\/v2\/users\/3"}],"replies":[{"embeddable":true,"href":"https:\/\/yoann-conte.com\/es\/wp-json\/wp\/v2\/comments?post=33384"}],"version-history":[{"count":4,"href":"https:\/\/yoann-conte.com\/es\/wp-json\/wp\/v2\/pages\/33384\/revisions"}],"predecessor-version":[{"id":35340,"href":"https:\/\/yoann-conte.com\/es\/wp-json\/wp\/v2\/pages\/33384\/revisions\/35340"}],"wp:attachment":[{"href":"https:\/\/yoann-conte.com\/es\/wp-json\/wp\/v2\/media?parent=33384"}],"curies":[{"name":"wp","href":"https:\/\/api.w.org\/{rel}","templated":true}]}}