{"id":31739,"date":"2024-03-26T15:35:25","date_gmt":"2024-03-26T14:35:25","guid":{"rendered":"https:\/\/yoann-conte.com\/?page_id=31739"},"modified":"2024-03-26T15:35:25","modified_gmt":"2024-03-26T14:35:25","slug":"donnees-personnelles","status":"publish","type":"page","link":"https:\/\/yoann-conte.com\/es\/donnees-personnelles\/","title":{"rendered":"Pol\u00edtica de privacidad"},"content":{"rendered":"<h2>Informaci\u00f3n recogida en el sitio web<\/h2>\n<div>Todos los datos recogidos en este sitio, por cualquier medio que sea, son para uso exclusivo de SAS YOANN CONTE BORD DU LAC. De conformidad con el art\u00edculo 34 de la Ley francesa 78-17 de 6 de enero de 1978 relativa a la inform\u00e1tica, a los ficheros y a las libertades, usted dispone de un derecho de acceso, de modificaci\u00f3n, de rectificaci\u00f3n y de supresi\u00f3n de los datos que le conciernen. Para ejercer este derecho, p\u00f3ngase en contacto con nosotros por correo electr\u00f3nico en la direcci\u00f3n contact@yoann-conte.com o por correo postal en la siguiente direcci\u00f3n: 13 VIEILLE ROUTE DES PENSIERES 74290 VEYRIER-DU-LAC Francia<\/div>\n<div><\/div>\n<h2>Formulario<\/h2>\n<div>\n<div>La informaci\u00f3n recogida en este sitio a trav\u00e9s de los formularios se procesa con el fin de preparar una propuesta comercial. El destinatario de los datos es: SAS YOANN CONTE BORD DU LAC. De conformidad con la Ley Inform\u00e1tica y Libertades de 6 de enero de 1978, usted dispone de un derecho de acceso y rectificaci\u00f3n de los datos que le conciernen. Si desea ejercer este derecho y obtener informaci\u00f3n sobre usted, p\u00f3ngase en contacto con nosotros en la direcci\u00f3n arriba indicada.<\/div>\n<div><\/div>\n<div><\/div>\n<\/div>\n<h2>Condiciones de uso de las cookies<\/h2>\n<div><\/div>\n<h2>Uso de cookies en el sitio web yoann-conte.com<\/h2>\n<div>\n<div>Cuando visita nuestro sitio web, la informaci\u00f3n relativa a la navegaci\u00f3n de su terminal (ordenador, tableta, smartphone, etc.) en nuestro sitio puede quedar registrada en archivos \"cookie\" instalados en su terminal, a reserva de las opciones que haya elegido en relaci\u00f3n con las cookies y que podr\u00e1 modificar en cualquier momento. Una cookie es un peque\u00f1o archivo de texto que se almacena en un espacio dedicado del disco duro de su terminal cuando utiliza su navegador para consultar un servicio en l\u00ednea. Permite a su emisor identificar el terminal en el que se almacena, durante el periodo de validez o almacenamiento de la cookie.<\/div>\n<div><\/div>\n<div><\/div>\n<h2>\u00bfPara qu\u00e9 se utilizan las cookies en nuestro sitio web?<\/h2>\n<div>\n<div>S\u00f3lo el emisor de una cookie puede leer o modificar la informaci\u00f3n que contiene. Las cookies que emitimos en nuestro sitio se utilizan para los fines descritos a continuaci\u00f3n, a reserva de sus elecciones, que resultan de la configuraci\u00f3n del software de su navegador utilizado cuando visita nuestro sitio y cuya configuraci\u00f3n puede modificar en cualquier momento.<\/div>\n<div>Las cookies que utilizamos nos permiten elaborar estad\u00edsticas y vol\u00famenes de visitas y de utilizaci\u00f3n de los distintos elementos que componen nuestro sitio (secciones y contenidos visitados, navegaci\u00f3n), lo que nos permite mejorar el inter\u00e9s y la ergonom\u00eda de nuestros servicios. Para adaptar la presentaci\u00f3n de nuestro sitio a las preferencias de visualizaci\u00f3n de su terminal (idioma utilizado, resoluci\u00f3n de pantalla, sistema operativo utilizado, etc.) durante sus visitas a nuestro sitio, en funci\u00f3n del hardware y software de visualizaci\u00f3n o lectura de que disponga su terminal. Para memorizar informaci\u00f3n relativa a un formulario que haya rellenado en nuestro sitio (inscripci\u00f3n o acceso a su cuenta o autenticaci\u00f3n para acceder a uno de los servicios de nuestro grupo) o a productos, servicios o informaci\u00f3n que haya elegido en nuestro sitio (servicio suscrito, contenido de una cesta de pedido, etc.). para permitirle acceder a zonas reservadas y personales de nuestro sitio, como su cuenta, utilizando identificadores o datos que nos haya podido confiar previamente para aplicar medidas de seguridad, por ejemplo cuando se le pide que se conecte de nuevo a un contenido o a un servicio despu\u00e9s de un determinado per\u00edodo de tiempo.<\/div>\n<div><\/div>\n<div><\/div>\n<h2>Cookies enviadas a nuestro sitio por terceros<\/h2>\n<div>La emisi\u00f3n y el uso de cookies por parte de terceros est\u00e1n sujetos a las pol\u00edticas de protecci\u00f3n de la privacidad de estos terceros. Le informamos de la finalidad de las cookies de las que tenemos conocimiento y de los medios de que dispone para elegir en relaci\u00f3n con dichas cookies.<\/div>\n<div><\/div>\n<div><\/div>\n<h2>Aplicaciones de terceros integradas en nuestro sitio<\/h2>\n<div>Podemos incluir en nuestro sitio aplicaciones inform\u00e1ticas de terceros que le permitan compartir contenidos de nuestro sitio con otras personas o informar a estas otras personas de su consulta o de su opini\u00f3n sobre contenidos de nuestro sitio. Este es el caso, en particular, de los botones \u00abCompartir\u00bb y \u00abMe gusta\u00bb de redes sociales como Facebook, Twitter, etc. Es probable que la red social que proporciona dicho bot\u00f3n de aplicaci\u00f3n le identifique gracias a este bot\u00f3n, aunque usted no lo haya utilizado al visitar nuestro sitio. De hecho, este tipo de bot\u00f3n de aplicaci\u00f3n puede permitir a la red social en cuesti\u00f3n rastrear su navegaci\u00f3n en nuestro sitio, simplemente porque su cuenta con la red social en cuesti\u00f3n se activ\u00f3 en su terminal (sesi\u00f3n abierta) durante su navegaci\u00f3n en nuestro sitio. No tenemos ning\u00fan control sobre el proceso utilizado por las redes sociales para recopilar informaci\u00f3n relativa a su navegaci\u00f3n en nuestro sitio y asociada a los datos personales que poseen. Le invitamos a consultar las pol\u00edticas de protecci\u00f3n de la vida privada de estas redes sociales para saber c\u00f3mo se utiliza la informaci\u00f3n de navegaci\u00f3n que pueden recoger a trav\u00e9s de estos botones de aplicaci\u00f3n, en particular con fines publicitarios. Estas pol\u00edticas de protecci\u00f3n deben permitirle ejercer sus opciones con respecto a estas redes sociales, en particular mediante la configuraci\u00f3n de sus cuentas de usuario para cada una de estas redes.<\/div>\n<div><\/div>\n<div><\/div>\n<h2>Sus preferencias en relaci\u00f3n con las cookies<\/h2>\n<div>Dispone de varias opciones para gestionar las cookies. Los ajustes que realice pueden afectar a su navegaci\u00f3n por Internet y a sus condiciones de acceso a determinados servicios que requieren el uso de cookies. Puede elegir en cualquier momento expresar y modificar sus deseos con respecto a las cookies, por los medios que se describen a continuaci\u00f3n. Las opciones que le ofrece su programa de navegaci\u00f3n Puede configurar su programa de navegaci\u00f3n para que las cookies se almacenen en su terminal o, por el contrario, para que se rechacen, ya sea sistem\u00e1ticamente o en funci\u00f3n del remitente. Tambi\u00e9n puede configurar su programa de navegaci\u00f3n para que se le ofrezca la posibilidad de aceptar o rechazar las cookies cada cierto tiempo, antes de que una cookie pueda almacenarse en su terminal.<\/div>\n<div><\/div>\n<div>Para m\u00e1s informaci\u00f3n, consulte \"C\u00f3mo ejercer sus opciones, seg\u00fan el navegador que utilice\".<\/div>\n<div>Acuerdo sobre las cookies El registro de una cookie en un terminal est\u00e1 sujeto esencialmente a la voluntad del usuario del terminal, que puede expresarla y modificarla en cualquier momento y de forma gratuita a trav\u00e9s de las opciones que le ofrece su software de navegaci\u00f3n. Si ha aceptado el almacenamiento de cookies en su terminal en el software de su navegador, las cookies integradas en las p\u00e1ginas y contenidos que haya consultado podr\u00e1n almacenarse temporalmente en un espacio dedicado de su terminal. All\u00ed s\u00f3lo podr\u00e1n ser le\u00eddas por el remitente.<\/div>\n<div><\/div>\n<div>Rechazo de cookies Si rechaza aceptar cookies en su terminal, o si borra las cookies almacenadas en su terminal, ya no podr\u00e1 beneficiarse de un cierto n\u00famero de funciones que, sin embargo, son necesarias para navegar por determinadas zonas de nuestro sitio. Este ser\u00eda el caso si intentara acceder a nuestros contenidos o servicios que requieren que usted se identifique. Lo mismo ocurrir\u00eda si nosotros o nuestros proveedores de servicios no pudi\u00e9ramos reconocer, por razones de compatibilidad t\u00e9cnica, el tipo de navegador utilizado por su terminal, su configuraci\u00f3n de idioma y visualizaci\u00f3n o el pa\u00eds desde el que su terminal parece estar conectado a Internet. En su caso, declinamos toda responsabilidad por las consecuencias vinculadas a la degradaci\u00f3n del funcionamiento de nuestros servicios resultante de la imposibilidad para nosotros de registrar o consultar las cookies necesarias para su funcionamiento y que usted hubiera rechazado o suprimido.<\/div>\n<div><\/div>\n<div>\u00bfC\u00f3mo puede ejercer sus opciones en funci\u00f3n del navegador que utilice? Cada navegador tiene una configuraci\u00f3n diferente para gestionar las cookies y sus opciones. Esto se describe en el men\u00fa de ayuda de su navegador, que le indicar\u00e1 c\u00f3mo modificar sus preferencias de cookies.<\/div>\n<div><\/div>\n<div>Para Chrome\u2122: Soporte de Google. Para Internet Explorer\u2122: Microsoft Windows. Para Safari\u2122: Informaci\u00f3n de Apple. Para Firefox\u2122: Soporte Mozilla. Para Opera\u2122 : Ayuda Opera. Etc...<\/div>\n<div><\/div>\n<\/div>\n<div><\/div>\n<div>\n<h2>Flash\"\u00a9 cookies de \u201cAdobe Flash Player\u201d\u2122cookies<\/h2>\n<div>\u00abAdobe Flash Player\u00bb\u2122 es una aplicaci\u00f3n inform\u00e1tica que permite desarrollar r\u00e1pidamente contenidos din\u00e1micos utilizando el lenguaje inform\u00e1tico \u00abFlash\u00bb. Flash (y las aplicaciones del mismo tipo) memoriza la configuraci\u00f3n, las preferencias y el uso de este contenido mediante una tecnolog\u00eda similar a las cookies. Sin embargo, \u00abAdobe Flash Player\u00bb\u2122 gestiona esta informaci\u00f3n y sus elecciones a trav\u00e9s de una interfaz diferente de la que proporciona su software de navegaci\u00f3n. En la medida en que su terminal sea susceptible de visualizar contenidos desarrollados con lenguaje Flash, le invitamos a acceder a sus herramientas de gesti\u00f3n de cookies Flash, directamente desde el sitio HTTP:\/\/WWW.ADOBE.COM\/FR\/.<\/div>\n<div><\/div>\n<div>Las cookies que enviamos nos permiten, si su terminal ha permitido que se guarden, en funci\u00f3n de sus elecciones, elaborar estad\u00edsticas, adaptar la presentaci\u00f3n del sitio al que conduce uno de nuestros contenidos publicitarios en funci\u00f3n de las preferencias de visualizaci\u00f3n de su terminal (idioma utilizado, resoluci\u00f3n de visualizaci\u00f3n, sistema operativo utilizado, etc.) durante sus visitas a nuestro sitio y en funci\u00f3n del hardware y software de que disponga su terminal, o en funci\u00f3n de los datos de localizaci\u00f3n (longitud y latitud) que su terminal nos transmita a nosotros (o a nuestros proveedores de servicios). para adaptar la presentaci\u00f3n del sitio al que conduce uno de nuestros contenidos publicitarios, en funci\u00f3n de las preferencias de visualizaci\u00f3n de su terminal (idioma utilizado, resoluci\u00f3n de visualizaci\u00f3n, sistema operativo utilizado, etc.) durante sus visitas a nuestro sitio y en funci\u00f3n del hardware y software de visualizaci\u00f3n o lectura de que disponga su terminal, o en funci\u00f3n de los datos de localizaci\u00f3n (longitud y latitud) que su terminal nos transmita (o a nuestros proveedores de servicios) con su consentimiento previo para seguir la navegaci\u00f3n posterior de su terminal por sitios\/aplicaciones.<\/div>\n<div><\/div>\n<div><\/div>\n<h2>Si comparte el uso de su ordenador con otras personas<\/h2>\n<div>Si su terminal es utilizado por varias personas y cuando un mismo terminal dispone de varios navegadores, no podemos estar seguros de que los servicios y anuncios destinados a su terminal correspondan a su propio uso de este terminal y no al de otro usuario de este terminal. En su caso, el hecho de compartir con otras personas el uso de su terminal y la configuraci\u00f3n de los par\u00e1metros de su navegador en relaci\u00f3n con las cookies es una cuesti\u00f3n de su libre elecci\u00f3n y responsabilidad.<\/div>\n<div><\/div>\n<div><\/div>\n<h2>Lista de cookies<\/h2>\n<div>Cookies emitidas para fines esenciales :<\/div>\n<div>Estas cookies son esenciales para el funcionamiento del sitio. Sin ellas, no ser\u00eda posible recordar sus elecciones y su visita, por ejemplo no mostrando la animaci\u00f3n introductoria de un sitio si ya la ha visto.<\/div>\n<div><\/div>\n<div>PHPSESSID &gt; Nos permite identificarle en nuestro sitio y almacenar su historial de navegaci\u00f3n durante su visita.<\/div>\n<div><\/div>\n<div><\/div>\n<h2>Cookies de medici\u00f3n de audiencia y estad\u00edsticas emitidas por Google Analytics :<\/h2>\n<div>Estas cookies nos permiten hacer un seguimiento del n\u00famero de usuarios e identificar c\u00f3mo utilizan el sitio. Los datos recogidos nos permiten mejorar constantemente su experiencia de usuario.<\/div>\n<div><\/div>\n<div>Los datos as\u00ed seleccionados no pueden utilizarse para identificar a un usuario, ya que la informaci\u00f3n es an\u00f3nima.<\/div>\n<div>Se utilizan para elaborar estad\u00edsticas y vol\u00famenes de visitas y de utilizaci\u00f3n de los distintos elementos que componen nuestros sitios (secciones y contenidos visitados, recorrido realizado), lo que nos permite mejorar el inter\u00e9s y la ergonom\u00eda de nuestros servicios.<\/div>\n<div><\/div>\n<div><\/div>\n<h2>Cookies emitidas por aplicaciones de terceros integradas en nuestro sitio:<\/h2>\n<div>Podemos incluir en nuestro sitio aplicaciones inform\u00e1ticas de terceros que le permitan compartir contenidos de nuestro sitio con otras personas o informar a estas otras personas de su consulta u opini\u00f3n sobre contenidos de nuestro sitio. Es el caso, en particular, de los botones \"Compartir\" y \"Me gusta\" de redes sociales como Facebook, Twitter, Google+, etc.<\/div>\n<div><\/div>\n<div>Es probable que la red social que proporciona dicho bot\u00f3n de aplicaci\u00f3n le identifique gracias a este bot\u00f3n, aunque usted no lo haya utilizado al visitar nuestro sitio. De hecho, este tipo de bot\u00f3n de aplicaci\u00f3n puede permitir a la red social en cuesti\u00f3n seguir su navegaci\u00f3n en nuestro sitio, simplemente porque su cuenta en la red social en cuesti\u00f3n se activ\u00f3 en su ordenador (sesi\u00f3n abierta) durante su navegaci\u00f3n en nuestro sitio. No tenemos ning\u00fan control sobre el proceso utilizado por las redes sociales para recopilar informaci\u00f3n relativa a su navegaci\u00f3n en nuestro sitio y asociada a los datos personales que poseen.<\/div>\n<div><\/div>\n<div>Le invitamos a consultar las pol\u00edticas de protecci\u00f3n de la vida privada de estas redes sociales para saber c\u00f3mo se utiliza la informaci\u00f3n de navegaci\u00f3n que pueden recoger a trav\u00e9s de estos botones de aplicaci\u00f3n, en particular con fines publicitarios. Estas pol\u00edticas de protecci\u00f3n deber\u00edan permitirle ejercer sus opciones con respecto a estas redes sociales, en particular mediante la configuraci\u00f3n de sus cuentas de usuario para cada una de estas redes.<\/div>\n<div><\/div>\n<div>Para conocer las pol\u00edticas de privacidad de las redes sociales mencionadas, haga clic en el nombre de la red social de su elecci\u00f3n:<\/div>\n<div><\/div>\n<div>Facebook | Twitter | Google | Tripadvisor<\/div>\n<\/div>\n<\/div>","protected":false},"excerpt":{"rendered":"<p>Informations collect\u00e9es sur le site Pour toutes les donn\u00e9es collect\u00e9es sur ce site, par quelques moyen que ce soit, sont \u00e0 l\u2019usage r\u00e9serv\u00e9 de la soci\u00e9t\u00e9 SAS YOANN CONTE BORD DU LAC. Conform\u00e9ment \u00e0 l\u2019article 34 de la loi 78-17 Informatique et Libert\u00e9s du 6 janvier 1978, vous disposez d\u2019un droit d\u2019acc\u00e8s, de modification, de<\/p>","protected":false},"author":1,"featured_media":0,"parent":0,"menu_order":0,"comment_status":"closed","ping_status":"closed","template":"","meta":{"_et_pb_use_builder":"","_et_pb_old_content":"","_et_gb_content_width":"","inline_featured_image":false,"footnotes":""},"class_list":["post-31739","page","type-page","status-publish","hentry"],"yoast_head":"<!-- This site is optimized with the Yoast SEO plugin v27.4 - https:\/\/yoast.com\/product\/yoast-seo-wordpress\/ -->\n<title>Donn\u00e9es personnelles - Yoann Conte, un lieu embl\u00e9matique \u00e0 Veyrier-du-lac, o\u00f9 se rencontrent l&#039;\u00e9l\u00e9gance de notre h\u00f4tel 5 \u00e9toiles et la cr\u00e9ativit\u00e9 d\u2019une cuisine gastronomique 2 \u00e9toiles, au c\u0153ur d\u2019un cadre naturel exceptionnel.<\/title>\n<meta name=\"robots\" content=\"index, follow, max-snippet:-1, max-image-preview:large, max-video-preview:-1\" \/>\n<link rel=\"canonical\" href=\"https:\/\/yoann-conte.com\/es\/donnees-personnelles\/\" \/>\n<meta property=\"og:locale\" content=\"es_ES\" \/>\n<meta property=\"og:type\" content=\"article\" \/>\n<meta property=\"og:title\" content=\"Donn\u00e9es personnelles - Yoann Conte, un lieu embl\u00e9matique \u00e0 Veyrier-du-lac, o\u00f9 se rencontrent l&#039;\u00e9l\u00e9gance de notre h\u00f4tel 5 \u00e9toiles et la cr\u00e9ativit\u00e9 d\u2019une cuisine gastronomique 2 \u00e9toiles, au c\u0153ur d\u2019un cadre naturel exceptionnel.\" \/>\n<meta property=\"og:description\" content=\"Informations collect\u00e9es sur le site Pour toutes les donn\u00e9es collect\u00e9es sur ce site, par quelques moyen que ce soit, sont \u00e0 l\u2019usage r\u00e9serv\u00e9 de la soci\u00e9t\u00e9 SAS YOANN CONTE BORD DU LAC. Conform\u00e9ment \u00e0 l\u2019article 34 de la loi 78-17 Informatique et Libert\u00e9s du 6 janvier 1978, vous disposez d\u2019un droit d\u2019acc\u00e8s, de modification, de\" \/>\n<meta property=\"og:url\" content=\"https:\/\/yoann-conte.com\/es\/donnees-personnelles\/\" \/>\n<meta property=\"og:site_name\" content=\"Yoann Conte, un lieu embl\u00e9matique \u00e0 Veyrier-du-lac, o\u00f9 se rencontrent l&#039;\u00e9l\u00e9gance de notre h\u00f4tel 5 \u00e9toiles et la cr\u00e9ativit\u00e9 d\u2019une cuisine gastronomique 2 \u00e9toiles, au c\u0153ur d\u2019un cadre naturel exceptionnel.\" \/>\n<meta name=\"twitter:card\" content=\"summary_large_image\" \/>\n<meta name=\"twitter:label1\" content=\"Tiempo de lectura\" \/>\n\t<meta name=\"twitter:data1\" content=\"11 minutos\" \/>\n<script type=\"application\/ld+json\" class=\"yoast-schema-graph\">{\"@context\":\"https:\\\/\\\/schema.org\",\"@graph\":[{\"@type\":\"WebPage\",\"@id\":\"https:\\\/\\\/yoann-conte.com\\\/donnees-personnelles\\\/\",\"url\":\"https:\\\/\\\/yoann-conte.com\\\/donnees-personnelles\\\/\",\"name\":\"Donn\u00e9es personnelles - Yoann Conte, un lieu embl\u00e9matique \u00e0 Veyrier-du-lac, o\u00f9 se rencontrent l&#039;\u00e9l\u00e9gance de notre h\u00f4tel 5 \u00e9toiles et la cr\u00e9ativit\u00e9 d\u2019une cuisine gastronomique 2 \u00e9toiles, au c\u0153ur d\u2019un cadre naturel exceptionnel.\",\"isPartOf\":{\"@id\":\"https:\\\/\\\/yoann-conte.com\\\/#website\"},\"datePublished\":\"2024-03-26T14:35:25+00:00\",\"breadcrumb\":{\"@id\":\"https:\\\/\\\/yoann-conte.com\\\/donnees-personnelles\\\/#breadcrumb\"},\"inLanguage\":\"es\",\"potentialAction\":[{\"@type\":\"ReadAction\",\"target\":[\"https:\\\/\\\/yoann-conte.com\\\/donnees-personnelles\\\/\"]}]},{\"@type\":\"BreadcrumbList\",\"@id\":\"https:\\\/\\\/yoann-conte.com\\\/donnees-personnelles\\\/#breadcrumb\",\"itemListElement\":[{\"@type\":\"ListItem\",\"position\":1,\"name\":\"Accueil\",\"item\":\"https:\\\/\\\/yoann-conte.com\\\/\"},{\"@type\":\"ListItem\",\"position\":2,\"name\":\"Donn\u00e9es personnelles\"}]},{\"@type\":\"WebSite\",\"@id\":\"https:\\\/\\\/yoann-conte.com\\\/#website\",\"url\":\"https:\\\/\\\/yoann-conte.com\\\/\",\"name\":\"Yoann Conte, un lieu embl\u00e9matique \u00e0 Veyrier-du-lac, o\u00f9 se rencontrent l&#039;\u00e9l\u00e9gance de notre h\u00f4tel 5 \u00e9toiles et la cr\u00e9ativit\u00e9 d\u2019une cuisine gastronomique 2 \u00e9toiles, au c\u0153ur d\u2019un cadre naturel exceptionnel.\",\"description\":\"Restaurant gastronomique \u00e0 Annecy, Yoann Conte\",\"potentialAction\":[{\"@type\":\"SearchAction\",\"target\":{\"@type\":\"EntryPoint\",\"urlTemplate\":\"https:\\\/\\\/yoann-conte.com\\\/?s={search_term_string}\"},\"query-input\":{\"@type\":\"PropertyValueSpecification\",\"valueRequired\":true,\"valueName\":\"search_term_string\"}}],\"inLanguage\":\"es\"}]}<\/script>\n<!-- \/ Yoast SEO plugin. -->","yoast_head_json":{"title":"Donn\u00e9es personnelles - Yoann Conte, un lieu embl\u00e9matique \u00e0 Veyrier-du-lac, o\u00f9 se rencontrent l&#039;\u00e9l\u00e9gance de notre h\u00f4tel 5 \u00e9toiles et la cr\u00e9ativit\u00e9 d\u2019une cuisine gastronomique 2 \u00e9toiles, au c\u0153ur d\u2019un cadre naturel exceptionnel.","robots":{"index":"index","follow":"follow","max-snippet":"max-snippet:-1","max-image-preview":"max-image-preview:large","max-video-preview":"max-video-preview:-1"},"canonical":"https:\/\/yoann-conte.com\/es\/donnees-personnelles\/","og_locale":"es_ES","og_type":"article","og_title":"Donn\u00e9es personnelles - Yoann Conte, un lieu embl\u00e9matique \u00e0 Veyrier-du-lac, o\u00f9 se rencontrent l&#039;\u00e9l\u00e9gance de notre h\u00f4tel 5 \u00e9toiles et la cr\u00e9ativit\u00e9 d\u2019une cuisine gastronomique 2 \u00e9toiles, au c\u0153ur d\u2019un cadre naturel exceptionnel.","og_description":"Informations collect\u00e9es sur le site Pour toutes les donn\u00e9es collect\u00e9es sur ce site, par quelques moyen que ce soit, sont \u00e0 l\u2019usage r\u00e9serv\u00e9 de la soci\u00e9t\u00e9 SAS YOANN CONTE BORD DU LAC. Conform\u00e9ment \u00e0 l\u2019article 34 de la loi 78-17 Informatique et Libert\u00e9s du 6 janvier 1978, vous disposez d\u2019un droit d\u2019acc\u00e8s, de modification, de","og_url":"https:\/\/yoann-conte.com\/es\/donnees-personnelles\/","og_site_name":"Yoann Conte, un lieu embl\u00e9matique \u00e0 Veyrier-du-lac, o\u00f9 se rencontrent l&#039;\u00e9l\u00e9gance de notre h\u00f4tel 5 \u00e9toiles et la cr\u00e9ativit\u00e9 d\u2019une cuisine gastronomique 2 \u00e9toiles, au c\u0153ur d\u2019un cadre naturel exceptionnel.","twitter_card":"summary_large_image","twitter_misc":{"Tiempo de lectura":"11 minutos"},"schema":{"@context":"https:\/\/schema.org","@graph":[{"@type":"WebPage","@id":"https:\/\/yoann-conte.com\/donnees-personnelles\/","url":"https:\/\/yoann-conte.com\/donnees-personnelles\/","name":"Donn\u00e9es personnelles - Yoann Conte, un lieu embl\u00e9matique \u00e0 Veyrier-du-lac, o\u00f9 se rencontrent l&#039;\u00e9l\u00e9gance de notre h\u00f4tel 5 \u00e9toiles et la cr\u00e9ativit\u00e9 d\u2019une cuisine gastronomique 2 \u00e9toiles, au c\u0153ur d\u2019un cadre naturel exceptionnel.","isPartOf":{"@id":"https:\/\/yoann-conte.com\/#website"},"datePublished":"2024-03-26T14:35:25+00:00","breadcrumb":{"@id":"https:\/\/yoann-conte.com\/donnees-personnelles\/#breadcrumb"},"inLanguage":"es","potentialAction":[{"@type":"ReadAction","target":["https:\/\/yoann-conte.com\/donnees-personnelles\/"]}]},{"@type":"BreadcrumbList","@id":"https:\/\/yoann-conte.com\/donnees-personnelles\/#breadcrumb","itemListElement":[{"@type":"ListItem","position":1,"name":"Accueil","item":"https:\/\/yoann-conte.com\/"},{"@type":"ListItem","position":2,"name":"Donn\u00e9es personnelles"}]},{"@type":"WebSite","@id":"https:\/\/yoann-conte.com\/#website","url":"https:\/\/yoann-conte.com\/","name":"Yoann Conte, un lieu embl\u00e9matique \u00e0 Veyrier-du-lac, o\u00f9 se rencontrent l&#039;\u00e9l\u00e9gance de notre h\u00f4tel 5 \u00e9toiles et la cr\u00e9ativit\u00e9 d\u2019une cuisine gastronomique 2 \u00e9toiles, au c\u0153ur d\u2019un cadre naturel exceptionnel.","description":"Restaurante gastron\u00f3mico en Annecy, Yoann Conte","potentialAction":[{"@type":"SearchAction","target":{"@type":"EntryPoint","urlTemplate":"https:\/\/yoann-conte.com\/?s={search_term_string}"},"query-input":{"@type":"PropertyValueSpecification","valueRequired":true,"valueName":"search_term_string"}}],"inLanguage":"es"}]}},"_links":{"self":[{"href":"https:\/\/yoann-conte.com\/es\/wp-json\/wp\/v2\/pages\/31739","targetHints":{"allow":["GET"]}}],"collection":[{"href":"https:\/\/yoann-conte.com\/es\/wp-json\/wp\/v2\/pages"}],"about":[{"href":"https:\/\/yoann-conte.com\/es\/wp-json\/wp\/v2\/types\/page"}],"author":[{"embeddable":true,"href":"https:\/\/yoann-conte.com\/es\/wp-json\/wp\/v2\/users\/1"}],"replies":[{"embeddable":true,"href":"https:\/\/yoann-conte.com\/es\/wp-json\/wp\/v2\/comments?post=31739"}],"version-history":[{"count":0,"href":"https:\/\/yoann-conte.com\/es\/wp-json\/wp\/v2\/pages\/31739\/revisions"}],"wp:attachment":[{"href":"https:\/\/yoann-conte.com\/es\/wp-json\/wp\/v2\/media?parent=31739"}],"curies":[{"name":"wp","href":"https:\/\/api.w.org\/{rel}","templated":true}]}}