{"id":31733,"date":"2024-03-26T15:31:22","date_gmt":"2024-03-26T14:31:22","guid":{"rendered":"https:\/\/yoann-conte.com\/?page_id=31733"},"modified":"2026-03-12T16:05:28","modified_gmt":"2026-03-12T15:05:28","slug":"mentions-legales","status":"publish","type":"page","link":"https:\/\/yoann-conte.com\/es\/mentions-legales\/","title":{"rendered":"Menciones legales"},"content":{"rendered":"<div class=\"wpb-content-wrapper\"><div data-vc-full-width=\"true\" data-vc-full-width-init=\"false\" data-vc-stretch-content=\"true\" class=\"vc_row wpb_row vc_row-fluid vc_row-o-equal-height vc_row-flex mpc-row\"><div class=\"wpb_column vc_column_container vc_col-sm-12 mpc-column\" data-column-id=\"mpc_column-1069ea11f04703d\"><div class=\"vc_column-inner\"><div class=\"wpb_wrapper\"><div class=\"vc_row wpb_row vc_inner vc_row-fluid mpc-row\"><div class=\"wpb_column vc_column_container vc_col-sm-2 mpc-column\" data-column-id=\"mpc_column-6369ea11f0463c3\"><div class=\"vc_column-inner\"><div class=\"wpb_wrapper\"><\/div><\/div><\/div><div class=\"wpb_column vc_column_container vc_col-sm-8 mpc-column\" data-column-id=\"mpc_column-9469ea11f04691d\"><div class=\"vc_column-inner\"><div class=\"wpb_wrapper\"><div class=\"vc_empty_space\" style=\"height: 32px\"><span class=\"vc_empty_space_inner\"><\/span><\/div>\n\t<div class=\"wpb_text_column wpb_content_element\">\n\t\t<div class=\"wpb_wrapper\">\n\t\t\t<h2 style=\"text-align: left;\"><strong>Representante legal: SAS Yoann Conte Bord du Lac<\/strong><\/h2>\n<p style=\"text-align: left;\"><span style=\"font-family: brandon;\">Nombre de la empresa: Yoann Conte Bord du lac<\/span><br>\n<span style=\"font-family: brandon;\">Direcci\u00f3n: 13 Vieille Route des Pensi\u00e8res, 74290 Veyrier-du-Lac<\/span><br>\n<span style=\"font-family: brandon;\">Forma jur\u00eddica: SAS<\/span><br>\n<span style=\"font-family: brandon;\">Capital social: 146.300,00 eurosN\u00b0 SIRET: 798 483 152 00012TVA Intracom: FR33 798 483 152RCS: 798 483 152<\/span><\/p>\n<p style=\"text-align: left;\"><span style=\"font-family: brandon;\"><strong>Si tiene alguna pregunta, p\u00f3ngase en contacto con nosotros a trav\u00e9s de :<\/strong><\/span><\/p>\n<p style=\"text-align: left;\"><span style=\"font-family: brandon;\">Direcci\u00f3n: 13 Vieille Route des Pensi\u00e8res, 74290 Veyrier-du-Lac<\/span><br>\n<span style=\"font-family: brandon;\">Mail : <a href=\"mailto:contact@yoann-conte.com\">contact@yoann-conte.com<\/a><\/span><br>\n<span style=\"font-family: brandon;\">Tel\u00e9fono: +33 (0)4.50.09.97.49<\/span><\/p>\n<p style=\"text-align: left;\"><span style=\"font-family: brandon;\"><strong>El sitio web fue desarrollado por :<\/strong><\/span><\/p>\n<p style=\"text-align: left;\"><span style=\"font-family: brandon;\">Agencia Commin<\/span><br>\n<span style=\"font-family: brandon;\">215 Rue des Nouvelles Contamines, 74370 PRINGY<\/span><br>\n<span style=\"font-family: brandon;\">Organizado por : Infomaniak SA -Carouge CH<\/span><\/p>\n<h2 style=\"text-align: left;\"><strong>Informaciones<\/strong><\/h2>\n<p style=\"text-align: justify;\"><span style=\"font-family: brandon;\">Todos los datos incluidos en este sitio (textos, fotograf\u00edas, ilustraciones, iconos, animaciones, bases de datos, etc.) son propiedad exclusiva de SAS Yoann Conte Bord du Lac, o est\u00e1n sujetos a una autorizaci\u00f3n espec\u00edfica de uso por parte de SAS Yoann Conte Bord du Lac.<\/span><br>\n<span style=\"font-family: brandon;\">La informaci\u00f3n sobre los servicios y sus caracter\u00edsticas corresponde a una definici\u00f3n en el momento de la puesta en l\u00ednea o de la actualizaci\u00f3n de las distintas p\u00e1ginas del sitio; se da \u00fanicamente a t\u00edtulo informativo y no puede considerarse contractual.<\/span><br>\n<span style=\"font-family: brandon;\">SAS Yoann Conte Bord du Lac se reserva el derecho de modificar la informaci\u00f3n presentada sin previo aviso, sin estar obligada a actualizar este documento. Si, a pesar del cuidado puesto en la creaci\u00f3n de este sitio web, considera que contiene alg\u00fan error, no dude en ponerse en contacto con nosotros.<\/span><br>\n<span style=\"font-family: brandon;\">Al acceder al sitio web de la SAS Yoann Conte Bord du Lac, usted se compromete a respetar el C\u00f3digo franc\u00e9s de la Propiedad Intelectual y, de manera m\u00e1s general, los tratados y acuerdos internacionales que contengan disposiciones relativas a la protecci\u00f3n de los derechos de autor. En consecuencia, usted se compromete a no: descargar, reproducir total o parcialmente, vender, distribuir, emitir, publicar o comunicar en cualquier forma los datos u obras protegidos por derechos de autor que figuran en el sitio de la SAS Yoann Conte Bord du Lac sin la autorizaci\u00f3n espec\u00edfica previa y por escrito del titular de los derechos de autor vinculados a la obra o a los datos reproducidos.<\/span><br>\n<span style=\"font-family: brandon;\">En algunas de nuestras secciones, es posible que se le pida que nos proporcione voluntariamente informaci\u00f3n personal como su nombre, direcci\u00f3n y direcci\u00f3n de correo electr\u00f3nico. Esta informaci\u00f3n es necesaria para que podamos responder a sus comentarios o solicitudes de informaci\u00f3n. Tenga en cuenta que no es nuestra intenci\u00f3n enviarle correos electr\u00f3nicos no solicitados, es decir, sin que usted nos haya pedido una respuesta.<\/span><br>\n<span style=\"font-family: brandon;\">Cada visitante de este Sitio que proporcione informaci\u00f3n a la SAS Yoann Conte Bord du Lac cede a la SAS Yoann Conte Bord du Lac todos los derechos transferibles relativos a esta informaci\u00f3n y autoriza a la SAS Yoann Conte Bord du Lac a utilizarla como considere oportuno. La informaci\u00f3n as\u00ed facilitada por los visitantes se considerar\u00e1 no confidencial, y deber\u00e1 ser exacta, l\u00edcita y no perjudicial para los intereses de terceros. Por \u00faltimo, este Sitio ha sido declarado a la Commission Nationale de l'Informatique et des Libert\u00e9s, en aplicaci\u00f3n de las disposiciones de la ley francesa de 6 de enero de 1978. Toda persona mencionada en una p\u00e1gina de este Sitio puede ejercer su derecho de acceso, modificaci\u00f3n, rectificaci\u00f3n o supresi\u00f3n de los datos que le conciernen escribiendo a la siguiente direcci\u00f3n:<\/span><\/p>\n<p style=\"text-align: left;\"><span style=\"font-family: brandon;\">Mail :&nbsp;<a href=\"mailto:contact@yoann-conte.com\">contact@yoann-conte.com<\/a><\/span><\/p>\n<h2 style=\"text-align: left;\"><strong>Imag\u00e9nes<\/strong><\/h2>\n<p style=\"text-align: left;\"><span style=\"font-family: brandon;\">Julie Limont - Fou d'images - Anthony Cottarel<\/span><\/p>\n<h2 style=\"text-align: left;\"><strong>Copyright<\/strong><\/h2>\n<p style=\"text-align: justify;\"><span style=\"font-family: brandon;\">La totalidad de este sitio est\u00e1 cubierta por la legislaci\u00f3n francesa e internacional en materia de derechos de autor y propiedad intelectual. Las fotograf\u00edas, textos, esl\u00f3ganes, dibujos, im\u00e1genes, secuencias animadas con o sin sonido y todas las obras incorporadas al sitio son propiedad de SAS YOANN CONTE BORD DU LAC o de terceros que han autorizado a SAS YOANN CONTE BORD DU LAC a utilizarlos. Los logotipos, iconos y chips gr\u00e1ficos representados en el sitio est\u00e1n protegidos por los derechos de autor y por los art\u00edculos L.511.1 y siguientes del C\u00f3digo franc\u00e9s de la Propiedad Intelectual relativos a la protecci\u00f3n de los dibujos y modelos registrados. Todos los derechos de reproducci\u00f3n est\u00e1n reservados y estrictamente limitados, incluso para los documentos descargables y las representaciones iconogr\u00e1ficas y fotogr\u00e1ficas. Las marcas mencionadas en este sitio est\u00e1n registradas por las empresas propietarias de las mismas. Cualquier uso no autorizado de la totalidad o parte de estos derechos por parte de terceros puede dar lugar a acciones legales.<\/span><\/p>\n<h2 style=\"text-align: left;\"><strong>Contenido del sitio<\/strong><\/h2>\n<p style=\"text-align: justify;\"><span style=\"font-family: brandon;\">SAS YOANN CONTE BORD DU LAC declina toda responsabilidad en caso de retraso en la actualizaci\u00f3n, as\u00ed como en caso de interrupci\u00f3n o indisponibilidad temporal del servicio. SAS YOANN CONTE BORD DU LAC se reserva el derecho de corregir el contenido de este sitio en cualquier momento y sin previo aviso. Se autorizan las reproducciones, en soporte papel o inform\u00e1tico, de dicho sitio y de las obras reproducidas en \u00e9l, siempre que se reserven estrictamente a un uso personal y privado. Esto excluye cualquier uso con fines publicitarios y\/o comerciales, y\/o de informaci\u00f3n y\/o que respeten las disposiciones del art\u00edculo L.122-5 del C\u00f3digo franc\u00e9s de la Propiedad Intelectual. Toda reproducci\u00f3n, representaci\u00f3n, utilizaci\u00f3n o modificaci\u00f3n, por cualquier procedimiento y en cualquier soporte, de la totalidad o parte del sitio, de la totalidad o parte de las distintas obras que lo componen, sin haber obtenido la autorizaci\u00f3n previa del director de la publicaci\u00f3n, est\u00e1 estrictamente prohibida, constituye una infracci\u00f3n de los derechos de autor y puede dar lugar a acciones judiciales civiles y\/o penales, as\u00ed como al pago de da\u00f1os y perjuicios.<\/span><\/p>\n<h2 style=\"text-align: left;\"><strong>Acceso al emplazamiento<\/strong><\/h2>\n<p style=\"text-align: justify;\"><span style=\"font-family: brandon;\">El usuario del sitio yoann-conte.com reconoce disponer de las competencias y los medios necesarios para acceder y utilizar este sitio. SAS YOANN CONTE BORD DU LAC no podr\u00e1 ser considerada responsable de los elementos y acontecimientos ajenos a su voluntad vinculados a la utilizaci\u00f3n del sitio y a sus efectos, ni de las incompatibilidades de hardware y\/o software y de los da\u00f1os que puedan resultar para el entorno t\u00e9cnico del usuario, en particular para sus ordenadores, software, equipos de red y cualquier otro material utilizado para acceder o utilizar el servicio y\/o la informaci\u00f3n. Se recuerda a los usuarios que acceder o permanecer fraudulentamente en un sistema inform\u00e1tico, obstaculizar o distorsionar su funcionamiento, o introducir o modificar fraudulentamente datos en dicho sistema constituye un delito castigado con sanciones penales.<\/span><\/p>\n<h2 style=\"text-align: left;\"><strong>Enlaces de hipertexto<\/strong><\/h2>\n<p style=\"text-align: justify;\"><span style=\"font-family: brandon;\">El sitio yoann-conte.com autoriza la creaci\u00f3n de un enlace de hipertexto hacia su contenido, previa autorizaci\u00f3n del director de publicaci\u00f3n del sitio para no utilizar la t\u00e9cnica del \u00abdeep linking\u00bb, es decir, las p\u00e1ginas del sitio yoann-conte.com no deben estar anidadas dentro de las p\u00e1ginas de otro sitio, sino que deben ser accesibles abriendo una ventana dedicada que mencione la fuente y que, gracias a un enlace de hipertexto, apunte directamente al contenido en cuesti\u00f3n. Queda excluida cualquier utilizaci\u00f3n con fines comerciales o publicitarios, salvo en los casos previstos. Esta autorizaci\u00f3n no se aplica a los sitios web que difundan informaciones de car\u00e1cter pol\u00e9mico, pornogr\u00e1fico, xen\u00f3fobo o que puedan herir la sensibilidad del p\u00fablico en general. SAS YOANN CONTE BORD DU LAC declina toda responsabilidad por el contenido de los sitios enlazados, independientemente del tipo de enlace establecido desde o hacia yoann-conte.com. SAS YOANN CONTE BORD DU LAC se reserva el derecho de oponerse al establecimiento de tales enlaces.<\/span><\/p>\n<h2 style=\"text-align: left;\"><strong>Niveau de r&eacute;sultat global 94\/100<\/strong><\/h2>\n<p style=\"text-align: left;\"><span style=\"font-family: brandon;\">R&eacute;sultats obtenus pour la d&eacute;claration de notre index de l&rsquo;&eacute;galit&eacute; professionnelle entre les femmes et les hommes pour l&rsquo;ann&eacute;e 2026 au titre des donn&eacute;es 2025.<\/span><\/p>\n<ul>\n<li style=\"text-align: left;\"><span style=\"font-family: brandon;\">Indicateur relatif &agrave; l&rsquo;&eacute;cart de r&eacute;mun&eacute;ration : 40\/40, les femmes et les hommes sont &agrave; parit&eacute;<\/span><\/li>\n<li style=\"text-align: left;\"><span style=\"font-family: brandon;\">Indicateur relatif &agrave; l&rsquo;&eacute;cart de taux d&rsquo;augmentations individuelles : 35\/35, &eacute;cart en faveur des femmes&nbsp;<\/span><\/li>\n<li style=\"text-align: left;\"><span style=\"font-family: brandon;\">Indicateur relatif au % de salari&eacute;es ayant b&eacute;n&eacute;fici&eacute; d&rsquo;une augmentation dans l&rsquo;ann&eacute;e suivant le retour de cong&eacute; maternit&eacute; : NC&nbsp;<\/span><\/li>\n<li style=\"text-align: left;\"><span style=\"font-family: brandon;\">Indicateur relatif au nombre de salari&eacute;s du sexe sous-repr&eacute;sent&eacute; parmi les 10 salari&eacute;s ayant per&ccedil;u les plus hautes r&eacute;mun&eacute;rations : 05\/10<\/span><\/li>\n<li style=\"text-align: left;\"><span style=\"font-family: brandon;\">Niveau de r&eacute;sultat global : 94\/100<\/span><\/li>\n<\/ul>\n\n\t\t<\/div>\n\t<\/div>\n<\/div><\/div><\/div><div class=\"wpb_column vc_column_container vc_col-sm-2 mpc-column\" data-column-id=\"mpc_column-6069ea11f046a64\"><div class=\"vc_column-inner\"><div class=\"wpb_wrapper\"><\/div><\/div><\/div><\/div><div class=\"vc_empty_space\" style=\"height: 32px\"><span class=\"vc_empty_space_inner\"><\/span><\/div><\/div><\/div><\/div><\/div><div class=\"vc_row-full-width vc_clearfix\"><\/div>\n<\/div>","protected":false},"excerpt":{"rendered":"Repr&eacute;sentant l&eacute;gal : SAS Yoann Conte Bord du Lac Raison sociale : Yoann Conte Bord du lac Adresse : 13 Vieille Route des Pensi&egrave;res, 74290 Veyrier-du-Lac Forme juridique : SAS Capital social : 146 300,00N&deg; SIRET : 798 483 152 00012TVA Intracom : FR33 798 483 152RCS : 798 483 152 Pour toute question, vous","protected":false},"author":1,"featured_media":0,"parent":0,"menu_order":0,"comment_status":"closed","ping_status":"closed","template":"","meta":{"_et_pb_use_builder":"","_et_pb_old_content":"","_et_gb_content_width":"","inline_featured_image":false,"footnotes":""},"class_list":["post-31733","page","type-page","status-publish","hentry"],"yoast_head":"<!-- This site is optimized with the Yoast SEO plugin v27.4 - https:\/\/yoast.com\/product\/yoast-seo-wordpress\/ -->\n<title>Mention l\u00e9gales - Yoann Conte, un lieu embl\u00e9matique \u00e0 Veyrier-du-lac, o\u00f9 se rencontrent l&#039;\u00e9l\u00e9gance de notre h\u00f4tel 5 \u00e9toiles et la cr\u00e9ativit\u00e9 d\u2019une cuisine gastronomique 2 \u00e9toiles, au c\u0153ur d\u2019un cadre naturel exceptionnel.<\/title>\n<meta name=\"robots\" content=\"index, follow, max-snippet:-1, max-image-preview:large, max-video-preview:-1\" \/>\n<link rel=\"canonical\" href=\"https:\/\/yoann-conte.com\/es\/mentions-legales\/\" \/>\n<meta property=\"og:locale\" content=\"es_ES\" \/>\n<meta property=\"og:type\" content=\"article\" \/>\n<meta property=\"og:title\" content=\"Mention l\u00e9gales - Yoann Conte, un lieu embl\u00e9matique \u00e0 Veyrier-du-lac, o\u00f9 se rencontrent l&#039;\u00e9l\u00e9gance de notre h\u00f4tel 5 \u00e9toiles et la cr\u00e9ativit\u00e9 d\u2019une cuisine gastronomique 2 \u00e9toiles, au c\u0153ur d\u2019un cadre naturel exceptionnel.\" \/>\n<meta property=\"og:url\" content=\"https:\/\/yoann-conte.com\/es\/mentions-legales\/\" \/>\n<meta property=\"og:site_name\" content=\"Yoann Conte, un lieu embl\u00e9matique \u00e0 Veyrier-du-lac, o\u00f9 se rencontrent l&#039;\u00e9l\u00e9gance de notre h\u00f4tel 5 \u00e9toiles et la cr\u00e9ativit\u00e9 d\u2019une cuisine gastronomique 2 \u00e9toiles, au c\u0153ur d\u2019un cadre naturel exceptionnel.\" \/>\n<meta property=\"article:modified_time\" content=\"2026-03-12T15:05:28+00:00\" \/>\n<meta name=\"twitter:card\" content=\"summary_large_image\" \/>\n<meta name=\"twitter:label1\" content=\"Tiempo de lectura\" \/>\n\t<meta name=\"twitter:data1\" content=\"7 minutos\" \/>\n<script type=\"application\/ld+json\" class=\"yoast-schema-graph\">{\"@context\":\"https:\\\/\\\/schema.org\",\"@graph\":[{\"@type\":\"WebPage\",\"@id\":\"https:\\\/\\\/yoann-conte.com\\\/mentions-legales\\\/\",\"url\":\"https:\\\/\\\/yoann-conte.com\\\/mentions-legales\\\/\",\"name\":\"Mention l\u00e9gales - Yoann Conte, un lieu embl\u00e9matique \u00e0 Veyrier-du-lac, o\u00f9 se rencontrent l&#039;\u00e9l\u00e9gance de notre h\u00f4tel 5 \u00e9toiles et la cr\u00e9ativit\u00e9 d\u2019une cuisine gastronomique 2 \u00e9toiles, au c\u0153ur d\u2019un cadre naturel exceptionnel.\",\"isPartOf\":{\"@id\":\"https:\\\/\\\/yoann-conte.com\\\/#website\"},\"datePublished\":\"2024-03-26T14:31:22+00:00\",\"dateModified\":\"2026-03-12T15:05:28+00:00\",\"breadcrumb\":{\"@id\":\"https:\\\/\\\/yoann-conte.com\\\/mentions-legales\\\/#breadcrumb\"},\"inLanguage\":\"es\",\"potentialAction\":[{\"@type\":\"ReadAction\",\"target\":[\"https:\\\/\\\/yoann-conte.com\\\/mentions-legales\\\/\"]}]},{\"@type\":\"BreadcrumbList\",\"@id\":\"https:\\\/\\\/yoann-conte.com\\\/mentions-legales\\\/#breadcrumb\",\"itemListElement\":[{\"@type\":\"ListItem\",\"position\":1,\"name\":\"Accueil\",\"item\":\"https:\\\/\\\/yoann-conte.com\\\/\"},{\"@type\":\"ListItem\",\"position\":2,\"name\":\"Mention l\u00e9gales\"}]},{\"@type\":\"WebSite\",\"@id\":\"https:\\\/\\\/yoann-conte.com\\\/#website\",\"url\":\"https:\\\/\\\/yoann-conte.com\\\/\",\"name\":\"Yoann Conte, un lieu embl\u00e9matique \u00e0 Veyrier-du-lac, o\u00f9 se rencontrent l&#039;\u00e9l\u00e9gance de notre h\u00f4tel 5 \u00e9toiles et la cr\u00e9ativit\u00e9 d\u2019une cuisine gastronomique 2 \u00e9toiles, au c\u0153ur d\u2019un cadre naturel exceptionnel.\",\"description\":\"Restaurant gastronomique \u00e0 Annecy, Yoann Conte\",\"potentialAction\":[{\"@type\":\"SearchAction\",\"target\":{\"@type\":\"EntryPoint\",\"urlTemplate\":\"https:\\\/\\\/yoann-conte.com\\\/?s={search_term_string}\"},\"query-input\":{\"@type\":\"PropertyValueSpecification\",\"valueRequired\":true,\"valueName\":\"search_term_string\"}}],\"inLanguage\":\"es\"}]}<\/script>\n<!-- \/ Yoast SEO plugin. -->","yoast_head_json":{"title":"Mention l\u00e9gales - Yoann Conte, un lieu embl\u00e9matique \u00e0 Veyrier-du-lac, o\u00f9 se rencontrent l&#039;\u00e9l\u00e9gance de notre h\u00f4tel 5 \u00e9toiles et la cr\u00e9ativit\u00e9 d\u2019une cuisine gastronomique 2 \u00e9toiles, au c\u0153ur d\u2019un cadre naturel exceptionnel.","robots":{"index":"index","follow":"follow","max-snippet":"max-snippet:-1","max-image-preview":"max-image-preview:large","max-video-preview":"max-video-preview:-1"},"canonical":"https:\/\/yoann-conte.com\/es\/mentions-legales\/","og_locale":"es_ES","og_type":"article","og_title":"Mention l\u00e9gales - Yoann Conte, un lieu embl\u00e9matique \u00e0 Veyrier-du-lac, o\u00f9 se rencontrent l&#039;\u00e9l\u00e9gance de notre h\u00f4tel 5 \u00e9toiles et la cr\u00e9ativit\u00e9 d\u2019une cuisine gastronomique 2 \u00e9toiles, au c\u0153ur d\u2019un cadre naturel exceptionnel.","og_url":"https:\/\/yoann-conte.com\/es\/mentions-legales\/","og_site_name":"Yoann Conte, un lieu embl\u00e9matique \u00e0 Veyrier-du-lac, o\u00f9 se rencontrent l&#039;\u00e9l\u00e9gance de notre h\u00f4tel 5 \u00e9toiles et la cr\u00e9ativit\u00e9 d\u2019une cuisine gastronomique 2 \u00e9toiles, au c\u0153ur d\u2019un cadre naturel exceptionnel.","article_modified_time":"2026-03-12T15:05:28+00:00","twitter_card":"summary_large_image","twitter_misc":{"Tiempo de lectura":"7 minutos"},"schema":{"@context":"https:\/\/schema.org","@graph":[{"@type":"WebPage","@id":"https:\/\/yoann-conte.com\/mentions-legales\/","url":"https:\/\/yoann-conte.com\/mentions-legales\/","name":"Mention l\u00e9gales - Yoann Conte, un lieu embl\u00e9matique \u00e0 Veyrier-du-lac, o\u00f9 se rencontrent l&#039;\u00e9l\u00e9gance de notre h\u00f4tel 5 \u00e9toiles et la cr\u00e9ativit\u00e9 d\u2019une cuisine gastronomique 2 \u00e9toiles, au c\u0153ur d\u2019un cadre naturel exceptionnel.","isPartOf":{"@id":"https:\/\/yoann-conte.com\/#website"},"datePublished":"2024-03-26T14:31:22+00:00","dateModified":"2026-03-12T15:05:28+00:00","breadcrumb":{"@id":"https:\/\/yoann-conte.com\/mentions-legales\/#breadcrumb"},"inLanguage":"es","potentialAction":[{"@type":"ReadAction","target":["https:\/\/yoann-conte.com\/mentions-legales\/"]}]},{"@type":"BreadcrumbList","@id":"https:\/\/yoann-conte.com\/mentions-legales\/#breadcrumb","itemListElement":[{"@type":"ListItem","position":1,"name":"Accueil","item":"https:\/\/yoann-conte.com\/"},{"@type":"ListItem","position":2,"name":"Mention l\u00e9gales"}]},{"@type":"WebSite","@id":"https:\/\/yoann-conte.com\/#website","url":"https:\/\/yoann-conte.com\/","name":"Yoann Conte, un lieu embl\u00e9matique \u00e0 Veyrier-du-lac, o\u00f9 se rencontrent l&#039;\u00e9l\u00e9gance de notre h\u00f4tel 5 \u00e9toiles et la cr\u00e9ativit\u00e9 d\u2019une cuisine gastronomique 2 \u00e9toiles, au c\u0153ur d\u2019un cadre naturel exceptionnel.","description":"Restaurante gastron\u00f3mico en Annecy, Yoann Conte","potentialAction":[{"@type":"SearchAction","target":{"@type":"EntryPoint","urlTemplate":"https:\/\/yoann-conte.com\/?s={search_term_string}"},"query-input":{"@type":"PropertyValueSpecification","valueRequired":true,"valueName":"search_term_string"}}],"inLanguage":"es"}]}},"_links":{"self":[{"href":"https:\/\/yoann-conte.com\/es\/wp-json\/wp\/v2\/pages\/31733","targetHints":{"allow":["GET"]}}],"collection":[{"href":"https:\/\/yoann-conte.com\/es\/wp-json\/wp\/v2\/pages"}],"about":[{"href":"https:\/\/yoann-conte.com\/es\/wp-json\/wp\/v2\/types\/page"}],"author":[{"embeddable":true,"href":"https:\/\/yoann-conte.com\/es\/wp-json\/wp\/v2\/users\/1"}],"replies":[{"embeddable":true,"href":"https:\/\/yoann-conte.com\/es\/wp-json\/wp\/v2\/comments?post=31733"}],"version-history":[{"count":4,"href":"https:\/\/yoann-conte.com\/es\/wp-json\/wp\/v2\/pages\/31733\/revisions"}],"predecessor-version":[{"id":35333,"href":"https:\/\/yoann-conte.com\/es\/wp-json\/wp\/v2\/pages\/31733\/revisions\/35333"}],"wp:attachment":[{"href":"https:\/\/yoann-conte.com\/es\/wp-json\/wp\/v2\/media?parent=31733"}],"curies":[{"name":"wp","href":"https:\/\/api.w.org\/{rel}","templated":true}]}}