{"id":34873,"date":"2025-11-28T11:22:20","date_gmt":"2025-11-28T10:22:20","guid":{"rendered":"https:\/\/yoann-conte.com\/?page_id=34873"},"modified":"2026-02-02T15:05:55","modified_gmt":"2026-02-02T14:05:55","slug":"horaires-le-mazot","status":"publish","type":"page","link":"https:\/\/yoann-conte.com\/en\/horaires-le-mazot\/","title":{"rendered":"HORAIRES LE MAZOT"},"content":{"rendered":"<div class=\"wpb-content-wrapper\"><div data-vc-full-width=\"true\" data-vc-full-width-init=\"false\" data-vc-stretch-content=\"true\" class=\"vc_row wpb_row vc_row-fluid vc_custom_1764325230723 vc_row-no-padding vc_row-o-equal-height vc_row-flex mpc-row\" data-row-id=\"mpc_row-5369f62802ec996\"><div class=\"mpc-parallax-wrap\"><div class=\"mpc-parallax mpc-parallax-style--fixed\"><\/div><\/div><div class=\"mpc-overlay mpc-overlay--first\" data-speed=\"25\"><\/div><div class=\"wpb_column vc_column_container vc_col-sm-12 mpc-column\" data-column-id=\"mpc_column-1169f62802ec917\"><div class=\"vc_column-inner\"><div class=\"wpb_wrapper\"><div class=\"vc_empty_space\" style=\"height: 150px\"><span class=\"vc_empty_space_inner\"><\/span><\/div><div class=\"vc_row wpb_row vc_inner vc_row-fluid vc_column-gap-10 vc_row-o-equal-height vc_row-flex mpc-row\"><div class=\"wpb_column vc_column_container vc_col-sm-2 mpc-column\" data-column-id=\"mpc_column-3969f62802ec48d\"><div class=\"vc_column-inner\"><div class=\"wpb_wrapper\"><\/div><\/div><\/div><div class=\"wpb_column vc_column_container vc_col-sm-8 mpc-column\" data-column-id=\"mpc_column-1369f62802ec6c6\"><div class=\"vc_column-inner\"><div class=\"wpb_wrapper\">\n\t<div class=\"wpb_text_column wpb_content_element\">\n\t\t<div class=\"wpb_wrapper\">\n\t\t\t<h1 style=\"text-align: center;\"><span style=\"font-family: brandon-regular; font-size: 36pt; color: #ffffff;\">OPENING HOURS <\/span><\/h1>\n<h1 style=\"text-align: center;\"><span style=\"font-size: 36pt; font-family: brandon-regular; color: #ffffff;\">THE MAZOT BY YOANN CONTE<\/span><\/h1>\n\n\t\t<\/div>\n\t<\/div>\n<\/div><\/div><\/div><div class=\"wpb_column vc_column_container vc_col-sm-2 mpc-column\" data-column-id=\"mpc_column-1969f62802ec798\"><div class=\"vc_column-inner\"><div class=\"wpb_wrapper\"><\/div><\/div><\/div><\/div><div class=\"vc_empty_space\" style=\"height: 100px\"><span class=\"vc_empty_space_inner\"><\/span><\/div><\/div><\/div><\/div><\/div><div class=\"vc_row-full-width vc_clearfix\"><\/div><div data-vc-full-width=\"true\" data-vc-full-width-init=\"false\" data-vc-stretch-content=\"true\" class=\"vc_row wpb_row vc_row-fluid vc_row-no-padding vc_row-o-equal-height vc_row-flex mpc-row\" data-row-id=\"mpc_row-3969f62802ed974\"><div class=\"mpc-overlay mpc-overlay--first\" data-speed=\"25\"><\/div><div class=\"wpb_column vc_column_container vc_col-sm-12 mpc-column\" data-column-id=\"mpc_column-4869f62802ed8f9\"><div class=\"vc_column-inner\"><div class=\"wpb_wrapper\"><div class=\"vc_empty_space\" style=\"height: 100px\"><span class=\"vc_empty_space_inner\"><\/span><\/div><div class=\"vc_row wpb_row vc_inner vc_row-fluid vc_row-o-equal-height vc_row-flex mpc-row\"><div class=\"wpb_column vc_column_container vc_col-sm-3 mpc-column\" data-column-id=\"mpc_column-4069f62802ed646\"><div class=\"vc_column-inner\"><div class=\"wpb_wrapper\"><\/div><\/div><\/div><div class=\"wpb_column vc_column_container vc_col-sm-6 mpc-column\" data-column-id=\"mpc_column-7569f62802ed7fc\"><div class=\"vc_column-inner vc_custom_1707908460840\"><div class=\"wpb_wrapper\">\n\t<div class=\"wpb_text_column wpb_content_element\">\n\t\t<div class=\"wpb_wrapper\">\n\t\t\t<p style=\"text-align: center;\"><span style=\"font-size: 20pt; font-family: bon-vivant-serif;\">Dear customers,<\/span><\/p>\n<p style=\"text-align: center;\"><span style=\"font-family: brandon-light; font-size: 14pt;\">D&egrave;s le <strong>3 December 2025<\/strong>our winter table welcomes you <strong>every evening from 7 p.m.<\/strong>.<\/span><\/p>\n<p style=\"text-align: center;\"><span style=\"font-family: brandon-light; font-size: 14pt;\">Nous nous r&eacute;jouissons de vous accueillir prochainement.<\/span><\/p>\n\n\t\t<\/div>\n\t<\/div>\n<\/div><\/div><\/div><\/div><\/div><\/div><\/div><\/div><div class=\"vc_row-full-width vc_clearfix\"><\/div><div data-vc-full-width=\"true\" data-vc-full-width-init=\"false\" data-vc-stretch-content=\"true\" class=\"vc_row wpb_row vc_row-fluid vc_row-no-padding vc_row-o-equal-height vc_row-flex mpc-row\" data-row-id=\"mpc_row-669f62802ee3f8\"><div class=\"mpc-overlay mpc-overlay--first\" data-speed=\"25\"><\/div><div class=\"wpb_column vc_column_container vc_col-sm-12 mpc-column\" data-column-id=\"mpc_column-5569f62802ee378\"><div class=\"vc_column-inner\"><div class=\"wpb_wrapper\"><div class=\"vc_empty_space\" style=\"height: 32px\"><span class=\"vc_empty_space_inner\"><\/span><\/div><div class=\"vc_separator wpb_content_element vc_separator_align_center vc_sep_width_50 vc_sep_pos_align_center vc_separator_no_text vc_sep_color_grey wpb_content_element  wpb_content_element\"><span class=\"vc_sep_holder vc_sep_holder_l\"><span class=\"vc_sep_line\"><\/span><\/span><span class=\"vc_sep_holder vc_sep_holder_r\"><span class=\"vc_sep_line\"><\/span><\/span>\n<\/div><div class=\"vc_row wpb_row vc_inner vc_row-fluid mpc-row\"><div class=\"wpb_column vc_column_container vc_col-sm-3 mpc-column\" data-column-id=\"mpc_column-3369f62802edfc6\"><div class=\"vc_column-inner\"><div class=\"wpb_wrapper\"><\/div><\/div><\/div><div class=\"wpb_column vc_column_container vc_col-sm-6 mpc-column\" data-column-id=\"mpc_column-6769f62802ee161\"><div class=\"vc_column-inner\"><div class=\"wpb_wrapper\">\n\t<div class=\"wpb_text_column wpb_content_element\">\n\t\t<div class=\"wpb_wrapper\">\n\t\t\t<p style=\"text-align: center;\"><span style=\"font-size: 14pt; font-family: brandon-light;\">For reservations or further information, our reception service is at your disposal on 04 50 09 97 49.<\/span><\/p>\n\n\t\t<\/div>\n\t<\/div>\n<\/div><\/div><\/div><div class=\"wpb_column vc_column_container vc_col-sm-3 mpc-column\" data-column-id=\"mpc_column-9069f62802ee223\"><div class=\"vc_column-inner\"><div class=\"wpb_wrapper\"><\/div><\/div><\/div><\/div><div class=\"vc_empty_space\" style=\"height: 32px\"><span class=\"vc_empty_space_inner\"><\/span><\/div><\/div><\/div><\/div><\/div><div class=\"vc_row-full-width vc_clearfix\"><\/div><div class=\"vc_row wpb_row vc_row-fluid mpc-row\"><div class=\"wpb_column vc_column_container vc_col-sm-12 mpc-column\" data-column-id=\"mpc_column-3869f62802ee634\"><div class=\"vc_column-inner\"><div class=\"wpb_wrapper\"><\/div><\/div><\/div><\/div>\n<\/div>","protected":false},"excerpt":{"rendered":"HORAIRES : LE MAZOT DE YOANN CONTE Chers clients, D&egrave;s le 3 d&eacute;cembre 2025, notre table hivernale vous accueille tous les soirs &agrave; partir de 19h00. Nous nous r&eacute;jouissons de vous accueillir prochainement. Pour toute r&eacute;servation ou information compl&eacute;mentaire, notre service de r&eacute;ception se tient &agrave; votre enti&egrave;re disposition au 04 50 09 97 49.","protected":false},"author":3,"featured_media":0,"parent":0,"menu_order":0,"comment_status":"closed","ping_status":"closed","template":"","meta":{"_et_pb_use_builder":"","_et_pb_old_content":"","_et_gb_content_width":"","inline_featured_image":false,"footnotes":""},"class_list":["post-34873","page","type-page","status-publish","hentry"],"yoast_head":"<!-- This site is optimized with the Yoast SEO plugin v27.5 - https:\/\/yoast.com\/product\/yoast-seo-wordpress\/ -->\n<title>HORAIRES LE MAZOT - Yoann Conte, un lieu embl\u00e9matique \u00e0 Veyrier-du-lac, o\u00f9 se rencontrent l&#039;\u00e9l\u00e9gance de notre h\u00f4tel 5 \u00e9toiles et la cr\u00e9ativit\u00e9 d\u2019une cuisine gastronomique 2 \u00e9toiles, au c\u0153ur d\u2019un cadre naturel exceptionnel.<\/title>\n<meta name=\"description\" content=\"Un lieu exclusif pour une exp\u00e9rience intimiste \u00e0 Annecy. D\u00e9couvrez les horaires d&#039;ouverture de notre table hivernale, LE MAZOT.\" \/>\n<meta name=\"robots\" content=\"index, follow, max-snippet:-1, max-image-preview:large, max-video-preview:-1\" \/>\n<link rel=\"canonical\" href=\"https:\/\/yoann-conte.com\/en\/horaires-le-mazot\/\" \/>\n<meta property=\"og:locale\" content=\"en_GB\" \/>\n<meta property=\"og:type\" content=\"article\" \/>\n<meta property=\"og:title\" content=\"HORAIRES LE MAZOT - Yoann Conte, un lieu embl\u00e9matique \u00e0 Veyrier-du-lac, o\u00f9 se rencontrent l&#039;\u00e9l\u00e9gance de notre h\u00f4tel 5 \u00e9toiles et la cr\u00e9ativit\u00e9 d\u2019une cuisine gastronomique 2 \u00e9toiles, au c\u0153ur d\u2019un cadre naturel exceptionnel.\" \/>\n<meta property=\"og:description\" content=\"Un lieu exclusif pour une exp\u00e9rience intimiste \u00e0 Annecy. D\u00e9couvrez les horaires d&#039;ouverture de notre table hivernale, LE MAZOT.\" \/>\n<meta property=\"og:url\" content=\"https:\/\/yoann-conte.com\/en\/horaires-le-mazot\/\" \/>\n<meta property=\"og:site_name\" content=\"Yoann Conte, un lieu embl\u00e9matique \u00e0 Veyrier-du-lac, o\u00f9 se rencontrent l&#039;\u00e9l\u00e9gance de notre h\u00f4tel 5 \u00e9toiles et la cr\u00e9ativit\u00e9 d\u2019une cuisine gastronomique 2 \u00e9toiles, au c\u0153ur d\u2019un cadre naturel exceptionnel.\" \/>\n<meta property=\"article:modified_time\" content=\"2026-02-02T14:05:55+00:00\" \/>\n<meta name=\"twitter:card\" content=\"summary_large_image\" \/>\n<meta name=\"twitter:label1\" content=\"Estimated reading time\" \/>\n\t<meta name=\"twitter:data1\" content=\"1 minute\" \/>\n<script type=\"application\/ld+json\" class=\"yoast-schema-graph\">{\"@context\":\"https:\\\/\\\/schema.org\",\"@graph\":[{\"@type\":\"WebPage\",\"@id\":\"https:\\\/\\\/yoann-conte.com\\\/horaires-le-mazot\\\/\",\"url\":\"https:\\\/\\\/yoann-conte.com\\\/horaires-le-mazot\\\/\",\"name\":\"HORAIRES LE MAZOT - Yoann Conte, un lieu embl\u00e9matique \u00e0 Veyrier-du-lac, o\u00f9 se rencontrent l&#039;\u00e9l\u00e9gance de notre h\u00f4tel 5 \u00e9toiles et la cr\u00e9ativit\u00e9 d\u2019une cuisine gastronomique 2 \u00e9toiles, au c\u0153ur d\u2019un cadre naturel exceptionnel.\",\"isPartOf\":{\"@id\":\"https:\\\/\\\/yoann-conte.com\\\/#website\"},\"datePublished\":\"2025-11-28T10:22:20+00:00\",\"dateModified\":\"2026-02-02T14:05:55+00:00\",\"description\":\"Un lieu exclusif pour une exp\u00e9rience intimiste \u00e0 Annecy. D\u00e9couvrez les horaires d'ouverture de notre table hivernale, LE MAZOT.\",\"breadcrumb\":{\"@id\":\"https:\\\/\\\/yoann-conte.com\\\/horaires-le-mazot\\\/#breadcrumb\"},\"inLanguage\":\"en-GB\",\"potentialAction\":[{\"@type\":\"ReadAction\",\"target\":[\"https:\\\/\\\/yoann-conte.com\\\/horaires-le-mazot\\\/\"]}]},{\"@type\":\"BreadcrumbList\",\"@id\":\"https:\\\/\\\/yoann-conte.com\\\/horaires-le-mazot\\\/#breadcrumb\",\"itemListElement\":[{\"@type\":\"ListItem\",\"position\":1,\"name\":\"Accueil\",\"item\":\"https:\\\/\\\/yoann-conte.com\\\/\"},{\"@type\":\"ListItem\",\"position\":2,\"name\":\"HORAIRES LE MAZOT\"}]},{\"@type\":\"WebSite\",\"@id\":\"https:\\\/\\\/yoann-conte.com\\\/#website\",\"url\":\"https:\\\/\\\/yoann-conte.com\\\/\",\"name\":\"Yoann Conte, un lieu embl\u00e9matique \u00e0 Veyrier-du-lac, o\u00f9 se rencontrent l&#039;\u00e9l\u00e9gance de notre h\u00f4tel 5 \u00e9toiles et la cr\u00e9ativit\u00e9 d\u2019une cuisine gastronomique 2 \u00e9toiles, au c\u0153ur d\u2019un cadre naturel exceptionnel.\",\"description\":\"Restaurant gastronomique \u00e0 Annecy, Yoann Conte\",\"potentialAction\":[{\"@type\":\"SearchAction\",\"target\":{\"@type\":\"EntryPoint\",\"urlTemplate\":\"https:\\\/\\\/yoann-conte.com\\\/?s={search_term_string}\"},\"query-input\":{\"@type\":\"PropertyValueSpecification\",\"valueRequired\":true,\"valueName\":\"search_term_string\"}}],\"inLanguage\":\"en-GB\"}]}<\/script>\n<!-- \/ Yoast SEO plugin. -->","yoast_head_json":{"title":"HORAIRES LE MAZOT - Yoann Conte, un lieu embl\u00e9matique \u00e0 Veyrier-du-lac, o\u00f9 se rencontrent l&#039;\u00e9l\u00e9gance de notre h\u00f4tel 5 \u00e9toiles et la cr\u00e9ativit\u00e9 d\u2019une cuisine gastronomique 2 \u00e9toiles, au c\u0153ur d\u2019un cadre naturel exceptionnel.","description":"Un lieu exclusif pour une exp\u00e9rience intimiste \u00e0 Annecy. D\u00e9couvrez les horaires d'ouverture de notre table hivernale, LE MAZOT.","robots":{"index":"index","follow":"follow","max-snippet":"max-snippet:-1","max-image-preview":"max-image-preview:large","max-video-preview":"max-video-preview:-1"},"canonical":"https:\/\/yoann-conte.com\/en\/horaires-le-mazot\/","og_locale":"en_GB","og_type":"article","og_title":"HORAIRES LE MAZOT - Yoann Conte, un lieu embl\u00e9matique \u00e0 Veyrier-du-lac, o\u00f9 se rencontrent l&#039;\u00e9l\u00e9gance de notre h\u00f4tel 5 \u00e9toiles et la cr\u00e9ativit\u00e9 d\u2019une cuisine gastronomique 2 \u00e9toiles, au c\u0153ur d\u2019un cadre naturel exceptionnel.","og_description":"Un lieu exclusif pour une exp\u00e9rience intimiste \u00e0 Annecy. D\u00e9couvrez les horaires d'ouverture de notre table hivernale, LE MAZOT.","og_url":"https:\/\/yoann-conte.com\/en\/horaires-le-mazot\/","og_site_name":"Yoann Conte, un lieu embl\u00e9matique \u00e0 Veyrier-du-lac, o\u00f9 se rencontrent l&#039;\u00e9l\u00e9gance de notre h\u00f4tel 5 \u00e9toiles et la cr\u00e9ativit\u00e9 d\u2019une cuisine gastronomique 2 \u00e9toiles, au c\u0153ur d\u2019un cadre naturel exceptionnel.","article_modified_time":"2026-02-02T14:05:55+00:00","twitter_card":"summary_large_image","twitter_misc":{"Estimated reading time":"1 minute"},"schema":{"@context":"https:\/\/schema.org","@graph":[{"@type":"WebPage","@id":"https:\/\/yoann-conte.com\/horaires-le-mazot\/","url":"https:\/\/yoann-conte.com\/horaires-le-mazot\/","name":"HORAIRES LE MAZOT - Yoann Conte, un lieu embl\u00e9matique \u00e0 Veyrier-du-lac, o\u00f9 se rencontrent l&#039;\u00e9l\u00e9gance de notre h\u00f4tel 5 \u00e9toiles et la cr\u00e9ativit\u00e9 d\u2019une cuisine gastronomique 2 \u00e9toiles, au c\u0153ur d\u2019un cadre naturel exceptionnel.","isPartOf":{"@id":"https:\/\/yoann-conte.com\/#website"},"datePublished":"2025-11-28T10:22:20+00:00","dateModified":"2026-02-02T14:05:55+00:00","description":"Un lieu exclusif pour une exp\u00e9rience intimiste \u00e0 Annecy. D\u00e9couvrez les horaires d'ouverture de notre table hivernale, LE MAZOT.","breadcrumb":{"@id":"https:\/\/yoann-conte.com\/horaires-le-mazot\/#breadcrumb"},"inLanguage":"en-GB","potentialAction":[{"@type":"ReadAction","target":["https:\/\/yoann-conte.com\/horaires-le-mazot\/"]}]},{"@type":"BreadcrumbList","@id":"https:\/\/yoann-conte.com\/horaires-le-mazot\/#breadcrumb","itemListElement":[{"@type":"ListItem","position":1,"name":"Accueil","item":"https:\/\/yoann-conte.com\/"},{"@type":"ListItem","position":2,"name":"HORAIRES LE MAZOT"}]},{"@type":"WebSite","@id":"https:\/\/yoann-conte.com\/#website","url":"https:\/\/yoann-conte.com\/","name":"Yoann Conte, un lieu embl\u00e9matique \u00e0 Veyrier-du-lac, o\u00f9 se rencontrent l&#039;\u00e9l\u00e9gance de notre h\u00f4tel 5 \u00e9toiles et la cr\u00e9ativit\u00e9 d\u2019une cuisine gastronomique 2 \u00e9toiles, au c\u0153ur d\u2019un cadre naturel exceptionnel.","description":"Gastronomic restaurant in Annecy, Yoann Conte","potentialAction":[{"@type":"SearchAction","target":{"@type":"EntryPoint","urlTemplate":"https:\/\/yoann-conte.com\/?s={search_term_string}"},"query-input":{"@type":"PropertyValueSpecification","valueRequired":true,"valueName":"search_term_string"}}],"inLanguage":"en-GB"}]}},"_links":{"self":[{"href":"https:\/\/yoann-conte.com\/en\/wp-json\/wp\/v2\/pages\/34873","targetHints":{"allow":["GET"]}}],"collection":[{"href":"https:\/\/yoann-conte.com\/en\/wp-json\/wp\/v2\/pages"}],"about":[{"href":"https:\/\/yoann-conte.com\/en\/wp-json\/wp\/v2\/types\/page"}],"author":[{"embeddable":true,"href":"https:\/\/yoann-conte.com\/en\/wp-json\/wp\/v2\/users\/3"}],"replies":[{"embeddable":true,"href":"https:\/\/yoann-conte.com\/en\/wp-json\/wp\/v2\/comments?post=34873"}],"version-history":[{"count":15,"href":"https:\/\/yoann-conte.com\/en\/wp-json\/wp\/v2\/pages\/34873\/revisions"}],"predecessor-version":[{"id":35136,"href":"https:\/\/yoann-conte.com\/en\/wp-json\/wp\/v2\/pages\/34873\/revisions\/35136"}],"wp:attachment":[{"href":"https:\/\/yoann-conte.com\/en\/wp-json\/wp\/v2\/media?parent=34873"}],"curies":[{"name":"wp","href":"https:\/\/api.w.org\/{rel}","templated":true}]}}