{"id":31733,"date":"2024-03-26T15:31:22","date_gmt":"2024-03-26T14:31:22","guid":{"rendered":"https:\/\/yoann-conte.com\/?page_id=31733"},"modified":"2026-03-12T16:05:28","modified_gmt":"2026-03-12T15:05:28","slug":"mentions-legales","status":"publish","type":"page","link":"https:\/\/yoann-conte.com\/en\/mentions-legales\/","title":{"rendered":"Legal notices"},"content":{"rendered":"<div class=\"wpb-content-wrapper\"><div data-vc-full-width=\"true\" data-vc-full-width-init=\"false\" data-vc-stretch-content=\"true\" class=\"vc_row wpb_row vc_row-fluid vc_row-o-equal-height vc_row-flex mpc-row\"><div class=\"wpb_column vc_column_container vc_col-sm-12 mpc-column\" data-column-id=\"mpc_column-8469d25942e3db5\"><div class=\"vc_column-inner\"><div class=\"wpb_wrapper\"><div class=\"vc_row wpb_row vc_inner vc_row-fluid mpc-row\"><div class=\"wpb_column vc_column_container vc_col-sm-2 mpc-column\" data-column-id=\"mpc_column-869d25942e31b0\"><div class=\"vc_column-inner\"><div class=\"wpb_wrapper\"><\/div><\/div><\/div><div class=\"wpb_column vc_column_container vc_col-sm-8 mpc-column\" data-column-id=\"mpc_column-269d25942e3655\"><div class=\"vc_column-inner\"><div class=\"wpb_wrapper\"><div class=\"vc_empty_space\" style=\"height: 32px\"><span class=\"vc_empty_space_inner\"><\/span><\/div>\n\t<div class=\"wpb_text_column wpb_content_element\">\n\t\t<div class=\"wpb_wrapper\">\n\t\t\t<h2 style=\"text-align: left;\"><strong>Legal representative: SAS Yoann Conte Bord du Lac<\/strong><\/h2>\n<p style=\"text-align: left;\"><span style=\"font-family: brandon;\">Company name: Yoann Conte Bord du lac<\/span><br>\n<span style=\"font-family: brandon;\">Address: 13 Vieille Route des Pensi\u00e8res, 74290 Veyrier-du-Lac<\/span><br>\n<span style=\"font-family: brandon;\">Legal form: SAS<\/span><br>\n<span style=\"font-family: brandon;\">Share capital: \u20ac146,300.00N\u00b0 SIRET: 798 483 152 00012TVA Intracom: FR33 798 483 152RCS: 798 483 152<\/span><\/p>\n<p style=\"text-align: left;\"><span style=\"font-family: brandon;\"><strong>If you have any questions, please contact us via :<\/strong><\/span><\/p>\n<p style=\"text-align: left;\"><span style=\"font-family: brandon;\">Address: 13 Vieille Route des Pensi\u00e8res, 74290 Veyrier-du-Lac<\/span><br>\n<span style=\"font-family: brandon;\">Email : <a href=\"mailto:contact@yoann-conte.com\">contact@yoann-conte.com<\/a><\/span><br>\n<span style=\"font-family: brandon;\">Telephone: +33 (0)4.50.09.97.49<\/span><\/p>\n<p style=\"text-align: left;\"><span style=\"font-family: brandon;\"><strong>The website is developed by :<\/strong><\/span><\/p>\n<p style=\"text-align: left;\"><span style=\"font-family: brandon;\">The Commin Agency<\/span><br>\n<span style=\"font-family: brandon;\">215 Rue des Nouvelles Contamines, 74370 PRINGY<\/span><br>\n<span style=\"font-family: brandon;\">Hosted by : Infomaniak SA -Carouge CH<\/span><\/p>\n<h2 style=\"text-align: left;\"><strong>Information<\/strong><\/h2>\n<p style=\"text-align: justify;\"><span style=\"font-family: brandon;\">All data included on this site (text, photographs, illustrations, icons, animations, databases, etc.) are the exclusive property of SAS Yoann Conte Bord du Lac, or are subject to specific authorisation for use by SAS Yoann Conte Bord du Lac.<\/span><br>\n<span style=\"font-family: brandon;\">The information on services and their characteristics correspond to a definition at the time of the on-line publication or updates of the various pages of the site; they are given only as an indication and cannot be regarded as contractual.<\/span><br>\n<span style=\"font-family: brandon;\">SAS Yoann Conte Bord du Lac reserves the right to modify the information presented without prior notice, without being obliged to update this document. If, despite the care taken in the creation of this website, you believe that it contains an error, please do not hesitate to contact us.<\/span><br>\n<span style=\"font-family: brandon;\">By accessing the SAS Yoann Conte Bord du Lac website, you agree to comply with the French Intellectual Property Code and, more generally, with international treaties and agreements containing provisions relating to the protection of copyright. Accordingly, you undertake not to: download, reproduce in whole or in part, sell, distribute, issue, publish or communicate in any form whatsoever the data or works protected by copyright which appear on the SAS Yoann Conte Bord du Lac site without the specific prior written authorisation of the holder of the copyright attached to the work or data reproduced.<\/span><br>\n<span style=\"font-family: brandon;\">In some of our sections, you may be asked to voluntarily provide us with personal information such as your name, address and e-mail address. This information is necessary to enable us to respond to your comments or requests for information. Please note that it is not our intention to send you unsolicited e-mails, i.e. without your having requested a reply from us.<\/span><br>\n<span style=\"font-family: brandon;\">Each visitor to this Site who provides information to SAS Yoann Conte Bord du Lac grants SAS Yoann Conte Bord du Lac all transferable rights relating to this information and authorises SAS Yoann Conte Bord du Lac to use it as it sees fit. The information thus provided by visitors will be considered as non-confidential, and must be accurate, lawful and not harmful to the interests of third parties. Lastly, this Site has been declared to the Commission Nationale de l'Informatique et des Libert\u00e9s, in application of the provisions of the French law of 6 January 1978. Any person mentioned on a page of this Site may exercise their right to access, modify, rectify or delete information concerning them by writing to the following address:<\/span><\/p>\n<p style=\"text-align: left;\"><span style=\"font-family: brandon;\">Email :&nbsp;<a href=\"mailto:contact@yoann-conte.com\">contact@yoann-conte.com<\/a><\/span><\/p>\n<h2 style=\"text-align: left;\"><strong>Photo credits<\/strong><\/h2>\n<p style=\"text-align: left;\"><span style=\"font-family: brandon;\">Julie Limont - Fou d'images - Anthony Cottarel<\/span><\/p>\n<h2 style=\"text-align: left;\"><strong>Authors' rights \u2013 Copyright<\/strong><\/h2>\n<p style=\"text-align: justify;\"><span style=\"font-family: brandon;\">This entire site is governed by French and international legislation on copyright and intellectual property. The photographs, texts, slogans, drawings, images, animated sequences with or without sound, and all works incorporated into the site are the property of SAS YOANN CONTE BORD DU LAC or of third parties who have authorized SAS YOANN CONTE BORD DU LAC to use them. The logos, icons and graphic chips represented on the site are protected by copyright and by articles L.511.1 et seq. of the French Intellectual Property Code relating to the protection of registered designs. All reproduction rights are reserved and strictly limited, including for downloadable documents and iconographic and photographic representations. Trademarks mentioned on this site are registered by the companies that own them. Any unauthorized use of all or part of these rights by third parties may give rise to legal proceedings.<\/span><\/p>\n<h2 style=\"text-align: left;\"><strong>Site content<\/strong><\/h2>\n<p style=\"text-align: justify;\"><span style=\"font-family: brandon;\">SAS YOANN CONTE BORD DU LAC declines all responsibility for any delay in updating, as well as for any interruption or temporary unavailability of the service. SAS YOANN CONTE BORD DU LAC reserves the right to correct the content of this site at any time and without notice. Reproductions, on paper or by computer, of the said site and the works reproduced therein are authorized provided that they are strictly reserved for personal and private use. This excludes any use for advertising and\/or commercial purposes, and\/or information and\/or that they comply with the provisions of article L.122-5 of the French Intellectual Property Code. Any reproduction, representation, use or modification, by any process whatsoever and on any medium whatsoever, of all or part of the site, of all or part of the various works that make it up, without having obtained the prior authorization of the publication director, is strictly forbidden, constitutes an infringement of copyright and may give rise to civil and\/or criminal legal proceedings, as well as the payment of damages.<\/span><\/p>\n<h2 style=\"text-align: left;\"><strong>Site access<\/strong><\/h2>\n<p style=\"text-align: justify;\"><span style=\"font-family: brandon;\">Users of the yoann-conte.com website acknowledge that they have the skills and resources required to access and use this site. SAS YOANN CONTE BORD DU LAC cannot be held responsible for elements and events beyond its control linked to the use of the site and their effects, or for hardware and\/or software incompatibilities and any damage that may result to the user's technical environment, in particular to computers, software, network equipment and any other equipment used to access or use the service and\/or information. Users are reminded that fraudulently accessing or remaining in a computer system, hindering or distorting its operation, or fraudulently introducing or modifying data in such a system constitutes an offence punishable by law.<\/span><\/p>\n<h2 style=\"text-align: left;\"><strong>Hyperlinks<\/strong><\/h2>\n<p style=\"text-align: justify;\"><span style=\"font-family: brandon;\">The yoann-conte.com site authorizes the creation of a hypertext link to its content, subject to authorization by the site's publication director not to use the deep linking technique, i.e. the pages of the yoann-conte.com site must not be nested within the pages of another site, but must be accessible by opening a dedicated window mentioning the source, which will point directly to the content in question via a hypertext link. Any use for commercial or advertising purposes is excluded except as provided. This authorization does not apply to Internet sites disseminating information of a controversial, pornographic or xenophobic nature, or which may, to a large extent, offend the sensibilities of the general public. SAS YOANN CONTE BORD DU LAC declines all responsibility for the content of linked sites, whatever the type of link established from or to yoann-conte.com. SAS YOANN CONTE BORD DU LAC reserves the right to object to any such links.<\/span><\/p>\n<h2 style=\"text-align: left;\"><strong>Niveau de r&eacute;sultat global 94\/100<\/strong><\/h2>\n<p style=\"text-align: left;\"><span style=\"font-family: brandon;\">R&eacute;sultats obtenus pour la d&eacute;claration de notre index de l&rsquo;&eacute;galit&eacute; professionnelle entre les femmes et les hommes pour l&rsquo;ann&eacute;e 2026 au titre des donn&eacute;es 2025.<\/span><\/p>\n<ul>\n<li style=\"text-align: left;\"><span style=\"font-family: brandon;\">Indicateur relatif &agrave; l&rsquo;&eacute;cart de r&eacute;mun&eacute;ration : 40\/40, les femmes et les hommes sont &agrave; parit&eacute;<\/span><\/li>\n<li style=\"text-align: left;\"><span style=\"font-family: brandon;\">Indicateur relatif &agrave; l&rsquo;&eacute;cart de taux d&rsquo;augmentations individuelles : 35\/35, &eacute;cart en faveur des femmes&nbsp;<\/span><\/li>\n<li style=\"text-align: left;\"><span style=\"font-family: brandon;\">Indicateur relatif au % de salari&eacute;es ayant b&eacute;n&eacute;fici&eacute; d&rsquo;une augmentation dans l&rsquo;ann&eacute;e suivant le retour de cong&eacute; maternit&eacute; : NC&nbsp;<\/span><\/li>\n<li style=\"text-align: left;\"><span style=\"font-family: brandon;\">Indicateur relatif au nombre de salari&eacute;s du sexe sous-repr&eacute;sent&eacute; parmi les 10 salari&eacute;s ayant per&ccedil;u les plus hautes r&eacute;mun&eacute;rations : 05\/10<\/span><\/li>\n<li style=\"text-align: left;\"><span style=\"font-family: brandon;\">Niveau de r&eacute;sultat global : 94\/100<\/span><\/li>\n<\/ul>\n\n\t\t<\/div>\n\t<\/div>\n<\/div><\/div><\/div><div class=\"wpb_column vc_column_container vc_col-sm-2 mpc-column\" data-column-id=\"mpc_column-4669d25942e37ad\"><div class=\"vc_column-inner\"><div class=\"wpb_wrapper\"><\/div><\/div><\/div><\/div><div class=\"vc_empty_space\" style=\"height: 32px\"><span class=\"vc_empty_space_inner\"><\/span><\/div><\/div><\/div><\/div><\/div><div class=\"vc_row-full-width vc_clearfix\"><\/div>\n<\/div>","protected":false},"excerpt":{"rendered":"Repr&eacute;sentant l&eacute;gal : SAS Yoann Conte Bord du Lac Raison sociale : Yoann Conte Bord du lac Adresse : 13 Vieille Route des Pensi&egrave;res, 74290 Veyrier-du-Lac Forme juridique : SAS Capital social : 146 300,00N&deg; SIRET : 798 483 152 00012TVA Intracom : FR33 798 483 152RCS : 798 483 152 Pour toute question, vous","protected":false},"author":1,"featured_media":0,"parent":0,"menu_order":0,"comment_status":"closed","ping_status":"closed","template":"","meta":{"_et_pb_use_builder":"","_et_pb_old_content":"","_et_gb_content_width":"","inline_featured_image":false,"footnotes":""},"class_list":["post-31733","page","type-page","status-publish","hentry"],"yoast_head":"<!-- This site is optimized with the Yoast SEO plugin v27.3 - https:\/\/yoast.com\/product\/yoast-seo-wordpress\/ -->\n<title>Mention l\u00e9gales - Yoann Conte, un lieu embl\u00e9matique \u00e0 Veyrier-du-lac, o\u00f9 se rencontrent l&#039;\u00e9l\u00e9gance de notre h\u00f4tel 5 \u00e9toiles et la cr\u00e9ativit\u00e9 d\u2019une cuisine gastronomique 2 \u00e9toiles, au c\u0153ur d\u2019un cadre naturel exceptionnel.<\/title>\n<meta name=\"robots\" content=\"index, follow, max-snippet:-1, max-image-preview:large, max-video-preview:-1\" \/>\n<link rel=\"canonical\" href=\"https:\/\/yoann-conte.com\/en\/mentions-legales\/\" \/>\n<meta property=\"og:locale\" content=\"en_GB\" \/>\n<meta property=\"og:type\" content=\"article\" \/>\n<meta property=\"og:title\" content=\"Mention l\u00e9gales - Yoann Conte, un lieu embl\u00e9matique \u00e0 Veyrier-du-lac, o\u00f9 se rencontrent l&#039;\u00e9l\u00e9gance de notre h\u00f4tel 5 \u00e9toiles et la cr\u00e9ativit\u00e9 d\u2019une cuisine gastronomique 2 \u00e9toiles, au c\u0153ur d\u2019un cadre naturel exceptionnel.\" \/>\n<meta property=\"og:url\" content=\"https:\/\/yoann-conte.com\/en\/mentions-legales\/\" \/>\n<meta property=\"og:site_name\" content=\"Yoann Conte, un lieu embl\u00e9matique \u00e0 Veyrier-du-lac, o\u00f9 se rencontrent l&#039;\u00e9l\u00e9gance de notre h\u00f4tel 5 \u00e9toiles et la cr\u00e9ativit\u00e9 d\u2019une cuisine gastronomique 2 \u00e9toiles, au c\u0153ur d\u2019un cadre naturel exceptionnel.\" \/>\n<meta property=\"article:modified_time\" content=\"2026-03-12T15:05:28+00:00\" \/>\n<meta name=\"twitter:card\" content=\"summary_large_image\" \/>\n<meta name=\"twitter:label1\" content=\"Estimated reading time\" \/>\n\t<meta name=\"twitter:data1\" content=\"7 minutes\" \/>\n<script type=\"application\/ld+json\" class=\"yoast-schema-graph\">{\"@context\":\"https:\\\/\\\/schema.org\",\"@graph\":[{\"@type\":\"WebPage\",\"@id\":\"https:\\\/\\\/yoann-conte.com\\\/mentions-legales\\\/\",\"url\":\"https:\\\/\\\/yoann-conte.com\\\/mentions-legales\\\/\",\"name\":\"Mention l\u00e9gales - Yoann Conte, un lieu embl\u00e9matique \u00e0 Veyrier-du-lac, o\u00f9 se rencontrent l&#039;\u00e9l\u00e9gance de notre h\u00f4tel 5 \u00e9toiles et la cr\u00e9ativit\u00e9 d\u2019une cuisine gastronomique 2 \u00e9toiles, au c\u0153ur d\u2019un cadre naturel exceptionnel.\",\"isPartOf\":{\"@id\":\"https:\\\/\\\/yoann-conte.com\\\/#website\"},\"datePublished\":\"2024-03-26T14:31:22+00:00\",\"dateModified\":\"2026-03-12T15:05:28+00:00\",\"breadcrumb\":{\"@id\":\"https:\\\/\\\/yoann-conte.com\\\/mentions-legales\\\/#breadcrumb\"},\"inLanguage\":\"en-GB\",\"potentialAction\":[{\"@type\":\"ReadAction\",\"target\":[\"https:\\\/\\\/yoann-conte.com\\\/mentions-legales\\\/\"]}]},{\"@type\":\"BreadcrumbList\",\"@id\":\"https:\\\/\\\/yoann-conte.com\\\/mentions-legales\\\/#breadcrumb\",\"itemListElement\":[{\"@type\":\"ListItem\",\"position\":1,\"name\":\"Accueil\",\"item\":\"https:\\\/\\\/yoann-conte.com\\\/\"},{\"@type\":\"ListItem\",\"position\":2,\"name\":\"Mention l\u00e9gales\"}]},{\"@type\":\"WebSite\",\"@id\":\"https:\\\/\\\/yoann-conte.com\\\/#website\",\"url\":\"https:\\\/\\\/yoann-conte.com\\\/\",\"name\":\"Yoann Conte, un lieu embl\u00e9matique \u00e0 Veyrier-du-lac, o\u00f9 se rencontrent l&#039;\u00e9l\u00e9gance de notre h\u00f4tel 5 \u00e9toiles et la cr\u00e9ativit\u00e9 d\u2019une cuisine gastronomique 2 \u00e9toiles, au c\u0153ur d\u2019un cadre naturel exceptionnel.\",\"description\":\"Restaurant gastronomique \u00e0 Annecy, Yoann Conte\",\"potentialAction\":[{\"@type\":\"SearchAction\",\"target\":{\"@type\":\"EntryPoint\",\"urlTemplate\":\"https:\\\/\\\/yoann-conte.com\\\/?s={search_term_string}\"},\"query-input\":{\"@type\":\"PropertyValueSpecification\",\"valueRequired\":true,\"valueName\":\"search_term_string\"}}],\"inLanguage\":\"en-GB\"}]}<\/script>\n<!-- \/ Yoast SEO plugin. -->","yoast_head_json":{"title":"Mention l\u00e9gales - Yoann Conte, un lieu embl\u00e9matique \u00e0 Veyrier-du-lac, o\u00f9 se rencontrent l&#039;\u00e9l\u00e9gance de notre h\u00f4tel 5 \u00e9toiles et la cr\u00e9ativit\u00e9 d\u2019une cuisine gastronomique 2 \u00e9toiles, au c\u0153ur d\u2019un cadre naturel exceptionnel.","robots":{"index":"index","follow":"follow","max-snippet":"max-snippet:-1","max-image-preview":"max-image-preview:large","max-video-preview":"max-video-preview:-1"},"canonical":"https:\/\/yoann-conte.com\/en\/mentions-legales\/","og_locale":"en_GB","og_type":"article","og_title":"Mention l\u00e9gales - Yoann Conte, un lieu embl\u00e9matique \u00e0 Veyrier-du-lac, o\u00f9 se rencontrent l&#039;\u00e9l\u00e9gance de notre h\u00f4tel 5 \u00e9toiles et la cr\u00e9ativit\u00e9 d\u2019une cuisine gastronomique 2 \u00e9toiles, au c\u0153ur d\u2019un cadre naturel exceptionnel.","og_url":"https:\/\/yoann-conte.com\/en\/mentions-legales\/","og_site_name":"Yoann Conte, un lieu embl\u00e9matique \u00e0 Veyrier-du-lac, o\u00f9 se rencontrent l&#039;\u00e9l\u00e9gance de notre h\u00f4tel 5 \u00e9toiles et la cr\u00e9ativit\u00e9 d\u2019une cuisine gastronomique 2 \u00e9toiles, au c\u0153ur d\u2019un cadre naturel exceptionnel.","article_modified_time":"2026-03-12T15:05:28+00:00","twitter_card":"summary_large_image","twitter_misc":{"Estimated reading time":"7 minutes"},"schema":{"@context":"https:\/\/schema.org","@graph":[{"@type":"WebPage","@id":"https:\/\/yoann-conte.com\/mentions-legales\/","url":"https:\/\/yoann-conte.com\/mentions-legales\/","name":"Mention l\u00e9gales - Yoann Conte, un lieu embl\u00e9matique \u00e0 Veyrier-du-lac, o\u00f9 se rencontrent l&#039;\u00e9l\u00e9gance de notre h\u00f4tel 5 \u00e9toiles et la cr\u00e9ativit\u00e9 d\u2019une cuisine gastronomique 2 \u00e9toiles, au c\u0153ur d\u2019un cadre naturel exceptionnel.","isPartOf":{"@id":"https:\/\/yoann-conte.com\/#website"},"datePublished":"2024-03-26T14:31:22+00:00","dateModified":"2026-03-12T15:05:28+00:00","breadcrumb":{"@id":"https:\/\/yoann-conte.com\/mentions-legales\/#breadcrumb"},"inLanguage":"en-GB","potentialAction":[{"@type":"ReadAction","target":["https:\/\/yoann-conte.com\/mentions-legales\/"]}]},{"@type":"BreadcrumbList","@id":"https:\/\/yoann-conte.com\/mentions-legales\/#breadcrumb","itemListElement":[{"@type":"ListItem","position":1,"name":"Accueil","item":"https:\/\/yoann-conte.com\/"},{"@type":"ListItem","position":2,"name":"Mention l\u00e9gales"}]},{"@type":"WebSite","@id":"https:\/\/yoann-conte.com\/#website","url":"https:\/\/yoann-conte.com\/","name":"Yoann Conte, un lieu embl\u00e9matique \u00e0 Veyrier-du-lac, o\u00f9 se rencontrent l&#039;\u00e9l\u00e9gance de notre h\u00f4tel 5 \u00e9toiles et la cr\u00e9ativit\u00e9 d\u2019une cuisine gastronomique 2 \u00e9toiles, au c\u0153ur d\u2019un cadre naturel exceptionnel.","description":"Gastronomic restaurant in Annecy, Yoann Conte","potentialAction":[{"@type":"SearchAction","target":{"@type":"EntryPoint","urlTemplate":"https:\/\/yoann-conte.com\/?s={search_term_string}"},"query-input":{"@type":"PropertyValueSpecification","valueRequired":true,"valueName":"search_term_string"}}],"inLanguage":"en-GB"}]}},"_links":{"self":[{"href":"https:\/\/yoann-conte.com\/en\/wp-json\/wp\/v2\/pages\/31733","targetHints":{"allow":["GET"]}}],"collection":[{"href":"https:\/\/yoann-conte.com\/en\/wp-json\/wp\/v2\/pages"}],"about":[{"href":"https:\/\/yoann-conte.com\/en\/wp-json\/wp\/v2\/types\/page"}],"author":[{"embeddable":true,"href":"https:\/\/yoann-conte.com\/en\/wp-json\/wp\/v2\/users\/1"}],"replies":[{"embeddable":true,"href":"https:\/\/yoann-conte.com\/en\/wp-json\/wp\/v2\/comments?post=31733"}],"version-history":[{"count":4,"href":"https:\/\/yoann-conte.com\/en\/wp-json\/wp\/v2\/pages\/31733\/revisions"}],"predecessor-version":[{"id":35333,"href":"https:\/\/yoann-conte.com\/en\/wp-json\/wp\/v2\/pages\/31733\/revisions\/35333"}],"wp:attachment":[{"href":"https:\/\/yoann-conte.com\/en\/wp-json\/wp\/v2\/media?parent=31733"}],"curies":[{"name":"wp","href":"https:\/\/api.w.org\/{rel}","templated":true}]}}