{"id":30291,"date":"2024-03-04T14:50:30","date_gmt":"2024-03-04T13:50:30","guid":{"rendered":"https:\/\/yoann-conte.com\/?page_id=30291"},"modified":"2026-03-13T18:25:16","modified_gmt":"2026-03-13T17:25:16","slug":"recrutement","status":"publish","type":"page","link":"https:\/\/yoann-conte.com\/en\/recrutement\/","title":{"rendered":"Recruitment"},"content":{"rendered":"<div class=\"wpb-content-wrapper\"><div data-vc-full-width=\"true\" data-vc-full-width-init=\"false\" class=\"vc_row wpb_row vc_row-fluid vc_custom_1741785594510 vc_row-o-equal-height vc_row-flex mpc-row\" data-row-id=\"mpc_row-8269e8758d9386c\"><div class=\"mpc-parallax-wrap\"><div class=\"mpc-parallax mpc-parallax-style--fixed\"><\/div><\/div><div class=\"mpc-overlay mpc-overlay--first\" data-speed=\"25\"><\/div><div class=\"wpb_column vc_column_container vc_col-sm-12 mpc-column\" data-column-id=\"mpc_column-6569e8758d93724\"><div class=\"vc_column-inner\"><div class=\"wpb_wrapper\"><div class=\"vc_empty_space\" style=\"height: 300px\"><span class=\"vc_empty_space_inner\"><\/span><\/div><div class=\"vc_row wpb_row vc_inner vc_row-fluid mpc-row\"><div class=\"wpb_column vc_column_container vc_col-sm-2 mpc-column\" data-column-id=\"mpc_column-2269e8758d91792\"><div class=\"vc_column-inner\"><div class=\"wpb_wrapper\"><\/div><\/div><\/div><div class=\"wpb_column vc_column_container vc_col-sm-8 mpc-column\" data-column-id=\"mpc_column-9469e8758d91a76\"><div class=\"vc_column-inner\"><div class=\"wpb_wrapper\">\n\t<div class=\"wpb_text_column wpb_content_element\">\n\t\t<div class=\"wpb_wrapper\">\n\t\t\t<h2 style=\"text-align: center;\"><span style=\"font-size: 36pt; color: #f5f5f5; font-family: porter;\"><strong>RECRUITMENT<\/strong><\/span><\/h2>\n\n\t\t<\/div>\n\t<\/div>\n<\/div><\/div><\/div><div class=\"wpb_column vc_column_container vc_col-sm-2 mpc-column\" data-column-id=\"mpc_column-269e8758d91ba2\"><div class=\"vc_column-inner\"><div class=\"wpb_wrapper\"><\/div><\/div><\/div><\/div><div class=\"vc_empty_space\" style=\"height: 300px\"><span class=\"vc_empty_space_inner\"><\/span><\/div><div class=\"vc_row wpb_row vc_inner vc_row-fluid mpc-row\"><div class=\"wpb_column vc_column_container vc_col-sm-1\/5 mpc-column\" data-column-id=\"mpc_column-8769e8758d91f81\"><div class=\"vc_column-inner\"><div class=\"wpb_wrapper\"><\/div><\/div><\/div><div class=\"wpb_column vc_column_container vc_col-sm-1\/5 mpc-column\" data-column-id=\"mpc_column-3169e8758d92089\"><div class=\"vc_column-inner\"><div class=\"wpb_wrapper\"><\/div><\/div><\/div><div class=\"wpb_column vc_column_container vc_col-sm-1\/5 mpc-column\" data-column-id=\"mpc_column-3169e8758d93290\"><div class=\"vc_column-inner\"><div class=\"wpb_wrapper\">\n\t<div class=\"wpb_single_image wpb_content_element vc_align_center wpb_content_element vc_custom_1741786052893\">\n\t\t\n\t\t<figure class=\"wpb_wrapper vc_figure\">\n\t\t\t<div class=\"vc_single_image-wrapper   vc_box_border_grey\"><img loading=\"lazy\" decoding=\"async\" width=\"200\" height=\"100\" src=\"https:\/\/yoann-conte.com\/wp-content\/uploads\/2024\/03\/lignes-sites1.png\" class=\"vc_single_image-img attachment-full\" alt=\"\" title=\"site lines(1)\" srcset=\"https:\/\/yoann-conte.com\/wp-content\/uploads\/2024\/03\/lignes-sites1.png 200w, https:\/\/yoann-conte.com\/wp-content\/uploads\/2024\/03\/lignes-sites1-24x12.png 24w, https:\/\/yoann-conte.com\/wp-content\/uploads\/2024\/03\/lignes-sites1-36x18.png 36w, https:\/\/yoann-conte.com\/wp-content\/uploads\/2024\/03\/lignes-sites1-48x24.png 48w\" sizes=\"(max-width: 200px) 100vw, 200px\"><\/div>\n\t\t<\/figure>\n\t<\/div>\n<\/div><\/div><\/div><div class=\"wpb_column vc_column_container vc_col-sm-1\/5 mpc-column\" data-column-id=\"mpc_column-1869e8758d933e1\"><div class=\"vc_column-inner\"><div class=\"wpb_wrapper\"><\/div><\/div><\/div><div class=\"wpb_column vc_column_container vc_col-sm-1\/5 mpc-column\" data-column-id=\"mpc_column-8269e8758d934f0\"><div class=\"vc_column-inner\"><div class=\"wpb_wrapper\"><\/div><\/div><\/div><\/div><\/div><\/div><\/div><\/div><div class=\"vc_row-full-width vc_clearfix\"><\/div><div class=\"vc_row wpb_row vc_row-fluid vc_row-o-equal-height vc_row-flex mpc-row\"><div class=\"wpb_column vc_column_container vc_col-sm-12 mpc-column\" data-column-id=\"mpc_column-10069e8758da0442\"><div class=\"vc_column-inner\"><div class=\"wpb_wrapper\"><div class=\"vc_empty_space\" style=\"height: 70px\"><span class=\"vc_empty_space_inner\"><\/span><\/div><div class=\"vc_row wpb_row vc_inner vc_row-fluid mpc-row\"><div class=\"wpb_column vc_column_container vc_col-sm-2 mpc-column\" data-column-id=\"mpc_column-4669e8758d94741\"><div class=\"vc_column-inner\"><div class=\"wpb_wrapper\"><\/div><\/div><\/div><div class=\"wpb_column vc_column_container vc_col-sm-8 mpc-column\" data-column-id=\"mpc_column-3769e8758d94983\"><div class=\"vc_column-inner\"><div class=\"wpb_wrapper\">\n\t<div class=\"wpb_text_column wpb_content_element\">\n\t\t<div class=\"wpb_wrapper\">\n\t\t\t<p style=\"text-align: center;\"><span style=\"font-family: bon-vivant-serif; font-size: 14pt;\">Here, the word \"brigade\" takes on its full meaning. Yoann Conte is at the heart of his team. It's a family, all roped together. If you'd like to join them for a dynamic, inspiring professional experience in the heart of one of the most beautiful landscapes in the world...!<\/span><\/p>\n\n\t\t<\/div>\n\t<\/div>\n<\/div><\/div><\/div><div class=\"wpb_column vc_column_container vc_col-sm-2 mpc-column\" data-column-id=\"mpc_column-4469e8758d94a97\"><div class=\"vc_column-inner\"><div class=\"wpb_wrapper\"><\/div><\/div><\/div><\/div><div class=\"vc_empty_space\" style=\"height: 70px\"><span class=\"vc_empty_space_inner\"><\/span><\/div><div class=\"vc_row wpb_row vc_inner vc_row-fluid mpc-row\"><div class=\"wpb_column vc_column_container vc_col-sm-2 mpc-column\" data-column-id=\"mpc_column-469e8758d94e60\"><div class=\"vc_column-inner\"><div class=\"wpb_wrapper\"><\/div><\/div><\/div><div class=\"wpb_column vc_column_container vc_col-sm-8 mpc-column\" data-column-id=\"mpc_column-4469e8758d9f94d\"><div class=\"vc_column-inner\"><div class=\"wpb_wrapper\">\n\t<div class=\"wpb_text_column wpb_content_element\">\n\t\t<div class=\"wpb_wrapper\">\n\t\t\t<p style=\"text-align: center;\"><\/p><div class=\"pt-cv-wrapper et_smooth_scroll_disabled\"><div class=\"pt-cv-view pt-cv-blockgrid iscvblock iscvhybrid list1 layout1\" id=\"pt-cv-view-a2b0f640jc\"><div data-id=\"pt-cv-page-1\" class=\"pt-cv-page\" data-cvc=\"1\"><div class=\"pt-cv-content-item pt-cv-2-col\"><h2 class=\"pt-cv-title\"><a href=\"https:\/\/yoann-conte.com\/en\/un-charcutier-traiteur-h-f-la-maison-bleue\/\" class=\"_self\" target=\"_self\">Un charcutier\/Traiteur H\/F &ndash; La Maison Bleue<\/a><\/h2>\n<div class=\"pt-cv-content\">Notre maison est &agrave; la recherche d'un(e) charcutier(e)\/traiteur(se) ...<br><div class=\"pt-cv-rmwrap\"><a href=\"https:\/\/yoann-conte.com\/en\/un-charcutier-traiteur-h-f-la-maison-bleue\/\" class=\"_self pt-cv-readmore btn btn-success\" target=\"_self\">Read more...<\/a><\/div><\/div><\/div>\n<div class=\"pt-cv-content-item pt-cv-2-col\"><h2 class=\"pt-cv-title\"><a href=\"https:\/\/yoann-conte.com\/en\/veilleur-de-nuit-la-maison-bleue-h-f\/\" class=\"_self\" target=\"_self\">Veilleur de nuit H\/F &ndash; La Maison Bleue<\/a><\/h2>\n<div class=\"pt-cv-content\">La Maison Bleue is looking for a night watchman (M\/F) ...<br><div class=\"pt-cv-rmwrap\"><a href=\"https:\/\/yoann-conte.com\/en\/veilleur-de-nuit-la-maison-bleue-h-f\/\" class=\"_self pt-cv-readmore btn btn-success\" target=\"_self\">Read more...<\/a><\/div><\/div><\/div>\n<div class=\"pt-cv-content-item pt-cv-2-col\"><h2 class=\"pt-cv-title\"><a href=\"https:\/\/yoann-conte.com\/en\/sous-chef-de-cuisine-le-roc-h-f\/\" class=\"_self\" target=\"_self\">Sous-chef de cuisine H\/F &ndash; Le Roc<\/a><\/h2>\n<div class=\"pt-cv-content\">Le restaurant LE ROC est &agrave; la recherche d'un sous-chef de cuisine (H\/F) ...<br><div class=\"pt-cv-rmwrap\"><a href=\"https:\/\/yoann-conte.com\/en\/sous-chef-de-cuisine-le-roc-h-f\/\" class=\"_self pt-cv-readmore btn btn-success\" target=\"_self\">Read more...<\/a><\/div><\/div><\/div>\n<div class=\"pt-cv-content-item pt-cv-2-col\"><h2 class=\"pt-cv-title\"><a href=\"https:\/\/yoann-conte.com\/en\/barman-h-f\/\" class=\"_self\" target=\"_self\">Barman H\/F &ndash; La Maison Bleue<\/a><\/h2>\n<div class=\"pt-cv-content\">Nous sommes &agrave; la recherche d'un(e) Barman en CDD 42h ...<br><div class=\"pt-cv-rmwrap\"><a href=\"https:\/\/yoann-conte.com\/en\/barman-h-f\/\" class=\"_self pt-cv-readmore btn btn-success\" target=\"_self\">Read more...<\/a><\/div><\/div><\/div>\n<div class=\"pt-cv-content-item pt-cv-2-col\"><h2 class=\"pt-cv-title\"><a href=\"https:\/\/yoann-conte.com\/en\/un-sommelier-la-maison-bleue-h-f\/\" class=\"_self\" target=\"_self\">Un sommelier H\/F &ndash; La Maison Bleue<\/a><\/h2>\n<div class=\"pt-cv-content\">Our house is looking for a sommelier (M\/F)...<br><div class=\"pt-cv-rmwrap\"><a href=\"https:\/\/yoann-conte.com\/en\/un-sommelier-la-maison-bleue-h-f\/\" class=\"_self pt-cv-readmore btn btn-success\" target=\"_self\">Read more...<\/a><\/div><\/div><\/div>\n<div class=\"pt-cv-content-item pt-cv-2-col\"><h2 class=\"pt-cv-title\"><a href=\"https:\/\/yoann-conte.com\/en\/chef-de-rang-la-table-de-yoann-conte-h-f\/\" class=\"_self\" target=\"_self\">Chef de Rang H\/F &ndash; La Table &eacute;toil&eacute;e<\/a><\/h2>\n<div class=\"pt-cv-content\">Our company is looking for a Floor Manager ...<br><div class=\"pt-cv-rmwrap\"><a href=\"https:\/\/yoann-conte.com\/en\/chef-de-rang-la-table-de-yoann-conte-h-f\/\" class=\"_self pt-cv-readmore btn btn-success\" target=\"_self\">Read more...<\/a><\/div><\/div><\/div>\n<div class=\"pt-cv-content-item pt-cv-2-col\"><h2 class=\"pt-cv-title\"><a href=\"https:\/\/yoann-conte.com\/en\/officier-plongeur-la-maison-bleue-h-f\/\" class=\"_self\" target=\"_self\">Officier plongeur H\/F &ndash; La Maison Bleue<\/a><\/h2>\n<div class=\"pt-cv-content\">La Maison Bleue est &agrave; la recherche d'un officier plongeur (H\/F) ...<br><div class=\"pt-cv-rmwrap\"><a href=\"https:\/\/yoann-conte.com\/en\/officier-plongeur-la-maison-bleue-h-f\/\" class=\"_self pt-cv-readmore btn btn-success\" target=\"_self\">Read more...<\/a><\/div><\/div><\/div>\n<div class=\"pt-cv-content-item pt-cv-2-col\"><h2 class=\"pt-cv-title\"><a href=\"https:\/\/yoann-conte.com\/en\/commis-de-salle-la-table-etoilee-et-le-roc-h-f\/\" class=\"_self\" target=\"_self\">Commis de salle H\/F &ndash; La Table &Eacute;toil&eacute;e et Le ROC<\/a><\/h2>\n<div class=\"pt-cv-content\">La Table \u00c9toil\u00e9e and Le ROC are looking for a commis de salle ...<br><div class=\"pt-cv-rmwrap\"><a href=\"https:\/\/yoann-conte.com\/en\/commis-de-salle-la-table-etoilee-et-le-roc-h-f\/\" class=\"_self pt-cv-readmore btn btn-success\" target=\"_self\">Read more...<\/a><\/div><\/div><\/div>\n<div class=\"pt-cv-content-item pt-cv-2-col\"><h2 class=\"pt-cv-title\"><a href=\"https:\/\/yoann-conte.com\/en\/receptionniste-la-maison-bleue\/\" class=\"_self\" target=\"_self\">R&eacute;ceptionniste H\/F &ndash; La Maison Bleue<\/a><\/h2>\n<div class=\"pt-cv-content\">La Maison Bleue is looking for a receptionist ...<br><div class=\"pt-cv-rmwrap\"><a href=\"https:\/\/yoann-conte.com\/en\/receptionniste-la-maison-bleue\/\" class=\"_self pt-cv-readmore btn btn-success\" target=\"_self\">Read more...<\/a><\/div><\/div><\/div>\n<div class=\"pt-cv-content-item pt-cv-2-col\"><h2 class=\"pt-cv-title\"><a href=\"https:\/\/yoann-conte.com\/en\/commis-de-cuisine-h-f-le-roc\/\" class=\"_self\" target=\"_self\">Commis de cuisine H\/F &ndash; Le Roc<\/a><\/h2>\n<div class=\"pt-cv-content\">Le Roc is looking for a kitchen assistant ...<br><div class=\"pt-cv-rmwrap\"><a href=\"https:\/\/yoann-conte.com\/en\/commis-de-cuisine-h-f-le-roc\/\" class=\"_self pt-cv-readmore btn btn-success\" target=\"_self\">Read more...<\/a><\/div><\/div><\/div>\n<div class=\"pt-cv-content-item pt-cv-2-col\"><h2 class=\"pt-cv-title\"><a href=\"https:\/\/yoann-conte.com\/en\/chef-de-partie-cuisine-le-roc-h-f\/\" class=\"_self\" target=\"_self\">Chef de Partie Cuisine H\/F &ndash; Le Roc<\/a><\/h2>\n<div class=\"pt-cv-content\">Le Roc is looking for a Chef de Partie Cuisine ...<br><div class=\"pt-cv-rmwrap\"><a href=\"https:\/\/yoann-conte.com\/en\/chef-de-partie-cuisine-le-roc-h-f\/\" class=\"_self pt-cv-readmore btn btn-success\" target=\"_self\">Read more...<\/a><\/div><\/div><\/div>\n<div class=\"pt-cv-content-item pt-cv-2-col\"><h2 class=\"pt-cv-title\"><a href=\"https:\/\/yoann-conte.com\/en\/valet-femme-de-chambre-h-f\/\" class=\"_self\" target=\"_self\">Valet or chambermaid - La Maison Bleue<\/a><\/h2>\n<div class=\"pt-cv-content\">La Maison Bleue is looking for a maid or valet: ...<br><div class=\"pt-cv-rmwrap\"><a href=\"https:\/\/yoann-conte.com\/en\/valet-femme-de-chambre-h-f\/\" class=\"_self pt-cv-readmore btn btn-success\" target=\"_self\">Read more...<\/a><\/div><\/div><\/div>\n<div class=\"pt-cv-content-item pt-cv-2-col\"><h2 class=\"pt-cv-title\"><a href=\"https:\/\/yoann-conte.com\/en\/un-jardinier-h-f-la-maison-bleue\/\" class=\"_self\" target=\"_self\">Un jardinier H\/F &ndash; La Maison Bleue<\/a><\/h2>\n<div class=\"pt-cv-content\">Our company is looking for a gardener ...<br><div class=\"pt-cv-rmwrap\"><a href=\"https:\/\/yoann-conte.com\/en\/un-jardinier-h-f-la-maison-bleue\/\" class=\"_self pt-cv-readmore btn btn-success\" target=\"_self\">Read more...<\/a><\/div><\/div><\/div>\n<div class=\"pt-cv-content-item pt-cv-2-col\"><h2 class=\"pt-cv-title\"><a href=\"https:\/\/yoann-conte.com\/en\/chef-de-partie-cuisine-la-table-h-f\/\" class=\"_self\" target=\"_self\">Chef de Partie Cuisine H\/F &ndash; La Table<\/a><\/h2>\n<div class=\"pt-cv-content\">La Table is looking for a Chef de Partie Cuisine ...<br><div class=\"pt-cv-rmwrap\"><a href=\"https:\/\/yoann-conte.com\/en\/chef-de-partie-cuisine-la-table-h-f\/\" class=\"_self pt-cv-readmore btn btn-success\" target=\"_self\">Read more...<\/a><\/div><\/div><\/div>\n<div class=\"pt-cv-content-item pt-cv-2-col\"><h2 class=\"pt-cv-title\"><a href=\"https:\/\/yoann-conte.com\/en\/commis-de-cuisine-la-table-h-f\/\" class=\"_self\" target=\"_self\">Commis de cuisine H\/F &ndash; La Table<\/a><\/h2>\n<div class=\"pt-cv-content\">La Table is looking for a kitchen commis ...<br><div class=\"pt-cv-rmwrap\"><a href=\"https:\/\/yoann-conte.com\/en\/commis-de-cuisine-la-table-h-f\/\" class=\"_self pt-cv-readmore btn btn-success\" target=\"_self\">Read more...<\/a><\/div><\/div><\/div><\/div><\/div><\/div>\t\t\t<style type=\"text\/css\" id=\"pt-cv-inline-style-029e2c0f2l\">\n#pt-cv-view-a2b0f640jc .pt-cv-thumb-wrapper:not(.miniwrap) { width: 40%; }#pt-cv-view-a2b0f640jc .pt-cv-thumbnail:not(.pt-cv-thumbnailsm) { height: 300px; }#pt-cv-view-a2b0f640jc > .pt-cv-page {grid-template-columns: repeat(1, 1fr);grid-gap: 30px;}\n@media all and (max-width: 1024px) { \n#pt-cv-view-a2b0f640jc > .pt-cv-page {grid-template-columns: repeat(1, 1fr);}\n} \n@media all and (max-width: 767px) { \n#pt-cv-view-a2b0f640jc > .pt-cv-page {grid-template-columns: repeat(1, 1fr);}\n} <\/style>\r\n\t\t\t\n\n\t\t<\/div>\n\t<\/div>\n<\/div><\/div><\/div><div class=\"wpb_column vc_column_container vc_col-sm-2 mpc-column\" data-column-id=\"mpc_column-2169e8758d9fc13\"><div class=\"vc_column-inner\"><div class=\"wpb_wrapper\"><\/div><\/div><\/div><\/div><div class=\"vc_empty_space\" style=\"height: 70px\"><span class=\"vc_empty_space_inner\"><\/span><\/div><\/div><\/div><\/div><\/div>\n<\/div>","protected":false},"excerpt":{"rendered":"RECRUTEMENT Ici le mot brigade prend tout son sens. Yoann Conte est au c&oelig;ur de son &eacute;quipe. C&rsquo;est une famille, tous encord&eacute;s les uns aux autres. Si vous avez envie de vivre avec eux une exp&eacute;rience professionnelle dynamisante, inspirante au c&oelig;ur de l&rsquo;un des plus beaux paysages qui soit&hellip; ! Un charcutier\/Traiteur H\/F &ndash; La","protected":false},"author":1,"featured_media":0,"parent":0,"menu_order":0,"comment_status":"closed","ping_status":"closed","template":"","meta":{"_et_pb_use_builder":"","_et_pb_old_content":"","_et_gb_content_width":"","inline_featured_image":false,"footnotes":""},"class_list":["post-30291","page","type-page","status-publish","hentry"],"yoast_head":"<!-- This site is optimized with the Yoast SEO plugin v27.4 - https:\/\/yoast.com\/product\/yoast-seo-wordpress\/ -->\n<title>Recrutement - Yoann Conte, un lieu embl\u00e9matique \u00e0 Veyrier-du-lac, o\u00f9 se rencontrent l&#039;\u00e9l\u00e9gance de notre h\u00f4tel 5 \u00e9toiles et la cr\u00e9ativit\u00e9 d\u2019une cuisine gastronomique 2 \u00e9toiles, au c\u0153ur d\u2019un cadre naturel exceptionnel.<\/title>\n<meta name=\"robots\" content=\"index, follow, max-snippet:-1, max-image-preview:large, max-video-preview:-1\" \/>\n<link rel=\"canonical\" href=\"https:\/\/yoann-conte.com\/en\/recrutement\/\" \/>\n<meta property=\"og:locale\" content=\"en_GB\" \/>\n<meta property=\"og:type\" content=\"article\" \/>\n<meta property=\"og:title\" content=\"Recrutement - Yoann Conte, un lieu embl\u00e9matique \u00e0 Veyrier-du-lac, o\u00f9 se rencontrent l&#039;\u00e9l\u00e9gance de notre h\u00f4tel 5 \u00e9toiles et la cr\u00e9ativit\u00e9 d\u2019une cuisine gastronomique 2 \u00e9toiles, au c\u0153ur d\u2019un cadre naturel exceptionnel.\" \/>\n<meta property=\"og:url\" content=\"https:\/\/yoann-conte.com\/en\/recrutement\/\" \/>\n<meta property=\"og:site_name\" content=\"Yoann Conte, un lieu embl\u00e9matique \u00e0 Veyrier-du-lac, o\u00f9 se rencontrent l&#039;\u00e9l\u00e9gance de notre h\u00f4tel 5 \u00e9toiles et la cr\u00e9ativit\u00e9 d\u2019une cuisine gastronomique 2 \u00e9toiles, au c\u0153ur d\u2019un cadre naturel exceptionnel.\" \/>\n<meta property=\"article:modified_time\" content=\"2026-03-13T17:25:16+00:00\" \/>\n<meta name=\"twitter:card\" content=\"summary_large_image\" \/>\n<meta name=\"twitter:label1\" content=\"Estimated reading time\" \/>\n\t<meta name=\"twitter:data1\" content=\"1 minute\" \/>\n<script type=\"application\/ld+json\" class=\"yoast-schema-graph\">{\"@context\":\"https:\\\/\\\/schema.org\",\"@graph\":[{\"@type\":\"WebPage\",\"@id\":\"https:\\\/\\\/yoann-conte.com\\\/recrutement\\\/\",\"url\":\"https:\\\/\\\/yoann-conte.com\\\/recrutement\\\/\",\"name\":\"Recrutement - Yoann Conte, un lieu embl\u00e9matique \u00e0 Veyrier-du-lac, o\u00f9 se rencontrent l&#039;\u00e9l\u00e9gance de notre h\u00f4tel 5 \u00e9toiles et la cr\u00e9ativit\u00e9 d\u2019une cuisine gastronomique 2 \u00e9toiles, au c\u0153ur d\u2019un cadre naturel exceptionnel.\",\"isPartOf\":{\"@id\":\"https:\\\/\\\/yoann-conte.com\\\/#website\"},\"datePublished\":\"2024-03-04T13:50:30+00:00\",\"dateModified\":\"2026-03-13T17:25:16+00:00\",\"breadcrumb\":{\"@id\":\"https:\\\/\\\/yoann-conte.com\\\/recrutement\\\/#breadcrumb\"},\"inLanguage\":\"en-GB\",\"potentialAction\":[{\"@type\":\"ReadAction\",\"target\":[\"https:\\\/\\\/yoann-conte.com\\\/recrutement\\\/\"]}]},{\"@type\":\"BreadcrumbList\",\"@id\":\"https:\\\/\\\/yoann-conte.com\\\/recrutement\\\/#breadcrumb\",\"itemListElement\":[{\"@type\":\"ListItem\",\"position\":1,\"name\":\"Accueil\",\"item\":\"https:\\\/\\\/yoann-conte.com\\\/\"},{\"@type\":\"ListItem\",\"position\":2,\"name\":\"Recrutement\"}]},{\"@type\":\"WebSite\",\"@id\":\"https:\\\/\\\/yoann-conte.com\\\/#website\",\"url\":\"https:\\\/\\\/yoann-conte.com\\\/\",\"name\":\"Yoann Conte, un lieu embl\u00e9matique \u00e0 Veyrier-du-lac, o\u00f9 se rencontrent l&#039;\u00e9l\u00e9gance de notre h\u00f4tel 5 \u00e9toiles et la cr\u00e9ativit\u00e9 d\u2019une cuisine gastronomique 2 \u00e9toiles, au c\u0153ur d\u2019un cadre naturel exceptionnel.\",\"description\":\"Restaurant gastronomique \u00e0 Annecy, Yoann Conte\",\"potentialAction\":[{\"@type\":\"SearchAction\",\"target\":{\"@type\":\"EntryPoint\",\"urlTemplate\":\"https:\\\/\\\/yoann-conte.com\\\/?s={search_term_string}\"},\"query-input\":{\"@type\":\"PropertyValueSpecification\",\"valueRequired\":true,\"valueName\":\"search_term_string\"}}],\"inLanguage\":\"en-GB\"}]}<\/script>\n<!-- \/ Yoast SEO plugin. -->","yoast_head_json":{"title":"Recrutement - Yoann Conte, un lieu embl\u00e9matique \u00e0 Veyrier-du-lac, o\u00f9 se rencontrent l&#039;\u00e9l\u00e9gance de notre h\u00f4tel 5 \u00e9toiles et la cr\u00e9ativit\u00e9 d\u2019une cuisine gastronomique 2 \u00e9toiles, au c\u0153ur d\u2019un cadre naturel exceptionnel.","robots":{"index":"index","follow":"follow","max-snippet":"max-snippet:-1","max-image-preview":"max-image-preview:large","max-video-preview":"max-video-preview:-1"},"canonical":"https:\/\/yoann-conte.com\/en\/recrutement\/","og_locale":"en_GB","og_type":"article","og_title":"Recrutement - Yoann Conte, un lieu embl\u00e9matique \u00e0 Veyrier-du-lac, o\u00f9 se rencontrent l&#039;\u00e9l\u00e9gance de notre h\u00f4tel 5 \u00e9toiles et la cr\u00e9ativit\u00e9 d\u2019une cuisine gastronomique 2 \u00e9toiles, au c\u0153ur d\u2019un cadre naturel exceptionnel.","og_url":"https:\/\/yoann-conte.com\/en\/recrutement\/","og_site_name":"Yoann Conte, un lieu embl\u00e9matique \u00e0 Veyrier-du-lac, o\u00f9 se rencontrent l&#039;\u00e9l\u00e9gance de notre h\u00f4tel 5 \u00e9toiles et la cr\u00e9ativit\u00e9 d\u2019une cuisine gastronomique 2 \u00e9toiles, au c\u0153ur d\u2019un cadre naturel exceptionnel.","article_modified_time":"2026-03-13T17:25:16+00:00","twitter_card":"summary_large_image","twitter_misc":{"Estimated reading time":"1 minute"},"schema":{"@context":"https:\/\/schema.org","@graph":[{"@type":"WebPage","@id":"https:\/\/yoann-conte.com\/recrutement\/","url":"https:\/\/yoann-conte.com\/recrutement\/","name":"Recrutement - Yoann Conte, un lieu embl\u00e9matique \u00e0 Veyrier-du-lac, o\u00f9 se rencontrent l&#039;\u00e9l\u00e9gance de notre h\u00f4tel 5 \u00e9toiles et la cr\u00e9ativit\u00e9 d\u2019une cuisine gastronomique 2 \u00e9toiles, au c\u0153ur d\u2019un cadre naturel exceptionnel.","isPartOf":{"@id":"https:\/\/yoann-conte.com\/#website"},"datePublished":"2024-03-04T13:50:30+00:00","dateModified":"2026-03-13T17:25:16+00:00","breadcrumb":{"@id":"https:\/\/yoann-conte.com\/recrutement\/#breadcrumb"},"inLanguage":"en-GB","potentialAction":[{"@type":"ReadAction","target":["https:\/\/yoann-conte.com\/recrutement\/"]}]},{"@type":"BreadcrumbList","@id":"https:\/\/yoann-conte.com\/recrutement\/#breadcrumb","itemListElement":[{"@type":"ListItem","position":1,"name":"Accueil","item":"https:\/\/yoann-conte.com\/"},{"@type":"ListItem","position":2,"name":"Recrutement"}]},{"@type":"WebSite","@id":"https:\/\/yoann-conte.com\/#website","url":"https:\/\/yoann-conte.com\/","name":"Yoann Conte, un lieu embl\u00e9matique \u00e0 Veyrier-du-lac, o\u00f9 se rencontrent l&#039;\u00e9l\u00e9gance de notre h\u00f4tel 5 \u00e9toiles et la cr\u00e9ativit\u00e9 d\u2019une cuisine gastronomique 2 \u00e9toiles, au c\u0153ur d\u2019un cadre naturel exceptionnel.","description":"Gastronomic restaurant in Annecy, Yoann Conte","potentialAction":[{"@type":"SearchAction","target":{"@type":"EntryPoint","urlTemplate":"https:\/\/yoann-conte.com\/?s={search_term_string}"},"query-input":{"@type":"PropertyValueSpecification","valueRequired":true,"valueName":"search_term_string"}}],"inLanguage":"en-GB"}]}},"_links":{"self":[{"href":"https:\/\/yoann-conte.com\/en\/wp-json\/wp\/v2\/pages\/30291","targetHints":{"allow":["GET"]}}],"collection":[{"href":"https:\/\/yoann-conte.com\/en\/wp-json\/wp\/v2\/pages"}],"about":[{"href":"https:\/\/yoann-conte.com\/en\/wp-json\/wp\/v2\/types\/page"}],"author":[{"embeddable":true,"href":"https:\/\/yoann-conte.com\/en\/wp-json\/wp\/v2\/users\/1"}],"replies":[{"embeddable":true,"href":"https:\/\/yoann-conte.com\/en\/wp-json\/wp\/v2\/comments?post=30291"}],"version-history":[{"count":1,"href":"https:\/\/yoann-conte.com\/en\/wp-json\/wp\/v2\/pages\/30291\/revisions"}],"predecessor-version":[{"id":35373,"href":"https:\/\/yoann-conte.com\/en\/wp-json\/wp\/v2\/pages\/30291\/revisions\/35373"}],"wp:attachment":[{"href":"https:\/\/yoann-conte.com\/en\/wp-json\/wp\/v2\/media?parent=30291"}],"curies":[{"name":"wp","href":"https:\/\/api.w.org\/{rel}","templated":true}]}}